{"id":256891,"date":"2024-04-19T16:09:01","date_gmt":"2024-04-19T19:09:01","guid":{"rendered":"https:\/\/bracis.sbc.org.br\/2024\/?page_id=256891"},"modified":"2024-10-21T16:52:19","modified_gmt":"2024-10-21T19:52:19","slug":"venue","status":"publish","type":"page","link":"https:\/\/bracis.sbc.org.br\/2024\/venue\/","title":{"rendered":"Venue"},"content":{"rendered":"<p>[et_pb_section fb_built=&#8221;1&#8243; padding_top_bottom_link_2=&#8221;false&#8221; padding_left_right_link_2=&#8221;false&#8221; _builder_version=&#8221;4.25.0&#8243; _module_preset=&#8221;default&#8221; background_color=&#8221;gcid-1d86a217-8a0f-44b9-b3c2-cb04696d0f7f&#8221; overflow-x=&#8221;hidden&#8221; overflow-y=&#8221;hidden&#8221; custom_margin=&#8221;||0px||false|false&#8221; custom_padding=&#8221;4vw||3vw||false|false&#8221; locked=&#8221;off&#8221; global_colors_info=&#8221;{%22gcid-1d86a217-8a0f-44b9-b3c2-cb04696d0f7f%22:%91%22background_color%22%93}&#8221;][et_pb_row column_structure=&#8221;2_3,1_3&#8243; _builder_version=&#8221;4.25.0&#8243; _module_preset=&#8221;default&#8221; custom_margin=&#8221;||0px||false|false&#8221; custom_padding=&#8221;||0px||false|false&#8221; locked=&#8221;off&#8221; global_colors_info=&#8221;{}&#8221;][et_pb_column type=&#8221;2_3&#8243; _builder_version=&#8221;4.22.0&#8243; _module_preset=&#8221;default&#8221; global_colors_info=&#8221;{}&#8221;][et_pb_text _builder_version=&#8221;4.25.0&#8243; _module_preset=&#8221;6f8c47c6-2aa4-4f59-993d-d5e8713d11a8&#8243; header_text_color=&#8221;gcid-b0afb9e7-00cb-4a3b-9bdf-e3137e7083ae&#8221; header_font_size=&#8221;50px&#8221; custom_margin=&#8221;||0px||false|false&#8221; custom_padding=&#8221;||0px||false|false&#8221; global_colors_info=&#8221;{%22gcid-b0afb9e7-00cb-4a3b-9bdf-e3137e7083ae%22:%91%22header_text_color%22%93}&#8221;]<\/p>\n<h1><span>Venue<\/span><\/h1>\n<p>[\/et_pb_text][dsm_business_hours _builder_version=&#8221;4.25.0&#8243; _module_preset=&#8221;default&#8221; global_colors_info=&#8221;{}&#8221;][\/dsm_business_hours][\/et_pb_column][et_pb_column type=&#8221;1_3&#8243; _builder_version=&#8221;4.25.0&#8243; _module_preset=&#8221;default&#8221; global_colors_info=&#8221;{}&#8221;][et_pb_image src=&#8221;https:\/\/bracis.sbc.org.br\/2024\/wp-content\/uploads\/2024\/05\/financial-planning-20.png&#8221; title_text=&#8221;financial-planning-20&#8243; _builder_version=&#8221;4.25.0&#8243; _module_preset=&#8221;default&#8221; positioning=&#8221;absolute&#8221; position_origin_a=&#8221;center_left&#8221; custom_margin=&#8221;0px|-30%|0px||false|false&#8221; custom_margin_tablet=&#8221;|0%||0%|false|true&#8221; custom_margin_phone=&#8221;|0%||0%|false|true&#8221; custom_margin_last_edited=&#8221;on|tablet&#8221; custom_padding=&#8221;0px||0px||false|false&#8221; locked=&#8221;off&#8221; global_colors_info=&#8221;{}&#8221;][\/et_pb_image][\/et_pb_column][\/et_pb_row][\/et_pb_section][et_pb_section fb_built=&#8221;1&#8243; bg_img_2=&#8221;https:\/\/bracis.sbc.org.br\/2024\/wp-content\/uploads\/2024\/04\/business-05.jpg&#8221; admin_label=&#8221;About&#8221; _builder_version=&#8221;4.16&#8243; background_image=&#8221;https:\/\/bracis.sbc.org.br\/2024\/wp-content\/uploads\/2024\/04\/investing-15.jpg&#8221; background_size=&#8221;initial&#8221; background_position=&#8221;top_center&#8221; locked=&#8221;off&#8221; global_colors_info=&#8221;{}&#8221;][et_pb_row use_custom_gutter=&#8221;on&#8221; gutter_width=&#8221;2&#8243; _builder_version=&#8221;4.27.0&#8243; custom_margin=&#8221;0px||||false|false&#8221; custom_padding=&#8221;0px||||false|false&#8221; global_colors_info=&#8221;{}&#8221;][et_pb_column type=&#8221;4_4&#8243; _builder_version=&#8221;4.16&#8243; custom_padding=&#8221;|||&#8221; global_colors_info=&#8221;{}&#8221; custom_padding__hover=&#8221;|||&#8221;][et_pb_image src=&#8221;https:\/\/bracis.sbc.org.br\/2024\/wp-content\/uploads\/2024\/05\/ufpa2.png&#8221; title_text=&#8221;ufpa2&#8243; _builder_version=&#8221;4.27.0&#8243; _module_preset=&#8221;default&#8221; custom_padding=&#8221;|0px||||&#8221; global_colors_info=&#8221;{}&#8221;][\/et_pb_image][et_pb_text _builder_version=&#8221;4.16&#8243; text_font=&#8221;||||||||&#8221; text_font_size=&#8221;15px&#8221; text_line_height=&#8221;2em&#8221; header_2_font=&#8221;Glegoo||||||||&#8221; header_2_font_size=&#8221;40px&#8221; header_2_line_height=&#8221;1.4em&#8221; header_4_font=&#8221;|700||on|||||&#8221; header_4_text_color=&#8221;#1d48c0&#8243; header_4_font_size=&#8221;16px&#8221; header_4_letter_spacing=&#8221;2px&#8221; header_4_line_height=&#8221;1.6em&#8221; header_2_font_size_tablet=&#8221;30px&#8221; header_2_font_size_phone=&#8221;22px&#8221; header_2_font_size_last_edited=&#8221;on|phone&#8221; header_4_font_size_tablet=&#8221;&#8221; header_4_font_size_phone=&#8221;14px&#8221; header_4_font_size_last_edited=&#8221;on|phone&#8221; locked=&#8221;off&#8221; global_colors_info=&#8221;{}&#8221;]<\/p>\n<h3>UFPA &#8211; Federal University of Par\u00e1<\/h3>\n<p>As a multi-campus institution , UFPA has contributed to the development of all the mesoregions of the state of Par\u00e1 and gave rise to three new federal universities, through the separation of its campuses in Santar\u00e9m (Federal University of Western Par\u00e1), Marab\u00e1 (Federal University of Southern and Southeastern Par\u00e1) and Macap\u00e1 (Federal University of Amap\u00e1), in addition to having contributed to the formation of the Federal University of Rond\u00f4nia. Currently, there are twelve campuses , installed in Abaetetuba, Altamira, Ananindeua, Bel\u00e9m, Bragan\u00e7a, Breves, Camet\u00e1, Capanema, Castanhal, Salin\u00f3polis, Soure and Tucuru\u00ed.<\/p>\n<p>With a staff of 2,997 teachers and 2,458 technicians, UFPA offers 154 undergraduate courses (in-person or distance learning) in 82 municipalities in Par\u00e1. It has a population of over 50,000 undergraduate, graduate, and basic, technical, and technological education students. It houses the Application School, the Music School, and the Theater and Dance School, as well as 2 University Hospitals, a veterinary hospital, several clinics and laboratories, a Theater, a Museum, an Art Gallery, and numerous community service facilities.<\/p>\n<p>Through outreach, it interacts with a range of organizations and social groups, directly contributing to the transformation of the social reality of the Amazon, based on the knowledge produced in its environments. The stricto sensu postgraduate program, which began in 1973 with the creation of the Master&#8217;s and Doctorate Course in Geophysics, currently offers 55 doctorate courses and 100 master&#8217;s courses, with great national and international recognition. In the lato sensu , UFPA offers 28 Medical Residency courses, Multiprofessional or Single-professional, in addition to Specialization courses. These courses serve a contingent of approximately 10 thousand students.<\/p>\n<p>[\/et_pb_text][\/et_pb_column][\/et_pb_row][\/et_pb_section][et_pb_section fb_built=&#8221;1&#8243; admin_label=&#8221;Sponsors&#8221; _builder_version=&#8221;4.27.2&#8243; _module_preset=&#8221;default&#8221; display_conditions=&#8221;W3siaWQiOiI1OTNjNzg1YS1mZjNlLTQwNDktOTMwNC1lN2VkYTEwOTdkNTkiLCJjb25kaXRpb24iOiJwYWdlIiwiY29uZGl0aW9uU2V0dGluZ3MiOnsiZGlzcGxheVJ1bGUiOiJpc05vdCIsImR5bmFtaWNQb3N0cyI6W3sibGFiZWwiOiJFTklBQy1QVC1CUiIsInZhbHVlIjoiMjU3ODEzIn0seyJsYWJlbCI6IkJSQUNJUy1QVC1CUiIsInZhbHVlIjoiMjU3ODA1In0seyJsYWJlbCI6IktETUlMRS1QVC1CUiIsInZhbHVlIjoiMjU3Nzg2In0seyJsYWJlbCI6IlByb2dyYW1hIHByaW5jaXBhbCIsInZhbHVlIjoiMjU3MzU5In0seyJsYWJlbCI6IlBhdHJvY2luYWRvcmVzIiwidmFsdWUiOiIyNTczNTEifSx7ImxhYmVsIjoiQVBPSU8gQU9TIEFMVU5PUyIsInZhbHVlIjoiMjU3MzQ4In0seyJsYWJlbCI6Ik9yZ2FuaXphw6fDo28iLCJ2YWx1ZSI6IjI1NzM0NSJ9LHsibGFiZWwiOiJJbnN0cnXDp8O1ZXMgZGUgQXByZXNlbnRhw6fDo28iLCJ2YWx1ZSI6IjI1NzM0MiJ9LHsibGFiZWwiOiJFdmVudG9zIiwidmFsdWUiOiIyNTczMzkifSx7ImxhYmVsIjoiU29icmUgYSBCUkFDSVMiLCJ2YWx1ZSI6IjI1NzMzNiJ9LHsibGFiZWwiOiJQYWxlc3RyYW50ZXMiLCJ2YWx1ZSI6IjI1NzMzMyJ9LHsibGFiZWwiOiJNZWxob3IgQXJ0aWdvIiwidmFsdWUiOiIyNTczMzAifSx7ImxhYmVsIjoiUHJvZ3JhbWEiLCJ2YWx1ZSI6IjI1NzMyNyJ9LHsibGFiZWwiOiJQcm9jZWRpbWVudG9zIiwidmFsdWUiOiIyNTczMjQifSx7ImxhYmVsIjoiQ2hhbWFkYSBkZSBBcnRpZ29zIiwidmFsdWUiOiIyNTczMjEifSx7ImxhYmVsIjoiUHJpbmNpcGFsIiwidmFsdWUiOiIyNTcyODUifSx7ImxhYmVsIjoiTG9jYWwiLCJ2YWx1ZSI6IjI1NzI2OSJ9LHsibGFiZWwiOiJMb2NhbGl6YcOnw6NvIiwidmFsdWUiOiIyNTcyNTIifSx7ImxhYmVsIjoiWElWIENvbmN1cnNvIGRlIFRlc2VzIGUgRGlzc2VydGHDp8O1ZXMgZW0gSW50ZWxpZ8OqbmNpYSBBcnRpZmljaWFsIGUgQ29tcHV0YWNpb25hbCIsInZhbHVlIjoiMjU3MTIyIn1dLCJwb3N0VHlwZUxhYmVsIjoiUMOhZ2luYXMiLCJhZG1pbkxhYmVsIjoiUMOhZ2luYXMiLCJlbmFibGVDb25kaXRpb24iOiJvbiJ9LCJvcGVyYXRvciI6Ik9SIn0seyJpZCI6Ijc5NDY0OWMyLWM2MTYtNGY2Yi1iZDk3LTk2MTY3ZTQzZTYwNSIsImNvbmRpdGlvbiI6InBhZ2UiLCJjb25kaXRpb25TZXR0aW5ncyI6eyJkaXNwbGF5UnVsZSI6ImlzIiwiZHluYW1pY1Bvc3RzIjpbeyJsYWJlbCI6IlJlZ2lzdHJhdGlvbnMiLCJ2YWx1ZSI6IjI1NzU1OCJ9LHsibGFiZWwiOiIxNXRoIFN5bXBvc2l1bSBpbiBJbmZvcm1hdGlvbiBhbmQgSHVtYW4gTGFuZ3VhZ2UgVGVjaG5vbG9neSIsInZhbHVlIjoiMjU3MjMwIn0seyJsYWJlbCI6IjM0dGggQnJhemlsaWFuIENvbmZlcmVuY2Ugb24gSW50ZWxsaWdlbnQgU3lzdGVtcyAoQlJBQ0lTKSIsInZhbHVlIjoiMjU3MTM1In0seyJsYWJlbCI6IjE0dGggTmF0aW9uYWwgQ29udGVzdCBvZiBQaEQgYW5kIE1TYyBUaGVzZXMgb24gQXJ0aWZpY2lhbCBhbmQgQ29tcHV0YXRpb25hbCBJbnRlbGxpZ2VuY2UiLCJ2YWx1ZSI6IjI1NzEyOCJ9LHsibGFiZWwiOiJYSVYgQ29uY3Vyc28gZGUgVGVzZXMgZSBEaXNzZXJ0YcOnw7VlcyBlbSBJbnRlbGlnw6puY2lhIEFydGlmaWNpYWwgZSBDb21wdXRhY2lvbmFsIiwidmFsdWUiOiIyNTcxMjIifSx7ImxhYmVsIjoidGVzdGUiLCJ2YWx1ZSI6IjI1NjkxOCJ9LHsibGFiZWwiOiJTVXBlciB0ZXN0ZSIsInZhbHVlIjoiMjU2OTI2In0seyJsYWJlbCI6IlNwb25zb3JzIiwidmFsdWUiOiIyNTY5MTIifSx7ImxhYmVsIjoiU3R1ZGVudHMnIFN1cHBvcnTCoCIsInZhbHVlIjoiMjU2OTA3In0seyJsYWJlbCI6Ik9yZ2FuaXphdGlvbiIsInZhbHVlIjoiMjU2OTAzIn0seyJsYWJlbCI6IlByZXNlbnRhdGlvbiBJbnN0cnVjdGlvbnMiLCJ2YWx1ZSI6IjI1Njg5OSJ9LHsibGFiZWwiOiJTb2NpYWwgZXZlbnRzIiwidmFsdWUiOiIyNTY4OTQifSx7ImxhYmVsIjoiVmVudWUiLCJ2YWx1ZSI6IjI1Njg5MSJ9LHsibGFiZWwiOiJLRE1pTGUgMjAyNCIsInZhbHVlIjoiMjU3MTgyIn0seyJsYWJlbCI6IkxvY2F0aW9uIiwidmFsdWUiOiIyNTY4ODYifSx7ImxhYmVsIjoiUmVnaXN0cmF0aW9uIiwidmFsdWUiOiIyNTY4ODMifSx7ImxhYmVsIjoiU3BlYWtlcnMiLCJ2YWx1ZSI6IjI1Njg2NyJ9LHsibGFiZWwiOiJNYWluIFByb2dyYW0iLCJ2YWx1ZSI6IjI1Njg2NCJ9LHsibGFiZWwiOiJCZXN0IFBhcGVyIEF3YXJkcyIsInZhbHVlIjoiMjU2ODYxIn0seyJsYWJlbCI6IlByb2dyYW0iLCJ2YWx1ZSI6IjI1Njg1NiJ9LHsibGFiZWwiOiJDYWxsIEZvciBQYXBlcnMiLCJ2YWx1ZSI6IjI1Njg0OSJ9LHsibGFiZWwiOiJQcm9jZWVkaW5ncyIsInZhbHVlIjoiMjU2ODQ2In0seyJsYWJlbCI6IkhvbWUiLCJ2YWx1ZSI6IjM1OTQifV0sInBvc3RUeXBlTGFiZWwiOiJQw6FnaW5hcyIsImFkbWluTGFiZWwiOiJQw6FnaW5hcyIsImVuYWJsZUNvbmRpdGlvbiI6Im9uIn0sIm9wZXJhdG9yIjoiT1IifV0=&#8221; custom_padding=&#8221;||30px||false|false&#8221; locked=&#8221;off&#8221; collapsed=&#8221;on&#8221; global_colors_info=&#8221;{}&#8221; theme_builder_area=&#8221;post_content&#8221;][et_pb_row _builder_version=&#8221;4.17.4&#8243; _module_preset=&#8221;default&#8221; locked=&#8221;off&#8221; global_colors_info=&#8221;{}&#8221; theme_builder_area=&#8221;post_content&#8221;][et_pb_column type=&#8221;4_4&#8243; _builder_version=&#8221;4.17.4&#8243; _module_preset=&#8221;default&#8221; global_colors_info=&#8221;{}&#8221; theme_builder_area=&#8221;post_content&#8221;][et_pb_text _builder_version=&#8221;4.25.0&#8243; _module_preset=&#8221;029707d1-3fff-4fbc-8c9c-853d41a5a283&#8243; header_text_color=&#8221;#d3eb42&#8243; header_2_font=&#8221;Anton|500||on|||||&#8221; header_2_text_align=&#8221;center&#8221; header_2_text_color=&#8221;#121212&#8243; header_2_letter_spacing=&#8221;4px&#8221; custom_margin=&#8221;15px||0px||false|false&#8221; custom_padding=&#8221;||0px||false|false&#8221; locked=&#8221;off&#8221; global_colors_info=&#8221;{}&#8221; theme_builder_area=&#8221;post_content&#8221;]<\/p>\n<h2>Organization<\/h2>\n<p>[\/et_pb_text][\/et_pb_column][\/et_pb_row][et_pb_row column_structure=&#8221;1_5,1_5,1_5,1_5,1_5&#8243; _builder_version=&#8221;4.27.0&#8243; _module_preset=&#8221;default&#8221; custom_padding=&#8221;20px|20px|20px|20px|true|true&#8221; locked=&#8221;off&#8221; global_colors_info=&#8221;{}&#8221; theme_builder_area=&#8221;post_content&#8221;][et_pb_column type=&#8221;1_5&#8243; _builder_version=&#8221;4.17.4&#8243; _module_preset=&#8221;default&#8221; global_colors_info=&#8221;{}&#8221; theme_builder_area=&#8221;post_content&#8221;][et_pb_image src=&#8221;https:\/\/bracis.sbc.org.br\/2024\/wp-content\/uploads\/2024\/05\/Logo_SBC_Transparente.jpeg&#8221; title_text=&#8221;Logo_SBC_Transparente&#8221; align=&#8221;center&#8221; _builder_version=&#8221;4.27.0&#8243; _module_preset=&#8221;default&#8221; transform_scale=&#8221;158%|158%&#8221; width=&#8221;47%&#8221; locked=&#8221;off&#8221; global_colors_info=&#8221;{}&#8221; theme_builder_area=&#8221;post_content&#8221;][\/et_pb_image][\/et_pb_column][et_pb_column type=&#8221;1_5&#8243; _builder_version=&#8221;4.17.4&#8243; _module_preset=&#8221;default&#8221; global_colors_info=&#8221;{}&#8221; theme_builder_area=&#8221;post_content&#8221;][et_pb_image src=&#8221;https:\/\/bracis.sbc.org.br\/2024\/wp-content\/uploads\/2024\/05\/UFPA.png&#8221; title_text=&#8221;UFPA&#8221; align=&#8221;center&#8221; _builder_version=&#8221;4.27.0&#8243; _module_preset=&#8221;default&#8221; transform_scale=&#8221;152%|152%&#8221; locked=&#8221;off&#8221; global_colors_info=&#8221;{}&#8221; theme_builder_area=&#8221;post_content&#8221;][\/et_pb_image][\/et_pb_column][et_pb_column type=&#8221;1_5&#8243; _builder_version=&#8221;4.17.4&#8243; _module_preset=&#8221;default&#8221; global_colors_info=&#8221;{}&#8221; theme_builder_area=&#8221;post_content&#8221;][et_pb_image src=&#8221;https:\/\/bracis.sbc.org.br\/2024\/wp-content\/uploads\/2024\/05\/Selo-IFPA.png&#8221; title_text=&#8221;Selo-IFPA&#8221; align=&#8221;center&#8221; _builder_version=&#8221;4.27.0&#8243; _module_preset=&#8221;default&#8221; transform_scale=&#8221;142%|142%&#8221; width=&#8221;65%&#8221; locked=&#8221;off&#8221; global_colors_info=&#8221;{}&#8221; theme_builder_area=&#8221;post_content&#8221;][\/et_pb_image][\/et_pb_column][et_pb_column type=&#8221;1_5&#8243; _builder_version=&#8221;4.17.4&#8243; _module_preset=&#8221;default&#8221; global_colors_info=&#8221;{}&#8221; theme_builder_area=&#8221;post_content&#8221;][et_pb_image src=&#8221;https:\/\/bracis.sbc.org.br\/2024\/wp-content\/uploads\/2024\/10\/logo_isaci.png&#8221; title_text=&#8221;logo_isaci&#8221; _builder_version=&#8221;4.27.0&#8243; _module_preset=&#8221;default&#8221; transform_scale=&#8221;140%|140%&#8221; global_colors_info=&#8221;{}&#8221; theme_builder_area=&#8221;post_content&#8221;][\/et_pb_image][\/et_pb_column][et_pb_column type=&#8221;1_5&#8243; _builder_version=&#8221;4.17.4&#8243; _module_preset=&#8221;default&#8221; global_colors_info=&#8221;{}&#8221; theme_builder_area=&#8221;post_content&#8221;][et_pb_image src=&#8221;https:\/\/bracis.sbc.org.br\/2024\/wp-content\/uploads\/2024\/10\/WhatsApp-Image-2024-10-03-at-10.09.37.jpeg&#8221; title_text=&#8221;WhatsApp Image 2024-10-03 at 10.09.37&#8243; _builder_version=&#8221;4.27.0&#8243; _module_preset=&#8221;default&#8221; transform_scale=&#8221;324%|324%&#8221; custom_margin=&#8221;33px||||false|false&#8221; global_colors_info=&#8221;{}&#8221; theme_builder_area=&#8221;post_content&#8221;][\/et_pb_image][\/et_pb_column][\/et_pb_row][et_pb_row _builder_version=&#8221;4.17.4&#8243; _module_preset=&#8221;default&#8221; locked=&#8221;off&#8221; global_colors_info=&#8221;{}&#8221; theme_builder_area=&#8221;post_content&#8221;][et_pb_column type=&#8221;4_4&#8243; _builder_version=&#8221;4.17.4&#8243; _module_preset=&#8221;default&#8221; global_colors_info=&#8221;{}&#8221; theme_builder_area=&#8221;post_content&#8221;][et_pb_text _builder_version=&#8221;4.24.2&#8243; _module_preset=&#8221;029707d1-3fff-4fbc-8c9c-853d41a5a283&#8243; header_text_color=&#8221;#d3eb42&#8243; header_2_font=&#8221;Anton|500||on|||||&#8221; header_2_text_align=&#8221;center&#8221; header_2_text_color=&#8221;#121212&#8243; header_2_letter_spacing=&#8221;4px&#8221; custom_margin=&#8221;15px||0px||false|false&#8221; custom_padding=&#8221;||0px||false|false&#8221; locked=&#8221;off&#8221; global_colors_info=&#8221;{}&#8221; theme_builder_area=&#8221;post_content&#8221;]<\/p>\n<h2>sponsors<\/h2>\n<p>[\/et_pb_text][\/et_pb_column][\/et_pb_row][et_pb_row column_structure=&#8221;1_5,1_5,1_5,1_5,1_5&#8243; _builder_version=&#8221;4.27.0&#8243; _module_preset=&#8221;default&#8221; custom_padding=&#8221;20px|20px|20px|20px|true|true&#8221; locked=&#8221;off&#8221; global_colors_info=&#8221;{}&#8221; theme_builder_area=&#8221;post_content&#8221;][et_pb_column type=&#8221;1_5&#8243; _builder_version=&#8221;4.17.4&#8243; _module_preset=&#8221;default&#8221; global_colors_info=&#8221;{}&#8221; theme_builder_area=&#8221;post_content&#8221;][et_pb_image src=&#8221;https:\/\/bracis.sbc.org.br\/2024\/wp-content\/uploads\/2024\/10\/logo_isaci.png&#8221; title_text=&#8221;logo_isaci&#8221; align=&#8221;center&#8221; _builder_version=&#8221;4.27.0&#8243; _module_preset=&#8221;default&#8221; transform_scale=&#8221;146%|146%&#8221; max_width=&#8221;100%&#8221; max_height=&#8221;1000px&#8221; custom_margin=&#8221;-5px|||13px|false|false&#8221; custom_padding=&#8221;0px||||false|false&#8221; global_colors_info=&#8221;{}&#8221; theme_builder_area=&#8221;post_content&#8221;][\/et_pb_image][\/et_pb_column][et_pb_column type=&#8221;1_5&#8243; _builder_version=&#8221;4.17.4&#8243; _module_preset=&#8221;default&#8221; global_colors_info=&#8221;{}&#8221; theme_builder_area=&#8221;post_content&#8221;][et_pb_image src=&#8221;https:\/\/bracis.sbc.org.br\/2024\/wp-content\/uploads\/2024\/10\/Prodepa.png&#8221; title_text=&#8221;Prodepa&#8221; _builder_version=&#8221;4.27.0&#8243; _module_preset=&#8221;default&#8221; transform_scale=&#8221;164%|164%&#8221; custom_margin=&#8221;|0px||0px|false|false&#8221; global_colors_info=&#8221;{}&#8221; theme_builder_area=&#8221;post_content&#8221;][\/et_pb_image][\/et_pb_column][et_pb_column type=&#8221;1_5&#8243; _builder_version=&#8221;4.27.0&#8243; _module_preset=&#8221;default&#8221; global_colors_info=&#8221;{}&#8221; theme_builder_area=&#8221;post_content&#8221;][et_pb_image src=&#8221;https:\/\/bracis.sbc.org.br\/2024\/wp-content\/uploads\/2024\/10\/Jusbrasil.jpg&#8221; title_text=&#8221;Jusbrasil&#8221; _builder_version=&#8221;4.27.0&#8243; _module_preset=&#8221;default&#8221; transform_scale=&#8221;244%|244%&#8221; custom_margin=&#8221;26px||||false|false&#8221; global_colors_info=&#8221;{}&#8221; theme_builder_area=&#8221;post_content&#8221;][\/et_pb_image][\/et_pb_column][et_pb_column type=&#8221;1_5&#8243; _builder_version=&#8221;4.17.4&#8243; _module_preset=&#8221;default&#8221; global_colors_info=&#8221;{}&#8221; theme_builder_area=&#8221;post_content&#8221;][et_pb_image src=&#8221;https:\/\/bracis.sbc.org.br\/2024\/wp-content\/uploads\/2024\/10\/CNPq_v2017_rgb.png&#8221; title_text=&#8221;CNPq_v2017_rgb&#8221; _builder_version=&#8221;4.27.0&#8243; _module_preset=&#8221;default&#8221; transform_scale=&#8221;210%|210%&#8221; custom_margin=&#8221;21px||0px||false|false&#8221; global_colors_info=&#8221;{}&#8221; theme_builder_area=&#8221;post_content&#8221;][\/et_pb_image][\/et_pb_column][et_pb_column type=&#8221;1_5&#8243; _builder_version=&#8221;4.17.4&#8243; _module_preset=&#8221;default&#8221; global_colors_info=&#8221;{}&#8221; theme_builder_area=&#8221;post_content&#8221;][et_pb_image src=&#8221;https:\/\/bracis.sbc.org.br\/2024\/wp-content\/uploads\/2024\/10\/logo-original-fundo-claro.jpg&#8221; title_text=&#8221;logo-original-fundo-claro&#8221; _builder_version=&#8221;4.27.0&#8243; _module_preset=&#8221;default&#8221; transform_scale=&#8221;172%|172%&#8221; global_colors_info=&#8221;{}&#8221; theme_builder_area=&#8221;post_content&#8221;][\/et_pb_image][\/et_pb_column][\/et_pb_row][\/et_pb_section]<\/p>\n","protected":false},"excerpt":{"rendered":"<p>Venue<div class=\"et_pb_module dsm_business_hours dsm_business_hours_0\">\n\t\t\t\t\n\t\t\t\t\n\t\t\t\t\n\t\t\t\t\n\t\t\t\t\n\t\t\t\t\n\t\t\t\t<div class=\"et_pb_module_inner\">\n\t\t\t\t\t\n\t\t\t\t<\/div>\n\t\t\t<\/div>UFPA &#8211; Federal University of Par\u00e1 As a multi-campus institution , UFPA has contributed to the development of all the mesoregions of the state of Par\u00e1 and gave rise to three new federal universities, through the separation of its campuses in Santar\u00e9m (Federal University of Western Par\u00e1), Marab\u00e1 (Federal University of Southern and Southeastern Par\u00e1) and Macap\u00e1 (Federal University of Amap\u00e1), in addition to having contributed to the formation of the Federal University of Rond\u00f4nia. Currently, there are twelve campuses , installed in Abaetetuba, Altamira, Ananindeua, Bel\u00e9m, Bragan\u00e7a, Breves, Camet\u00e1, Capanema, Castanhal, Salin\u00f3polis, Soure and Tucuru\u00ed. With a staff of 2,997 teachers and 2,458 technicians, UFPA offers 154 undergraduate courses (in-person or distance learning) in 82 municipalities in Par\u00e1. It has a population of over 50,000 undergraduate, graduate, and basic, technical, and technological education students. It houses the Application School, the Music School, and the Theater and Dance School, as well as 2 University Hospitals, a veterinary hospital, several clinics and laboratories, a Theater, a Museum, an Art Gallery, and numerous community service facilities. Through outreach, it interacts with a range of organizations and social groups, directly contributing to the transformation of the social reality of the [&hellip;]<\/p>\n","protected":false},"author":7,"featured_media":0,"parent":0,"menu_order":0,"comment_status":"closed","ping_status":"closed","template":"","meta":{"_et_pb_use_builder":"on","_et_pb_old_content":"","_et_gb_content_width":"","footnotes":""},"class_list":["post-256891","page","type-page","status-publish","hentry"],"_links":{"self":[{"href":"https:\/\/bracis.sbc.org.br\/2024\/wp-json\/wp\/v2\/pages\/256891","targetHints":{"allow":["GET"]}}],"collection":[{"href":"https:\/\/bracis.sbc.org.br\/2024\/wp-json\/wp\/v2\/pages"}],"about":[{"href":"https:\/\/bracis.sbc.org.br\/2024\/wp-json\/wp\/v2\/types\/page"}],"author":[{"embeddable":true,"href":"https:\/\/bracis.sbc.org.br\/2024\/wp-json\/wp\/v2\/users\/7"}],"replies":[{"embeddable":true,"href":"https:\/\/bracis.sbc.org.br\/2024\/wp-json\/wp\/v2\/comments?post=256891"}],"version-history":[{"count":9,"href":"https:\/\/bracis.sbc.org.br\/2024\/wp-json\/wp\/v2\/pages\/256891\/revisions"}],"predecessor-version":[{"id":257848,"href":"https:\/\/bracis.sbc.org.br\/2024\/wp-json\/wp\/v2\/pages\/256891\/revisions\/257848"}],"wp:attachment":[{"href":"https:\/\/bracis.sbc.org.br\/2024\/wp-json\/wp\/v2\/media?parent=256891"}],"curies":[{"name":"wp","href":"https:\/\/api.w.org\/{rel}","templated":true}]}}