{"id":256894,"date":"2024-04-19T16:10:57","date_gmt":"2024-04-19T19:10:57","guid":{"rendered":"https:\/\/bracis.sbc.org.br\/2024\/?page_id=256894"},"modified":"2024-11-05T11:43:15","modified_gmt":"2024-11-05T14:43:15","slug":"social-events","status":"publish","type":"page","link":"https:\/\/bracis.sbc.org.br\/2024\/social-events\/","title":{"rendered":"Social events"},"content":{"rendered":"<p>[et_pb_section fb_built=&#8221;1&#8243; padding_top_bottom_link_2=&#8221;false&#8221; padding_left_right_link_2=&#8221;false&#8221; _builder_version=&#8221;4.25.0&#8243; _module_preset=&#8221;default&#8221; background_color=&#8221;gcid-1d86a217-8a0f-44b9-b3c2-cb04696d0f7f&#8221; overflow-x=&#8221;hidden&#8221; overflow-y=&#8221;hidden&#8221; custom_margin=&#8221;||0px||false|false&#8221; custom_padding=&#8221;4vw||3vw||false|false&#8221; locked=&#8221;off&#8221; global_colors_info=&#8221;{%22gcid-1d86a217-8a0f-44b9-b3c2-cb04696d0f7f%22:%91%22background_color%22%93}&#8221;][et_pb_row column_structure=&#8221;2_3,1_3&#8243; _builder_version=&#8221;4.25.0&#8243; _module_preset=&#8221;default&#8221; custom_margin=&#8221;||0px||false|false&#8221; custom_padding=&#8221;||0px||false|false&#8221; locked=&#8221;off&#8221; global_colors_info=&#8221;{}&#8221;][et_pb_column type=&#8221;2_3&#8243; _builder_version=&#8221;4.22.0&#8243; _module_preset=&#8221;default&#8221; global_colors_info=&#8221;{}&#8221;][et_pb_text _builder_version=&#8221;4.25.0&#8243; _module_preset=&#8221;6f8c47c6-2aa4-4f59-993d-d5e8713d11a8&#8243; header_text_color=&#8221;gcid-b0afb9e7-00cb-4a3b-9bdf-e3137e7083ae&#8221; header_font_size=&#8221;50px&#8221; custom_margin=&#8221;||0px||false|false&#8221; custom_padding=&#8221;||0px||false|false&#8221; global_colors_info=&#8221;{%22gcid-b0afb9e7-00cb-4a3b-9bdf-e3137e7083ae%22:%91%22header_text_color%22%93}&#8221;]<\/p>\n<h1><span>Social events<\/span><\/h1>\n<p>[\/et_pb_text][dsm_business_hours _builder_version=&#8221;4.25.0&#8243; _module_preset=&#8221;default&#8221; global_colors_info=&#8221;{}&#8221;][\/dsm_business_hours][\/et_pb_column][et_pb_column type=&#8221;1_3&#8243; _builder_version=&#8221;4.25.0&#8243; _module_preset=&#8221;default&#8221; global_colors_info=&#8221;{}&#8221;][et_pb_image src=&#8221;https:\/\/bracis.sbc.org.br\/2024\/wp-content\/uploads\/2024\/05\/financial-planning-20.png&#8221; title_text=&#8221;financial-planning-20&#8243; _builder_version=&#8221;4.25.0&#8243; _module_preset=&#8221;default&#8221; positioning=&#8221;absolute&#8221; position_origin_a=&#8221;center_left&#8221; custom_margin=&#8221;0px|-30%|0px||false|false&#8221; custom_margin_tablet=&#8221;|0%||0%|false|true&#8221; custom_margin_phone=&#8221;|0%||0%|false|true&#8221; custom_margin_last_edited=&#8221;on|tablet&#8221; custom_padding=&#8221;0px||0px||false|false&#8221; locked=&#8221;off&#8221; global_colors_info=&#8221;{}&#8221;][\/et_pb_image][\/et_pb_column][\/et_pb_row][\/et_pb_section][et_pb_section fb_built=&#8221;1&#8243; bg_img_2=&#8221;https:\/\/bracis.sbc.org.br\/2024\/wp-content\/uploads\/2024\/04\/business-05.jpg&#8221; admin_label=&#8221;About&#8221; _builder_version=&#8221;4.27.2&#8243; background_image=&#8221;https:\/\/bracis.sbc.org.br\/2024\/wp-content\/uploads\/2024\/04\/investing-15.jpg&#8221; background_size=&#8221;initial&#8221; background_position=&#8221;top_center&#8221; custom_padding=&#8221;34px|||||&#8221; locked=&#8221;off&#8221; global_colors_info=&#8221;{}&#8221;][et_pb_row _builder_version=&#8221;4.25.0&#8243; custom_margin=&#8221;0px||||false|false&#8221; custom_padding=&#8221;0px||||false|false&#8221; global_colors_info=&#8221;{}&#8221;][et_pb_column type=&#8221;4_4&#8243; _builder_version=&#8221;4.16&#8243; custom_padding=&#8221;|||&#8221; global_colors_info=&#8221;{}&#8221; custom_padding__hover=&#8221;|||&#8221;][et_pb_text _builder_version=&#8221;4.27.2&#8243; text_font=&#8221;||||||||&#8221; text_font_size=&#8221;15px&#8221; text_line_height=&#8221;2em&#8221; header_2_font=&#8221;Glegoo||||||||&#8221; header_2_font_size=&#8221;40px&#8221; header_2_line_height=&#8221;1.4em&#8221; header_4_font=&#8221;|700||on|||||&#8221; header_4_text_color=&#8221;#1d48c0&#8243; header_4_font_size=&#8221;16px&#8221; header_4_letter_spacing=&#8221;2px&#8221; header_4_line_height=&#8221;1.6em&#8221; header_2_font_size_tablet=&#8221;30px&#8221; header_2_font_size_phone=&#8221;22px&#8221; header_2_font_size_last_edited=&#8221;on|phone&#8221; header_4_font_size_tablet=&#8221;&#8221; header_4_font_size_phone=&#8221;14px&#8221; header_4_font_size_last_edited=&#8221;on|phone&#8221; locked=&#8221;off&#8221; global_colors_info=&#8221;{}&#8221;]<\/p>\n<p><strong><b>Conference dinner (Wednesday, 8.00 pm)<\/b><\/strong>\u00a0<\/p>\n<p>On Wednesday 20th we will have the conference dinner at the\u00a0Casa Mia Eventos. Casa Mia will offer an amazing experience of &#8220;festa paraense&#8221;.\u00a0We will have typical foods and regional attractions. Don\u2019t miss it!<\/p>\n<p>Casa Mia is located on Quintino Bocai\u00fava Street, 1696.\u00a0Bel\u00e9m &#8211; PA.<\/p>\n<p>Tickets can be bought at the registration desk (ECOS) for:<\/p>\n<ul>\n<li>R$140,00 if you are a professional\u00a0<\/li>\n<li>R$ 90,00 if you are a student.<\/li>\n<\/ul>\n<p>If you want to take a plus one with you who is not registered for the conference, you can also purchase the ticket at the registration desk (ECOS) &#8211; &#8216;BRACIS Dinner Only&#8217;, for R$ 170.00.&#8221;<\/p>\n<p>For ticket purchase and more information, visit\u00a0<span><u><a href=\"https:\/\/centraldesistemas.sbc.org.br\/ecos\/bracis2024\">https:\/\/centraldesistemas.sbc.org.br\/ecos\/bracis2024<\/a><a href=\"https:\/\/centraldesistemas.sbc.org.br\/ecos\/bracis2024\"><\/a><\/u><\/span><\/p>\n<p><span><u><\/u><\/span><\/p>\n<p>\u00a0<strong><b>Cultural Program \u201cOrla ao Entardecer\u201d (Sunday, November 17, departing at 5:00 PM from Esta\u00e7\u00e3o das Docas)<\/b><\/strong><\/p>\n<p>The boat tour &#8220;Orla ao Entardecer&#8221; offers a stunning view of the city of Bel\u00e9m do Par\u00e1 as the sun sets, creating a charming scene with beautiful views. During the journey, participants can enjoy the waterfront of Bel\u00e9m, passing by historical landmarks such as the Ver-o-Peso Market. In addition to the natural beauty, the tour is enriched with cultural performances, including regional dances and music that reflect local culture.<\/p>\n<p>\u00a0The tour is offered by Valeverde Turismo, which has reserved a special trip for participants of the 34th BRACIS on November 17, departing at 5:00 PM from the Esta\u00e7\u00e3o das Docas, located at Avenida Marechal Hermes, no number. For more details about schedules, prices, and how to book, you can visit the website or contact Eliana at (+55 91 98900-4188).<\/p>\n<p>Tourism Information and Tips for Bel\u00e9m do Par\u00e1 and Nearby Areas. Check out options made especially for Bracis here. (<a href=\"https:\/\/materiais.valeverdeturismo.com.br\/bracis\"><strong>https:\/\/materiais.valeverdeturismo.com.br\/bracis<\/strong><\/a>)<\/p>\n<p>Tourism Information and Tips for the Maraj\u00f3 Archipelago. It is considered the largest river-maritime island system in the world, made up of approximately 3,000 islands, with a focus on Maraj\u00f3 Island, its largest island. Check out options made especially for Bracis here. (<a href=\"https:\/\/drive.google.com\/file\/d\/1cW7WUBDUDdePPbIuPSPU2ayWTKBcsaps\/view?usp=drive_link\"><strong>https:\/\/drive.google.com\/file\/d\/1cW7WUBDUDdePPbIuPSPU2ayWTKBcsaps\/view?usp=drive_link<\/strong><\/a>)<\/p>\n<p>[\/et_pb_text][\/et_pb_column][\/et_pb_row][\/et_pb_section]<\/p>\n","protected":false},"excerpt":{"rendered":"<p>Social events<div class=\"et_pb_module dsm_business_hours dsm_business_hours_0\">\n\t\t\t\t\n\t\t\t\t\n\t\t\t\t\n\t\t\t\t\n\t\t\t\t\n\t\t\t\t\n\t\t\t\t<div class=\"et_pb_module_inner\">\n\t\t\t\t\t\n\t\t\t\t<\/div>\n\t\t\t<\/div>Conference dinner (Wednesday, 8.00 pm)\u00a0 On Wednesday 20th we will have the conference dinner at the\u00a0Casa Mia Eventos. Casa Mia will offer an amazing experience of &#8220;festa paraense&#8221;.\u00a0We will have typical foods and regional attractions. Don\u2019t miss it! Casa Mia is located on Quintino Bocai\u00fava Street, 1696.\u00a0Bel\u00e9m &#8211; PA. Tickets can be bought at the registration desk (ECOS) for: R$140,00 if you are a professional\u00a0 R$ 90,00 if you are a student. If you want to take a plus one with you who is not registered for the conference, you can also purchase the ticket at the registration desk (ECOS) &#8211; &#8216;BRACIS Dinner Only&#8217;, for R$ 170.00.&#8221; For ticket purchase and more information, visit\u00a0https:\/\/centraldesistemas.sbc.org.br\/ecos\/bracis2024 \u00a0Cultural Program \u201cOrla ao Entardecer\u201d (Sunday, November 17, departing at 5:00 PM from Esta\u00e7\u00e3o das Docas) The boat tour &#8220;Orla ao Entardecer&#8221; offers a stunning view of the city of Bel\u00e9m do Par\u00e1 as the sun sets, creating a charming scene with beautiful views. During the journey, participants can enjoy the waterfront of Bel\u00e9m, passing by historical landmarks such as the Ver-o-Peso Market. In addition to the natural beauty, the tour is enriched with cultural performances, including regional dances and music that [&hellip;]<\/p>\n","protected":false},"author":7,"featured_media":0,"parent":0,"menu_order":0,"comment_status":"closed","ping_status":"closed","template":"","meta":{"_et_pb_use_builder":"on","_et_pb_old_content":"","_et_gb_content_width":"","footnotes":""},"class_list":["post-256894","page","type-page","status-publish","hentry"],"_links":{"self":[{"href":"https:\/\/bracis.sbc.org.br\/2024\/wp-json\/wp\/v2\/pages\/256894","targetHints":{"allow":["GET"]}}],"collection":[{"href":"https:\/\/bracis.sbc.org.br\/2024\/wp-json\/wp\/v2\/pages"}],"about":[{"href":"https:\/\/bracis.sbc.org.br\/2024\/wp-json\/wp\/v2\/types\/page"}],"author":[{"embeddable":true,"href":"https:\/\/bracis.sbc.org.br\/2024\/wp-json\/wp\/v2\/users\/7"}],"replies":[{"embeddable":true,"href":"https:\/\/bracis.sbc.org.br\/2024\/wp-json\/wp\/v2\/comments?post=256894"}],"version-history":[{"count":12,"href":"https:\/\/bracis.sbc.org.br\/2024\/wp-json\/wp\/v2\/pages\/256894\/revisions"}],"predecessor-version":[{"id":258001,"href":"https:\/\/bracis.sbc.org.br\/2024\/wp-json\/wp\/v2\/pages\/256894\/revisions\/258001"}],"wp:attachment":[{"href":"https:\/\/bracis.sbc.org.br\/2024\/wp-json\/wp\/v2\/media?parent=256894"}],"curies":[{"name":"wp","href":"https:\/\/api.w.org\/{rel}","templated":true}]}}