{"id":256903,"date":"2024-04-19T16:14:10","date_gmt":"2024-04-19T19:14:10","guid":{"rendered":"https:\/\/bracis.sbc.org.br\/2024\/?page_id=256903"},"modified":"2024-11-08T19:17:45","modified_gmt":"2024-11-08T22:17:45","slug":"organization","status":"publish","type":"page","link":"https:\/\/bracis.sbc.org.br\/2024\/organization\/","title":{"rendered":"Organization"},"content":{"rendered":"<p>[et_pb_section fb_built=&#8221;1&#8243; padding_top_bottom_link_2=&#8221;false&#8221; padding_left_right_link_2=&#8221;false&#8221; _builder_version=&#8221;4.25.0&#8243; _module_preset=&#8221;default&#8221; background_color=&#8221;gcid-1d86a217-8a0f-44b9-b3c2-cb04696d0f7f&#8221; overflow-x=&#8221;hidden&#8221; overflow-y=&#8221;hidden&#8221; custom_margin=&#8221;||0px||false|false&#8221; custom_padding=&#8221;4vw||3vw||false|false&#8221; locked=&#8221;off&#8221; global_colors_info=&#8221;{%22gcid-1d86a217-8a0f-44b9-b3c2-cb04696d0f7f%22:%91%22background_color%22%93}&#8221;][et_pb_row column_structure=&#8221;2_3,1_3&#8243; _builder_version=&#8221;4.25.0&#8243; _module_preset=&#8221;default&#8221; custom_margin=&#8221;||0px||false|false&#8221; custom_padding=&#8221;||0px||false|false&#8221; locked=&#8221;off&#8221; global_colors_info=&#8221;{}&#8221;][et_pb_column type=&#8221;2_3&#8243; _builder_version=&#8221;4.22.0&#8243; _module_preset=&#8221;default&#8221; global_colors_info=&#8221;{}&#8221;][et_pb_text _builder_version=&#8221;4.25.0&#8243; _module_preset=&#8221;6f8c47c6-2aa4-4f59-993d-d5e8713d11a8&#8243; header_text_color=&#8221;gcid-b0afb9e7-00cb-4a3b-9bdf-e3137e7083ae&#8221; header_font_size=&#8221;50px&#8221; custom_margin=&#8221;||0px||false|false&#8221; custom_padding=&#8221;||0px||false|false&#8221; global_colors_info=&#8221;{%22gcid-b0afb9e7-00cb-4a3b-9bdf-e3137e7083ae%22:%91%22header_text_color%22%93}&#8221;]<\/p>\n<h1><span>Organization<\/span><\/h1>\n<p>[\/et_pb_text][dsm_business_hours _builder_version=&#8221;4.25.0&#8243; _module_preset=&#8221;default&#8221; global_colors_info=&#8221;{}&#8221;][\/dsm_business_hours][\/et_pb_column][et_pb_column type=&#8221;1_3&#8243; _builder_version=&#8221;4.25.0&#8243; _module_preset=&#8221;default&#8221; global_colors_info=&#8221;{}&#8221;][et_pb_image src=&#8221;https:\/\/bracis.sbc.org.br\/2024\/wp-content\/uploads\/2024\/05\/financial-planning-20.png&#8221; title_text=&#8221;financial-planning-20&#8243; _builder_version=&#8221;4.25.0&#8243; _module_preset=&#8221;default&#8221; positioning=&#8221;absolute&#8221; position_origin_a=&#8221;center_left&#8221; custom_margin=&#8221;0px|-30%|0px||false|false&#8221; custom_margin_tablet=&#8221;|0%||0%|false|true&#8221; custom_margin_phone=&#8221;|0%||0%|false|true&#8221; custom_margin_last_edited=&#8221;on|tablet&#8221; custom_padding=&#8221;0px||0px||false|false&#8221; locked=&#8221;off&#8221; global_colors_info=&#8221;{}&#8221;][\/et_pb_image][\/et_pb_column][\/et_pb_row][\/et_pb_section][et_pb_section fb_built=&#8221;1&#8243; bg_img_2=&#8221;https:\/\/bracis.sbc.org.br\/2024\/wp-content\/uploads\/2024\/04\/business-05.jpg&#8221; admin_label=&#8221;About&#8221; _builder_version=&#8221;4.16&#8243; background_image=&#8221;https:\/\/bracis.sbc.org.br\/2024\/wp-content\/uploads\/2024\/04\/investing-15.jpg&#8221; background_size=&#8221;initial&#8221; background_position=&#8221;top_center&#8221; locked=&#8221;off&#8221; global_colors_info=&#8221;{}&#8221;][et_pb_row column_structure=&#8221;1_2,1_2&#8243; _builder_version=&#8221;4.27.0&#8243; _module_preset=&#8221;default&#8221; global_colors_info=&#8221;{}&#8221;][et_pb_column type=&#8221;1_2&#8243; _builder_version=&#8221;4.27.0&#8243; _module_preset=&#8221;default&#8221; global_colors_info=&#8221;{}&#8221;][et_pb_text _builder_version=&#8221;4.27.0&#8243; _module_preset=&#8221;default&#8221; global_colors_info=&#8221;{}&#8221;]<\/p>\n<p><strong><b>GENERAL CHAIRS<\/b><\/strong><\/p>\n<ul>\n<li>Prof. Dr. Andr\u00e9 Carlos Ponce de Leon Ferreira de Carvalho &#8211; Universidade de S\u00e3o Paulo <strong>(USP)<\/strong><\/li>\n<\/ul>\n<p>contact: <a href=\"mailto:andre@icmc.usp.br\">andre@icmc.usp.br<\/a><\/p>\n<ul>\n<li>Prof. Dr. Carlos Renato Lisboa Franc\u00eas &#8211; Universidade Federal do Par\u00e1 <strong>(UFPA)<\/strong><\/li>\n<\/ul>\n<p>contact: <a href=\"mailto:andre@icmc.usp.br\">rfrances@ufpa.br<\/a><\/p>\n<ul>\n<li>Prof. Dra. Evelin Helena Silva Cardoso &#8211; Universidade Federal do Par\u00e1<strong> (UFPA)<\/strong><\/li>\n<\/ul>\n<p>contact: <a href=\"mailto:andre@icmc.usp.br\">evelincardoso@ufpa.br<\/a><\/p>\n<p>&nbsp;<\/p>\n<p><strong><b>LOCAL CHAIRS<\/b><\/strong><\/p>\n<p>&nbsp;<\/p>\n<ul>\n<li>Jose Jailton Henrique Ferreira Junior &#8211; Universidade Federal do Par\u00e1<strong> (UFPA)<\/strong><\/li>\n<\/ul>\n<p>contact: <a href=\"mailto:andre@icmc.usp.br\">jjj@ufpa.br<\/a><\/p>\n<ul>\n<li>Hugo Pereira Kuribayashi &#8211; Universidade do Sul e Sudeste do Par\u00e1 <strong>(UNIFESSPA)<\/strong><\/li>\n<\/ul>\n<p>contact: <a href=\"mailto:andre@icmc.usp.br\">hugo@unifesspa.edu.br<\/a><\/p>\n<ul>\n<li>Jorge Antonio Moraes de Souza &#8211; Universidade Federal Rural da Amaz\u00f4nia <strong>(UFRA)<\/strong><\/li>\n<\/ul>\n<p>contact: <a href=\"mailto:andre@icmc.usp.br\">jorge.souza@ufra.edu.br<\/a><\/p>\n<p>&nbsp;<\/p>\n<p><strong><b>PROGRAM CHAIRS<\/b><\/strong><\/p>\n<p><strong><b>BRACIS<\/b><\/strong><\/p>\n<ul>\n<li>Aline Paes <strong>(IC\/UFF)<\/strong> &#8211; <a href=\"mailto:andre@icmc.usp.br\">alinepaes@ic.uff.br<\/a><\/li>\n<li>Filipe A. N. Verri <strong>(IEC\/ITA)<\/strong> &#8211; <a href=\"mailto:andre@icmc.usp.br\">filipe.verri@gp.ita.br<\/a><\/li>\n<\/ul>\n<p>&nbsp;<\/p>\n<p><strong><b>KDMILE<\/b><\/strong><\/p>\n<ul>\n<li>Eduardo Bezerra<strong> (CEFET-RJ)<\/strong> \u2013 <a href=\"mailto:ebezerra@cefet-rj.br\">ebezerra@cefet-rj.br<\/a><\/li>\n<li>Ronaldo Ribeiro Goldschmidt<strong> (IME-RJ)<\/strong> \u2013 <span><a href=\"mailto:ronaldo.rgold@ime.eb.br\">ronaldo.rgold@ime.eb.br<\/a><\/span><\/li>\n<li>Reginaldo Cordeiro dos Santos Filho<strong> (UFPA)<\/strong> \u2013 <u><a href=\"mailto:regicsf@ufpa.br\">regicsf@ufpa.br<\/a><\/u><u><\/u><\/li>\n<\/ul>\n<p><span><u><\/u><\/span><\/p>\n<p><strong><b><\/b><\/strong><\/p>\n<p><strong><b>STIL<\/b><\/strong><\/p>\n<ul>\n<li>Adriana Pagano <strong>(UFMG)<\/strong> &#8211; <a href=\"mailto:apagano@ufmg.br\">apagano@ufmg.br<\/a><\/li>\n<li>Daniela Barreiro Claro <strong>(UFBA)<\/strong> &#8211; <a href=\"mailto:dclaro@ufba.br]\"><u>dclaro@ufba.br<\/u><\/a><\/li>\n<\/ul>\n<p>&nbsp;<\/p>\n<p><strong><b>ENIAC<\/b><\/strong><\/p>\n<ul>\n<li>Rosiane de Freitas<strong> (IComp\/UFAM)<\/strong> &#8211; <a href=\"mailto:rosiane@icomp.ufam.edu.br\">rosiane@icomp.ufam.edu.br<\/a><\/li>\n<li>Diego Furtado <strong>(ICMC\/USP)<\/strong> &#8211; <a href=\"mailto:rosiane@icomp.ufam.edu.br\">diegofsilva@icmc.usp.br<\/a>\u00a0<\/li>\n<\/ul>\n<p>&nbsp;<\/p>\n<p><strong><b>CTDIAC<\/b><\/strong><\/p>\n<p>PhD Track<\/p>\n<ul>\n<li>Myriam Regattieri B. S. Delgado<strong> (UTFPR)<\/strong> &#8211; <a href=\"mailto:myriamdelg@gmail.com\">myriamdelg@gmail.com<\/a><\/li>\n<li>Rodrigo C. Barros <strong>(PUCRS)<\/strong> &#8211; <span><a href=\"mailto:rodrigo.barros@pucrs.br\">rodrigo.barros@pucrs.br<\/a><\/span><\/li>\n<\/ul>\n<p>&nbsp;<\/p>\n<p>MSc Track<\/p>\n<ul>\n<li>Fernando Maciano de Paula Neto <strong>(UFPE)<\/strong> &#8211; <a href=\"mailto:fernando@cin.ufpe.br\">fernando@cin.ufpe.br<\/a><\/li>\n<li>Karliane Vale<strong> (UFRN)<\/strong> &#8211; <span><a href=\"mailto:karliane.vale@ufrn.br\"><u>karliane.vale@ufrn.br<\/u><\/a><\/span><\/li>\n<\/ul>\n<p>[\/et_pb_text][\/et_pb_column][et_pb_column type=&#8221;1_2&#8243; _builder_version=&#8221;4.27.0&#8243; _module_preset=&#8221;default&#8221; global_colors_info=&#8221;{}&#8221;][et_pb_text _builder_version=&#8221;4.27.2&#8243; _module_preset=&#8221;default&#8221; global_colors_info=&#8221;{}&#8221;]<\/p>\n<p><strong><b>Current members of CE-IA\/SBC<\/b><\/strong><\/p>\n<ul>\n<li>Anna H. R. Costa &#8211; Universidade de S\u00e3o Paulo <strong>(USP)<\/strong><\/li>\n<li>Denis Deratani Mau\u00e1 &#8211; Universidade de S\u00e3o Paulo <strong>(USP)<\/strong><\/li>\n<li>Felipe Meneguzzi &#8211; University of Aberdeen, UK<\/li>\n<li>Leliane N. de Barros &#8211; Universidade de S\u00e3o Paulo<strong> (USP)<\/strong><\/li>\n<li>Maria V. de Menezes &#8211; Universidade Federal do Cear\u00e1 <strong>(UFC)<\/strong><\/li>\n<li>Ricardo Marcacini &#8211; Universidade de S\u00e3o Paulo <strong>(USP)<\/strong><\/li>\n<li>Tatiane Nogueira Rios &#8211; Universidade Federal da Bahia <strong>(UFBA)<\/strong>(Coordenadora)<\/li>\n<\/ul>\n<p><strong><b>\u00a0<\/b><\/strong><\/p>\n<p><strong><b>Current members of CE-PLN\/SBC<\/b><\/strong><\/p>\n<ul>\n<li>Helena de Medeiros Caseli (Coordenadora) &#8211; Universidade Federal de S\u00e3o Carlos, SP <strong>(UFSCar)<\/strong><\/li>\n<li>Jackson Wilke da Cruz Souza (Vice-coordenador) &#8211; Universidade Federal da Bahia <strong>(UFBA)<\/strong><\/li>\n<li>Aline Marins Paes Carvalho &#8211; Universidade Federal Fluminense, Niter\u00f3i, RJ <strong>(UFF)<\/strong><\/li>\n<li>Arnaldo C\u00e2ndido Junior &#8211; Universidade Estadual Paulista , S\u00e3o Jos\u00e9 do Rio Preto, SP <strong>(UNESP)<\/strong><\/li>\n<li>Livy Real &#8211; Quinto Andar, Lisboa, PT<\/li>\n<\/ul>\n<p>&nbsp;<\/p>\n<p><strong><b>\u00a0<\/b><\/strong><\/p>\n<p><strong><b>Current members of CE-IC\/SBC<\/b><\/strong><\/p>\n<ul>\n<li>Filipe Saraiva &#8211; Universidade Federal do Par\u00e1 <strong>(UFPA)<\/strong><\/li>\n<li>Gisele Lobo Pappa &#8211; Universidade Federal de Minas Gerais<strong>(UFMG)<\/strong><\/li>\n<li>H\u00e9lida Salles Santos &#8211; Universidade Federal do Rio Grande <strong>(FURG)<\/strong><\/li>\n<li>Murilo Naldi &#8211; Universidade Federal de S\u00e3o Carlos <strong>(UFSCar)<\/strong><\/li>\n<li>Renato Tin\u00f3s &#8211; Universidade de S\u00e3o Paulo <strong>(FFCLRP\/USP)<\/strong><\/li>\n<\/ul>\n<p><strong><\/strong><\/p>\n<p><strong><\/strong><\/p>\n<p><strong>Website Support:<\/strong><br \/>Gabriel Xavier Vieira do Nascimento &#8211; <a href=\"mailto:gabriel.vieira.nascimento@itec.com.br\">gabriel.vieira.nascimento@itec.ufpa.br<\/a><\/p>\n<p><strong>Social Media Support:<\/strong><br \/>Maria Eduarda Parente Bentes &#8211; <a href=\"mailto:mariaeduarda.parentebentes@gmail.com\">mariaeduarda.parentebentes@gmail.com<\/a><a href=\"mailto:andre@icmc.usp.br\"><\/a><\/p>\n<p><strong>Information and Communication Technology Support:<\/strong><br \/>Jorge Amaro de Sarges Cardoso &#8211;<a href=\"mailto:jorgeamaro@ufpa.br\"> jorgeamaro@ufpa.br<\/a><\/p>\n<p>[\/et_pb_text][\/et_pb_column][\/et_pb_row][\/et_pb_section]<\/p>\n","protected":false},"excerpt":{"rendered":"<p>Organization<div class=\"et_pb_module dsm_business_hours dsm_business_hours_0\">\n\t\t\t\t\n\t\t\t\t\n\t\t\t\t\n\t\t\t\t\n\t\t\t\t\n\t\t\t\t\n\t\t\t\t<div class=\"et_pb_module_inner\">\n\t\t\t\t\t\n\t\t\t\t<\/div>\n\t\t\t<\/div>GENERAL CHAIRS Prof. Dr. Andr\u00e9 Carlos Ponce de Leon Ferreira de Carvalho &#8211; Universidade de S\u00e3o Paulo (USP) contact: andre@icmc.usp.br Prof. Dr. Carlos Renato Lisboa Franc\u00eas &#8211; Universidade Federal do Par\u00e1 (UFPA) contact: rfrances@ufpa.br Prof. Dra. Evelin Helena Silva Cardoso &#8211; Universidade Federal do Par\u00e1 (UFPA) contact: evelincardoso@ufpa.br &nbsp; LOCAL CHAIRS &nbsp; Jose Jailton Henrique Ferreira Junior &#8211; Universidade Federal do Par\u00e1 (UFPA) contact: jjj@ufpa.br Hugo Pereira Kuribayashi &#8211; Universidade do Sul e Sudeste do Par\u00e1 (UNIFESSPA) contact: hugo@unifesspa.edu.br Jorge Antonio Moraes de Souza &#8211; Universidade Federal Rural da Amaz\u00f4nia (UFRA) contact: jorge.souza@ufra.edu.br &nbsp; PROGRAM CHAIRS BRACIS Aline Paes (IC\/UFF) &#8211; alinepaes@ic.uff.br Filipe A. N. Verri (IEC\/ITA) &#8211; filipe.verri@gp.ita.br &nbsp; KDMILE Eduardo Bezerra (CEFET-RJ) \u2013 ebezerra@cefet-rj.br Ronaldo Ribeiro Goldschmidt (IME-RJ) \u2013 ronaldo.rgold@ime.eb.br Reginaldo Cordeiro dos Santos Filho (UFPA) \u2013 regicsf@ufpa.br STIL Adriana Pagano (UFMG) &#8211; apagano@ufmg.br Daniela Barreiro Claro (UFBA) &#8211; dclaro@ufba.br &nbsp; ENIAC Rosiane de Freitas (IComp\/UFAM) &#8211; rosiane@icomp.ufam.edu.br Diego Furtado (ICMC\/USP) &#8211; diegofsilva@icmc.usp.br\u00a0 &nbsp; CTDIAC PhD Track Myriam Regattieri B. S. Delgado (UTFPR) &#8211; myriamdelg@gmail.com Rodrigo C. Barros (PUCRS) &#8211; rodrigo.barros@pucrs.br &nbsp; MSc Track Fernando Maciano de Paula Neto (UFPE) &#8211; fernando@cin.ufpe.br Karliane Vale (UFRN) &#8211; karliane.vale@ufrn.br Current members of CE-IA\/SBC Anna H. R. Costa [&hellip;]<\/p>\n","protected":false},"author":7,"featured_media":0,"parent":0,"menu_order":0,"comment_status":"closed","ping_status":"closed","template":"","meta":{"_et_pb_use_builder":"on","_et_pb_old_content":"","_et_gb_content_width":"","footnotes":""},"class_list":["post-256903","page","type-page","status-publish","hentry"],"_links":{"self":[{"href":"https:\/\/bracis.sbc.org.br\/2024\/wp-json\/wp\/v2\/pages\/256903","targetHints":{"allow":["GET"]}}],"collection":[{"href":"https:\/\/bracis.sbc.org.br\/2024\/wp-json\/wp\/v2\/pages"}],"about":[{"href":"https:\/\/bracis.sbc.org.br\/2024\/wp-json\/wp\/v2\/types\/page"}],"author":[{"embeddable":true,"href":"https:\/\/bracis.sbc.org.br\/2024\/wp-json\/wp\/v2\/users\/7"}],"replies":[{"embeddable":true,"href":"https:\/\/bracis.sbc.org.br\/2024\/wp-json\/wp\/v2\/comments?post=256903"}],"version-history":[{"count":16,"href":"https:\/\/bracis.sbc.org.br\/2024\/wp-json\/wp\/v2\/pages\/256903\/revisions"}],"predecessor-version":[{"id":258016,"href":"https:\/\/bracis.sbc.org.br\/2024\/wp-json\/wp\/v2\/pages\/256903\/revisions\/258016"}],"wp:attachment":[{"href":"https:\/\/bracis.sbc.org.br\/2024\/wp-json\/wp\/v2\/media?parent=256903"}],"curies":[{"name":"wp","href":"https:\/\/api.w.org\/{rel}","templated":true}]}}