{"id":257269,"date":"2024-05-21T14:59:12","date_gmt":"2024-05-21T17:59:12","guid":{"rendered":"https:\/\/bracis.sbc.org.br\/2024\/?page_id=257269"},"modified":"2024-05-21T14:59:12","modified_gmt":"2024-05-21T17:59:12","slug":"local","status":"publish","type":"page","link":"https:\/\/bracis.sbc.org.br\/2024\/local\/","title":{"rendered":"Local"},"content":{"rendered":"<p>[et_pb_section fb_built=&#8221;1&#8243; padding_top_bottom_link_2=&#8221;false&#8221; padding_left_right_link_2=&#8221;false&#8221; _builder_version=&#8221;4.25.0&#8243; _module_preset=&#8221;default&#8221; background_color=&#8221;gcid-1d86a217-8a0f-44b9-b3c2-cb04696d0f7f&#8221; overflow-x=&#8221;hidden&#8221; overflow-y=&#8221;hidden&#8221; custom_margin=&#8221;||0px||false|false&#8221; custom_padding=&#8221;4vw||3vw||false|false&#8221; locked=&#8221;off&#8221; global_colors_info=&#8221;{%22gcid-1d86a217-8a0f-44b9-b3c2-cb04696d0f7f%22:%91%22background_color%22%93}&#8221; theme_builder_area=&#8221;post_content&#8221;][et_pb_row column_structure=&#8221;2_3,1_3&#8243; _builder_version=&#8221;4.25.0&#8243; _module_preset=&#8221;default&#8221; custom_margin=&#8221;||0px||false|false&#8221; custom_padding=&#8221;||0px||false|false&#8221; locked=&#8221;off&#8221; global_colors_info=&#8221;{}&#8221; theme_builder_area=&#8221;post_content&#8221;][et_pb_column type=&#8221;2_3&#8243; _builder_version=&#8221;4.22.0&#8243; _module_preset=&#8221;default&#8221; global_colors_info=&#8221;{}&#8221; theme_builder_area=&#8221;post_content&#8221;][et_pb_text _builder_version=&#8221;4.25.0&#8243; _module_preset=&#8221;6f8c47c6-2aa4-4f59-993d-d5e8713d11a8&#8243; header_text_color=&#8221;gcid-b0afb9e7-00cb-4a3b-9bdf-e3137e7083ae&#8221; header_font_size=&#8221;50px&#8221; custom_margin=&#8221;||0px||false|false&#8221; custom_padding=&#8221;||0px||false|false&#8221; global_colors_info=&#8221;{%22gcid-b0afb9e7-00cb-4a3b-9bdf-e3137e7083ae%22:%91%22header_text_color%22%93}&#8221; theme_builder_area=&#8221;post_content&#8221;]<\/p>\n<h1><span>Local<\/span><\/h1>\n<p>[\/et_pb_text][dsm_business_hours _builder_version=&#8221;4.25.0&#8243; _module_preset=&#8221;default&#8221; global_colors_info=&#8221;{}&#8221; theme_builder_area=&#8221;post_content&#8221;][\/dsm_business_hours][\/et_pb_column][et_pb_column type=&#8221;1_3&#8243; _builder_version=&#8221;4.25.0&#8243; _module_preset=&#8221;default&#8221; global_colors_info=&#8221;{}&#8221; theme_builder_area=&#8221;post_content&#8221;][et_pb_image src=&#8221;https:\/\/bracis.sbc.org.br\/2024\/wp-content\/uploads\/2024\/05\/financial-planning-20.png&#8221; title_text=&#8221;financial-planning-20&#8243; _builder_version=&#8221;4.25.0&#8243; _module_preset=&#8221;default&#8221; positioning=&#8221;absolute&#8221; position_origin_a=&#8221;center_left&#8221; custom_margin=&#8221;0px|-30%|0px||false|false&#8221; custom_margin_tablet=&#8221;|0%||0%|false|true&#8221; custom_margin_phone=&#8221;|0%||0%|false|true&#8221; custom_margin_last_edited=&#8221;on|tablet&#8221; custom_padding=&#8221;0px||0px||false|false&#8221; locked=&#8221;off&#8221; global_colors_info=&#8221;{}&#8221; theme_builder_area=&#8221;post_content&#8221;][\/et_pb_image][\/et_pb_column][\/et_pb_row][\/et_pb_section][et_pb_section fb_built=&#8221;1&#8243; bg_img_2=&#8221;https:\/\/bracis.sbc.org.br\/2024\/wp-content\/uploads\/2024\/04\/business-05.jpg&#8221; admin_label=&#8221;About&#8221; _builder_version=&#8221;4.16&#8243; background_image=&#8221;https:\/\/bracis.sbc.org.br\/2024\/wp-content\/uploads\/2024\/04\/investing-15.jpg&#8221; background_size=&#8221;initial&#8221; background_position=&#8221;top_center&#8221; locked=&#8221;off&#8221; global_colors_info=&#8221;{}&#8221; theme_builder_area=&#8221;post_content&#8221;][et_pb_row column_structure=&#8221;3_5,2_5&#8243; use_custom_gutter=&#8221;on&#8221; gutter_width=&#8221;2&#8243; _builder_version=&#8221;4.25.0&#8243; custom_margin=&#8221;0px||||false|false&#8221; custom_padding=&#8221;0px||||false|false&#8221; global_colors_info=&#8221;{}&#8221; theme_builder_area=&#8221;post_content&#8221;][et_pb_column type=&#8221;3_5&#8243; _builder_version=&#8221;4.16&#8243; custom_padding=&#8221;|||&#8221; global_colors_info=&#8221;{}&#8221; custom_padding__hover=&#8221;|||&#8221; theme_builder_area=&#8221;post_content&#8221;][et_pb_text _builder_version=&#8221;4.16&#8243; text_font=&#8221;||||||||&#8221; text_font_size=&#8221;15px&#8221; text_line_height=&#8221;2em&#8221; header_2_font=&#8221;Glegoo||||||||&#8221; header_2_font_size=&#8221;40px&#8221; header_2_line_height=&#8221;1.4em&#8221; header_4_font=&#8221;|700||on|||||&#8221; header_4_text_color=&#8221;#1d48c0&#8243; header_4_font_size=&#8221;16px&#8221; header_4_letter_spacing=&#8221;2px&#8221; header_4_line_height=&#8221;1.6em&#8221; header_2_font_size_tablet=&#8221;30px&#8221; header_2_font_size_phone=&#8221;22px&#8221; header_2_font_size_last_edited=&#8221;on|phone&#8221; header_4_font_size_tablet=&#8221;&#8221; header_4_font_size_phone=&#8221;14px&#8221; header_4_font_size_last_edited=&#8221;on|phone&#8221; locked=&#8221;off&#8221; global_colors_info=&#8221;{}&#8221; theme_builder_area=&#8221;post_content&#8221;]<\/p>\n<p><b>UFPA<\/b><\/p>\n<p>Com sede na Cidade Universit\u00e1ria Professor Jos\u00e9 da Silveira Netto, em Bel\u00e9m, e presente em mais de oitenta munic\u00edpios paraenses, a Universidade Federal do Par\u00e1 \u00e9 considerada a maior institui\u00e7\u00e3o p\u00fablica de ensino superior gratuito da regi\u00e3o Norte do pa\u00eds e a mais prestigiada, presente em diversos rankings elaborados por institui\u00e7\u00f5es nacionais e internacionais.<\/p>\n<p>Criada em 2 de julho de 1957, a UFPA conta atualmente com um quadro de servidores de 2.997\u00a0docentes, 2.458\u00a0t\u00e9cnicos e uma popula\u00e7\u00e3o de\u00a0mais de 50 mil\u00a0alunos de gradua\u00e7\u00e3o, p\u00f3s-gradua\u00e7\u00e3o e educa\u00e7\u00e3o b\u00e1sica, t\u00e9cnica e tecnol\u00f3gica.\u00a0A UFPA foi pioneira na oferta do ensino superior na Amaz\u00f4nia brasileira e tem sido a mais importante fonte de profissionais qualificados da regi\u00e3o, l\u00edder em produ\u00e7\u00e3o de conhecimento e na divulga\u00e7\u00e3o da Ci\u00eancia e Tecnologia. Os esfor\u00e7os em conjunto de sua volumosa popula\u00e7\u00e3o de servidores e discentes, fazem da Universidade Federal do Par\u00e1 n\u00e3o apenas a maior universidade do Norte, mas tamb\u00e9m uma das maiores e mais importantes do Brasil.<\/p>\n<p>[\/et_pb_text][\/et_pb_column][et_pb_column type=&#8221;2_5&#8243; _builder_version=&#8221;4.16&#8243; custom_padding=&#8221;|||&#8221; global_colors_info=&#8221;{}&#8221; custom_padding__hover=&#8221;|||&#8221; theme_builder_area=&#8221;post_content&#8221;][et_pb_image src=&#8221;https:\/\/bracis.sbc.org.br\/2024\/wp-content\/uploads\/2024\/05\/ufpa2.png&#8221; title_text=&#8221;ufpa2&#8243; _builder_version=&#8221;4.25.0&#8243; _module_preset=&#8221;default&#8221; global_colors_info=&#8221;{}&#8221; theme_builder_area=&#8221;post_content&#8221;][\/et_pb_image][\/et_pb_column][\/et_pb_row][et_pb_row column_structure=&#8221;3_5,2_5&#8243; _builder_version=&#8221;4.25.0&#8243; custom_margin=&#8221;0px||||false|false&#8221; custom_padding=&#8221;0px||||false|false&#8221; global_colors_info=&#8221;{}&#8221; theme_builder_area=&#8221;post_content&#8221;][et_pb_column type=&#8221;3_5&#8243; _builder_version=&#8221;4.16&#8243; custom_padding=&#8221;|||&#8221; global_colors_info=&#8221;{}&#8221; custom_padding__hover=&#8221;|||&#8221; theme_builder_area=&#8221;post_content&#8221;][et_pb_text _builder_version=&#8221;4.25.0&#8243; text_font=&#8221;||||||||&#8221; text_font_size=&#8221;15px&#8221; text_line_height=&#8221;2em&#8221; header_2_font=&#8221;Glegoo||||||||&#8221; header_2_font_size=&#8221;40px&#8221; header_2_line_height=&#8221;1.4em&#8221; header_4_font=&#8221;|700||on|||||&#8221; header_4_text_color=&#8221;#1d48c0&#8243; header_4_font_size=&#8221;16px&#8221; header_4_letter_spacing=&#8221;2px&#8221; header_4_line_height=&#8221;1.6em&#8221; header_2_font_size_tablet=&#8221;30px&#8221; header_2_font_size_phone=&#8221;22px&#8221; header_2_font_size_last_edited=&#8221;on|phone&#8221; header_4_font_size_tablet=&#8221;&#8221; header_4_font_size_phone=&#8221;14px&#8221; header_4_font_size_last_edited=&#8221;on|phone&#8221; locked=&#8221;off&#8221; global_colors_info=&#8221;{}&#8221; theme_builder_area=&#8221;post_content&#8221;]<\/p>\n<p><b>UFOPA &#8211; Universidade Federal do Oeste do Par\u00e1<\/b><\/p>\n<p>Criada em 2009, a\u00a0<strong>Universidade Federal do Oeste do Par\u00e1 &#8211; UFOPA<\/strong>\u00a0\u00e9 a primeira institui\u00e7\u00e3o federal de ensino superior com sede num dos pontos mais estrat\u00e9gicos da Amaz\u00f4nia, no munic\u00edpio de Santar\u00e9m, a terceira maior cidade paraense, mundialmente conhecida por suas belezas naturais, com destaque para o encontro das \u00e1guas dos rios Tapaj\u00f3s e Amazonas.\u00a0<\/p>\n<p>A UFOPA surgiu da incorpora\u00e7\u00e3o do Campus de Santar\u00e9m da Universidade Federal do Par\u00e1 (UFPA) e da Unidade Descentralizada Tapaj\u00f3s da Universidade Federal Rural da Amaz\u00f4nia (UFRA), as quais mantinham atividades na regi\u00e3o oeste paraense. Em Santar\u00e9m, a UFOPA mant\u00e9m suas atividades em dois campi: o Campus Rondon, localizado no bairro Caranazal (antigas instala\u00e7\u00f5es da UFPA), e o Campus Tapaj\u00f3s, localizado no bairro Sal\u00e9 (antigas instala\u00e7\u00f5es da UFRA). Atualmente oferta 48 cursos de gradua\u00e7\u00e3o e 21 cursos de p\u00f3s-gradua\u00e7\u00e3o, atendendo mais de 8 mil alunos nos seus 7 campi.<\/p>\n<p>[\/et_pb_text][\/et_pb_column][et_pb_column type=&#8221;2_5&#8243; _builder_version=&#8221;4.16&#8243; custom_padding=&#8221;|||&#8221; global_colors_info=&#8221;{}&#8221; custom_padding__hover=&#8221;|||&#8221; theme_builder_area=&#8221;post_content&#8221;][et_pb_image src=&#8221;https:\/\/bracis.sbc.org.br\/2024\/wp-content\/uploads\/2024\/05\/uni3.jpg&#8221; title_text=&#8221;uni3&#8243; _builder_version=&#8221;4.25.0&#8243; _module_preset=&#8221;default&#8221; global_colors_info=&#8221;{}&#8221; theme_builder_area=&#8221;post_content&#8221;][\/et_pb_image][et_pb_text _builder_version=&#8221;4.25.0&#8243; text_font=&#8221;||||||||&#8221; text_font_size=&#8221;15px&#8221; text_line_height=&#8221;2em&#8221; header_2_font=&#8221;Glegoo||||||||&#8221; header_2_font_size=&#8221;40px&#8221; header_2_line_height=&#8221;1.4em&#8221; header_4_font=&#8221;|700||on|||||&#8221; header_4_text_color=&#8221;#1d48c0&#8243; header_4_font_size=&#8221;16px&#8221; header_4_letter_spacing=&#8221;2px&#8221; header_4_line_height=&#8221;1.6em&#8221; header_2_font_size_tablet=&#8221;30px&#8221; header_2_font_size_phone=&#8221;22px&#8221; header_2_font_size_last_edited=&#8221;on|phone&#8221; header_4_font_size_tablet=&#8221;&#8221; header_4_font_size_phone=&#8221;14px&#8221; header_4_font_size_last_edited=&#8221;on|phone&#8221; locked=&#8221;off&#8221; global_colors_info=&#8221;{}&#8221; theme_builder_area=&#8221;post_content&#8221;]<\/p>\n<p><strong>Unidade Tapaj\u00f3s<\/strong><br \/>Rua Vera Paz, s\/n\u00ba \u2013 Sal\u00e9<br \/>CEP 68040-255, Santar\u00e9m \u2013 Par\u00e1, Brasil<\/p>\n<p>[\/et_pb_text][\/et_pb_column][\/et_pb_row][et_pb_row column_structure=&#8221;3_5,2_5&#8243; _builder_version=&#8221;4.25.0&#8243; custom_margin=&#8221;0px||||false|false&#8221; custom_padding=&#8221;0px||||false|false&#8221; global_colors_info=&#8221;{}&#8221; theme_builder_area=&#8221;post_content&#8221;][et_pb_column type=&#8221;3_5&#8243; _builder_version=&#8221;4.16&#8243; custom_padding=&#8221;|||&#8221; global_colors_info=&#8221;{}&#8221; custom_padding__hover=&#8221;|||&#8221; theme_builder_area=&#8221;post_content&#8221;][et_pb_text _builder_version=&#8221;4.25.0&#8243; text_font=&#8221;||||||||&#8221; text_font_size=&#8221;15px&#8221; text_line_height=&#8221;2em&#8221; header_2_font=&#8221;Glegoo||||||||&#8221; header_2_font_size=&#8221;40px&#8221; header_2_line_height=&#8221;1.4em&#8221; header_4_font=&#8221;|700||on|||||&#8221; header_4_text_color=&#8221;#1d48c0&#8243; header_4_font_size=&#8221;16px&#8221; header_4_letter_spacing=&#8221;2px&#8221; header_4_line_height=&#8221;1.6em&#8221; header_2_font_size_tablet=&#8221;30px&#8221; header_2_font_size_phone=&#8221;22px&#8221; header_2_font_size_last_edited=&#8221;on|phone&#8221; header_4_font_size_tablet=&#8221;&#8221; header_4_font_size_phone=&#8221;14px&#8221; header_4_font_size_last_edited=&#8221;on|phone&#8221; locked=&#8221;off&#8221; global_colors_info=&#8221;{}&#8221; theme_builder_area=&#8221;post_content&#8221;]<\/p>\n<p><b>UNIFESSPA &#8211; Universidade Federal do Sul e Sudeste do Par\u00e1<\/b><\/p>\n<p style=\"text-align: justify; line-height: 21.0pt; vertical-align: baseline; margin: 0cm 0cm 7.5pt 0cm;\"><span style=\"font-size: 10.5pt; font-family: 'Open Sans'; color: black; background: white;\">Criada em 5 de junho de 2013, pela Lei Federal 12.824, a partir do desmembramento do Campus Marab\u00e1 da Universidade Federal do Par\u00e1 (UFPA), a Universidade Federal do Sul e Sudeste do Par\u00e1 (Unifesspa)\u00a0contribui para a profissionaliza\u00e7\u00e3o de qualidade do norte do pa\u00eds em cumprimento \u00e0 fun\u00e7\u00e3o social das universidades p\u00fablicas, especialmente na regi\u00e3o amaz\u00f4nica. <\/span><span style=\"font-size: 10.5pt; font-family: 'Open Sans'; color: black;\">Com estrutura multicampi, est\u00e1 presente em Marab\u00e1 (sede), Rondon do Par\u00e1, Santana do Araguaia, S\u00e3o F\u00e9lix do Xingu e Xinguara. Contudo, sua \u00e1rea de abrang\u00eancia vai al\u00e9m dessas cidades, envolvendo os 39 munic\u00edpios da mesorregi\u00e3o do Sul e Sudeste paraense, ainda com potencial impacto no norte do Tocantins, sul do Maranh\u00e3o e norte do Mato Grosso.<o:p><\/o:p><\/span><\/p>\n<p style=\"text-align: justify; line-height: 21.0pt; vertical-align: baseline; margin: 0cm 0cm 7.5pt 0cm;\"><span style=\"font-size: 10.5pt; font-family: 'Open Sans'; color: black;\">A Unifesspa disponibiliza mais de 40 cursos de gradua\u00e7\u00e3o (bacharelado e licenciatura) na modalidade presencial, 18 programas de P\u00f3s-Gradua\u00e7\u00e3o lato (especializa\u00e7\u00f5es e aperfei\u00e7oamentos) e stricto sensu (mestrados e doutorados), al\u00e9m de desenvolver atividades de pesquisa e extens\u00e3o que contribuem para o desenvolvimento econ\u00f4mico e social do Par\u00e1 e do pa\u00eds.<o:p><\/o:p><\/span><\/p>\n<p>[\/et_pb_text][\/et_pb_column][et_pb_column type=&#8221;2_5&#8243; _builder_version=&#8221;4.16&#8243; custom_padding=&#8221;|||&#8221; global_colors_info=&#8221;{}&#8221; custom_padding__hover=&#8221;|||&#8221; theme_builder_area=&#8221;post_content&#8221;][et_pb_image src=&#8221;https:\/\/bracis.sbc.org.br\/2024\/wp-content\/uploads\/2024\/05\/uni4.jpg&#8221; title_text=&#8221;uni4&#8243; _builder_version=&#8221;4.25.0&#8243; _module_preset=&#8221;default&#8221; global_colors_info=&#8221;{}&#8221; theme_builder_area=&#8221;post_content&#8221;][\/et_pb_image][\/et_pb_column][\/et_pb_row][\/et_pb_section]<\/p>\n","protected":false},"excerpt":{"rendered":"<p>Local<div class=\"et_pb_module dsm_business_hours dsm_business_hours_0\">\n\t\t\t\t\n\t\t\t\t\n\t\t\t\t\n\t\t\t\t\n\t\t\t\t\n\t\t\t\t\n\t\t\t\t<div class=\"et_pb_module_inner\">\n\t\t\t\t\t\n\t\t\t\t<\/div>\n\t\t\t<\/div>UFPA Com sede na Cidade Universit\u00e1ria Professor Jos\u00e9 da Silveira Netto, em Bel\u00e9m, e presente em mais de oitenta munic\u00edpios paraenses, a Universidade Federal do Par\u00e1 \u00e9 considerada a maior institui\u00e7\u00e3o p\u00fablica de ensino superior gratuito da regi\u00e3o Norte do pa\u00eds e a mais prestigiada, presente em diversos rankings elaborados por institui\u00e7\u00f5es nacionais e internacionais. Criada em 2 de julho de 1957, a UFPA conta atualmente com um quadro de servidores de 2.997\u00a0docentes, 2.458\u00a0t\u00e9cnicos e uma popula\u00e7\u00e3o de\u00a0mais de 50 mil\u00a0alunos de gradua\u00e7\u00e3o, p\u00f3s-gradua\u00e7\u00e3o e educa\u00e7\u00e3o b\u00e1sica, t\u00e9cnica e tecnol\u00f3gica.\u00a0A UFPA foi pioneira na oferta do ensino superior na Amaz\u00f4nia brasileira e tem sido a mais importante fonte de profissionais qualificados da regi\u00e3o, l\u00edder em produ\u00e7\u00e3o de conhecimento e na divulga\u00e7\u00e3o da Ci\u00eancia e Tecnologia. Os esfor\u00e7os em conjunto de sua volumosa popula\u00e7\u00e3o de servidores e discentes, fazem da Universidade Federal do Par\u00e1 n\u00e3o apenas a maior universidade do Norte, mas tamb\u00e9m uma das maiores e mais importantes do Brasil.UFOPA &#8211; Universidade Federal do Oeste do Par\u00e1 Criada em 2009, a\u00a0Universidade Federal do Oeste do Par\u00e1 &#8211; UFOPA\u00a0\u00e9 a primeira institui\u00e7\u00e3o federal de ensino superior com sede num dos pontos mais estrat\u00e9gicos da Amaz\u00f4nia, no munic\u00edpio [&hellip;]<\/p>\n","protected":false},"author":7,"featured_media":0,"parent":0,"menu_order":0,"comment_status":"closed","ping_status":"closed","template":"","meta":{"_et_pb_use_builder":"on","_et_pb_old_content":"","_et_gb_content_width":"","footnotes":""},"class_list":["post-257269","page","type-page","status-publish","hentry"],"_links":{"self":[{"href":"https:\/\/bracis.sbc.org.br\/2024\/wp-json\/wp\/v2\/pages\/257269","targetHints":{"allow":["GET"]}}],"collection":[{"href":"https:\/\/bracis.sbc.org.br\/2024\/wp-json\/wp\/v2\/pages"}],"about":[{"href":"https:\/\/bracis.sbc.org.br\/2024\/wp-json\/wp\/v2\/types\/page"}],"author":[{"embeddable":true,"href":"https:\/\/bracis.sbc.org.br\/2024\/wp-json\/wp\/v2\/users\/7"}],"replies":[{"embeddable":true,"href":"https:\/\/bracis.sbc.org.br\/2024\/wp-json\/wp\/v2\/comments?post=257269"}],"version-history":[{"count":2,"href":"https:\/\/bracis.sbc.org.br\/2024\/wp-json\/wp\/v2\/pages\/257269\/revisions"}],"predecessor-version":[{"id":257271,"href":"https:\/\/bracis.sbc.org.br\/2024\/wp-json\/wp\/v2\/pages\/257269\/revisions\/257271"}],"wp:attachment":[{"href":"https:\/\/bracis.sbc.org.br\/2024\/wp-json\/wp\/v2\/media?parent=257269"}],"curies":[{"name":"wp","href":"https:\/\/api.w.org\/{rel}","templated":true}]}}