{"id":257339,"date":"2024-05-23T13:49:30","date_gmt":"2024-05-23T16:49:30","guid":{"rendered":"https:\/\/bracis.sbc.org.br\/2024\/?page_id=257339"},"modified":"2024-11-05T11:46:50","modified_gmt":"2024-11-05T14:46:50","slug":"eventos","status":"publish","type":"page","link":"https:\/\/bracis.sbc.org.br\/2024\/eventos\/","title":{"rendered":"Eventos"},"content":{"rendered":"<p>[et_pb_section fb_built=&#8221;1&#8243; padding_top_bottom_link_2=&#8221;false&#8221; padding_left_right_link_2=&#8221;false&#8221; _builder_version=&#8221;4.25.0&#8243; _module_preset=&#8221;default&#8221; background_color=&#8221;gcid-1d86a217-8a0f-44b9-b3c2-cb04696d0f7f&#8221; overflow-x=&#8221;hidden&#8221; overflow-y=&#8221;hidden&#8221; custom_margin=&#8221;||0px||false|false&#8221; custom_padding=&#8221;4vw||3vw||false|false&#8221; locked=&#8221;off&#8221; global_colors_info=&#8221;{%22gcid-1d86a217-8a0f-44b9-b3c2-cb04696d0f7f%22:%91%22background_color%22%93}&#8221;][et_pb_row column_structure=&#8221;2_3,1_3&#8243; _builder_version=&#8221;4.25.1&#8243; _module_preset=&#8221;default&#8221; custom_margin=&#8221;||0px||false|false&#8221; custom_padding=&#8221;||0px||false|false&#8221; locked=&#8221;off&#8221; global_colors_info=&#8221;{}&#8221;][et_pb_column type=&#8221;2_3&#8243; _builder_version=&#8221;4.22.0&#8243; _module_preset=&#8221;default&#8221; global_colors_info=&#8221;{}&#8221;][et_pb_text _builder_version=&#8221;4.25.0&#8243; _module_preset=&#8221;6f8c47c6-2aa4-4f59-993d-d5e8713d11a8&#8243; header_text_color=&#8221;gcid-b0afb9e7-00cb-4a3b-9bdf-e3137e7083ae&#8221; header_font_size=&#8221;50px&#8221; custom_margin=&#8221;||0px||false|false&#8221; custom_padding=&#8221;||0px||false|false&#8221; global_colors_info=&#8221;{%22gcid-b0afb9e7-00cb-4a3b-9bdf-e3137e7083ae%22:%91%22header_text_color%22%93}&#8221;]<\/p>\n<h1><span>Eventos<\/span><\/h1>\n<p>[\/et_pb_text][dsm_business_hours _builder_version=&#8221;4.25.0&#8243; _module_preset=&#8221;default&#8221; global_colors_info=&#8221;{}&#8221;][\/dsm_business_hours][\/et_pb_column][et_pb_column type=&#8221;1_3&#8243; _builder_version=&#8221;4.25.0&#8243; _module_preset=&#8221;default&#8221; global_colors_info=&#8221;{}&#8221;][et_pb_image src=&#8221;https:\/\/bracis.sbc.org.br\/2024\/wp-content\/uploads\/2024\/05\/financial-planning-20.png&#8221; title_text=&#8221;financial-planning-20&#8243; _builder_version=&#8221;4.25.0&#8243; _module_preset=&#8221;default&#8221; positioning=&#8221;absolute&#8221; position_origin_a=&#8221;center_left&#8221; custom_margin=&#8221;0px|-30%|0px||false|false&#8221; custom_margin_tablet=&#8221;|0%||0%|false|true&#8221; custom_margin_phone=&#8221;|0%||0%|false|true&#8221; custom_margin_last_edited=&#8221;on|tablet&#8221; custom_padding=&#8221;0px||0px||false|false&#8221; locked=&#8221;off&#8221; global_colors_info=&#8221;{}&#8221;][\/et_pb_image][\/et_pb_column][\/et_pb_row][\/et_pb_section][et_pb_section fb_built=&#8221;1&#8243; bg_img_2=&#8221;https:\/\/bracis.sbc.org.br\/2024\/wp-content\/uploads\/2024\/04\/business-05.jpg&#8221; admin_label=&#8221;About&#8221; _builder_version=&#8221;4.16&#8243; background_image=&#8221;https:\/\/bracis.sbc.org.br\/2024\/wp-content\/uploads\/2024\/04\/investing-15.jpg&#8221; background_size=&#8221;initial&#8221; background_position=&#8221;top_center&#8221; min_height=&#8221;382px&#8221; locked=&#8221;off&#8221; global_colors_info=&#8221;{}&#8221;][et_pb_row _builder_version=&#8221;4.25.0&#8243; custom_margin=&#8221;-16px|auto||auto|false|false&#8221; custom_padding=&#8221;0px||||false|false&#8221; global_colors_info=&#8221;{}&#8221;][et_pb_column type=&#8221;4_4&#8243; _builder_version=&#8221;4.16&#8243; custom_padding=&#8221;|||&#8221; global_colors_info=&#8221;{}&#8221; custom_padding__hover=&#8221;|||&#8221;][et_pb_text _builder_version=&#8221;4.27.2&#8243; text_font=&#8221;||||||||&#8221; text_font_size=&#8221;15px&#8221; text_line_height=&#8221;2em&#8221; header_2_font=&#8221;Glegoo||||||||&#8221; header_2_font_size=&#8221;40px&#8221; header_2_line_height=&#8221;1.4em&#8221; header_4_font=&#8221;|700||on|||||&#8221; header_4_text_color=&#8221;#1d48c0&#8243; header_4_font_size=&#8221;16px&#8221; header_4_letter_spacing=&#8221;2px&#8221; header_4_line_height=&#8221;1.6em&#8221; min_height=&#8221;265px&#8221; custom_margin=&#8221;-24px|||||&#8221; header_2_font_size_tablet=&#8221;30px&#8221; header_2_font_size_phone=&#8221;22px&#8221; header_2_font_size_last_edited=&#8221;on|phone&#8221; header_4_font_size_tablet=&#8221;&#8221; header_4_font_size_phone=&#8221;14px&#8221; header_4_font_size_last_edited=&#8221;on|phone&#8221; locked=&#8221;off&#8221; global_colors_info=&#8221;{}&#8221;]<\/p>\n<p><strong><b>Jantar da confer\u00eancia (quarta-feira, 20h00)<\/b><\/strong><\/p>\n<p>\u00a0Na quarta-feira, dia 20 de novembro, teremos o jantar da confer\u00eancia na Casa Mia Eventos. A Casa Mia oferecer\u00e1 uma experi\u00eancia incr\u00edvel de &#8220;festa paraense&#8221;. Teremos comidas t\u00edpicas e atra\u00e7\u00f5es regionais. N\u00e3o perca!<\/p>\n<p>\u00a0A Casa Mia est\u00e1 localizada na Rua Quintino Bocai\u00fava, 1696. Bel\u00e9m &#8211; PA. \u00a0<\/p>\n<p>Os ingressos podem ser comprados na mesa de registro (ECOS) por: \u00a0<\/p>\n<ul>\n<li>R$ 140,00 se voc\u00ea for profissional \u00a0<\/li>\n<li>R$ 90,00 se voc\u00ea for estudante. \u00a0<\/li>\n<\/ul>\n<p>Se voc\u00ea quiser levar um acompanhante que n\u00e3o est\u00e1 registrado para a confer\u00eancia, tamb\u00e9m pode comprar o ingresso na mesa de registro (ECOS) &#8211; &#8216;Somente Jantar do BRACIS&#8217;, por R$ 170,00. \u00a0<\/p>\n<p>Para compra de ingressos e mais informa\u00e7\u00f5es, visite <strong><a href=\"https:\/\/centraldesistemas.sbc.org.br\/ecos\/bracis2024\">https:\/\/centraldesistemas.sbc.org.br\/ecos\/bracis2024<\/a><\/strong><\/p>\n<p>&nbsp;<\/p>\n<p><strong><b><span>Programa Cultural \u201cOrla ao Entardecer\u201d (Domingo, 17 de novembro, partindo \u00e0s 17:00 da Esta\u00e7\u00e3o das Docas)<\/span><\/b><\/strong><\/p>\n<p>O passeio de barco &#8220;Orla ao Entardecer&#8221; oferece uma vista deslumbrante da cidade de Bel\u00e9m do Par\u00e1 enquanto o sol se p\u00f5e, criando um cen\u00e1rio encantador com belas vistas. Durante a viagem, os participantes podem apreciar a orla de Bel\u00e9m, passando por pontos hist\u00f3ricos, como o Mercado Ver-o-Peso. Al\u00e9m da beleza natural, o passeio \u00e9 enriquecido com apresenta\u00e7\u00f5es culturais, incluindo dan\u00e7as regionais e m\u00fasicas que refletem a cultura local.<\/p>\n<p>O passeio \u00e9 oferecido pela Valeverde Turismo, que reservou uma viagem especial para os participantes do 34\u00ba BRACIS no dia 17 de novembro, partindo \u00e0s 17:00 da Esta\u00e7\u00e3o das Docas, localizada na Avenida Marechal Hermes, sem n\u00famero. Para mais detalhes sobre hor\u00e1rios, pre\u00e7os e como reservar, voc\u00ea pode visitar o site ou entrar em contato com Eliana pelo telefone (+55 91 98900-4188).<\/p>\n<p>Informa\u00e7\u00f5es e Dicas Tur\u00edsticas para Bel\u00e9m do Par\u00e1 e Adjac\u00eancias. Confira op\u00e7\u00f5es feitas especialmente para Bracis e compre seu ingresso. Visite<strong>\u00a0<\/strong><span><u><strong><a href=\"https:\/\/materiais.valeverdeturismo.com.br\/bracis\">https:\/\/materiais.valeverdeturismo.com.br\/bracis<\/a><\/strong><a href=\"https:\/\/materiais.valeverdeturismo.com.br\/bracis\"><\/a><\/u><\/span><\/p>\n<p><span><u><\/u><\/span><\/p>\n<p>Informa\u00e7\u00f5es e Dicas Tur\u00edsticas para o Arquip\u00e9lago do Maraj\u00f3. \u00c9 considerado o maior sistema fluvio-mar\u00edtimo insular do mundo, composto por aproximadamente 3.000 ilhas,<br \/>com foco na Ilha do Maraj\u00f3, sua maior ilha. Confira aqui op\u00e7\u00f5es feitas especialmente para Bracis. (<strong><a href=\"https:\/\/drive.google.com\/file\/d\/1cW7WUBDUDdePPbIuPSPU2ayWTKBcsaps\/view?usp=drive_link\">https:\/\/drive.google.com\/file\/d\/1cW7WUBDUDdePPbIuPSPU2ayWTKBcsaps\/view?usp=drive_link<\/a><\/strong>)<\/p>\n<p>&nbsp;<\/p>\n<p>[\/et_pb_text][\/et_pb_column][\/et_pb_row][\/et_pb_section]<\/p>\n","protected":false},"excerpt":{"rendered":"<p>Eventos<div class=\"et_pb_module dsm_business_hours dsm_business_hours_0\">\n\t\t\t\t\n\t\t\t\t\n\t\t\t\t\n\t\t\t\t\n\t\t\t\t\n\t\t\t\t\n\t\t\t\t<div class=\"et_pb_module_inner\">\n\t\t\t\t\t\n\t\t\t\t<\/div>\n\t\t\t<\/div>Jantar da confer\u00eancia (quarta-feira, 20h00) \u00a0Na quarta-feira, dia 20 de novembro, teremos o jantar da confer\u00eancia na Casa Mia Eventos. A Casa Mia oferecer\u00e1 uma experi\u00eancia incr\u00edvel de &#8220;festa paraense&#8221;. Teremos comidas t\u00edpicas e atra\u00e7\u00f5es regionais. N\u00e3o perca! \u00a0A Casa Mia est\u00e1 localizada na Rua Quintino Bocai\u00fava, 1696. Bel\u00e9m &#8211; PA. \u00a0 Os ingressos podem ser comprados na mesa de registro (ECOS) por: \u00a0 R$ 140,00 se voc\u00ea for profissional \u00a0 R$ 90,00 se voc\u00ea for estudante. \u00a0 Se voc\u00ea quiser levar um acompanhante que n\u00e3o est\u00e1 registrado para a confer\u00eancia, tamb\u00e9m pode comprar o ingresso na mesa de registro (ECOS) &#8211; &#8216;Somente Jantar do BRACIS&#8217;, por R$ 170,00. \u00a0 Para compra de ingressos e mais informa\u00e7\u00f5es, visite https:\/\/centraldesistemas.sbc.org.br\/ecos\/bracis2024 &nbsp; Programa Cultural \u201cOrla ao Entardecer\u201d (Domingo, 17 de novembro, partindo \u00e0s 17:00 da Esta\u00e7\u00e3o das Docas) O passeio de barco &#8220;Orla ao Entardecer&#8221; oferece uma vista deslumbrante da cidade de Bel\u00e9m do Par\u00e1 enquanto o sol se p\u00f5e, criando um cen\u00e1rio encantador com belas vistas. Durante a viagem, os participantes podem apreciar a orla de Bel\u00e9m, passando por pontos hist\u00f3ricos, como o Mercado Ver-o-Peso. Al\u00e9m da beleza natural, o passeio \u00e9 enriquecido com apresenta\u00e7\u00f5es culturais, incluindo dan\u00e7as [&hellip;]<\/p>\n","protected":false},"author":7,"featured_media":0,"parent":0,"menu_order":0,"comment_status":"closed","ping_status":"closed","template":"","meta":{"_et_pb_use_builder":"on","_et_pb_old_content":"","_et_gb_content_width":"","footnotes":""},"class_list":["post-257339","page","type-page","status-publish","hentry"],"_links":{"self":[{"href":"https:\/\/bracis.sbc.org.br\/2024\/wp-json\/wp\/v2\/pages\/257339","targetHints":{"allow":["GET"]}}],"collection":[{"href":"https:\/\/bracis.sbc.org.br\/2024\/wp-json\/wp\/v2\/pages"}],"about":[{"href":"https:\/\/bracis.sbc.org.br\/2024\/wp-json\/wp\/v2\/types\/page"}],"author":[{"embeddable":true,"href":"https:\/\/bracis.sbc.org.br\/2024\/wp-json\/wp\/v2\/users\/7"}],"replies":[{"embeddable":true,"href":"https:\/\/bracis.sbc.org.br\/2024\/wp-json\/wp\/v2\/comments?post=257339"}],"version-history":[{"count":6,"href":"https:\/\/bracis.sbc.org.br\/2024\/wp-json\/wp\/v2\/pages\/257339\/revisions"}],"predecessor-version":[{"id":258003,"href":"https:\/\/bracis.sbc.org.br\/2024\/wp-json\/wp\/v2\/pages\/257339\/revisions\/258003"}],"wp:attachment":[{"href":"https:\/\/bracis.sbc.org.br\/2024\/wp-json\/wp\/v2\/media?parent=257339"}],"curies":[{"name":"wp","href":"https:\/\/api.w.org\/{rel}","templated":true}]}}