{"id":257529,"date":"2024-08-20T10:29:09","date_gmt":"2024-08-20T13:29:09","guid":{"rendered":"https:\/\/bracis.sbc.org.br\/2024\/?page_id=257529"},"modified":"2024-10-18T15:02:41","modified_gmt":"2024-10-18T18:02:41","slug":"inscricoes","status":"publish","type":"page","link":"https:\/\/bracis.sbc.org.br\/2024\/inscricoes\/","title":{"rendered":"Inscri\u00e7\u00f5es"},"content":{"rendered":"<p>[et_pb_section fb_built=&#8221;1&#8243; padding_top_bottom_link_2=&#8221;false&#8221; padding_left_right_link_2=&#8221;false&#8221; _builder_version=&#8221;4.25.0&#8243; _module_preset=&#8221;default&#8221; background_color=&#8221;gcid-1d86a217-8a0f-44b9-b3c2-cb04696d0f7f&#8221; overflow-x=&#8221;hidden&#8221; overflow-y=&#8221;hidden&#8221; custom_margin=&#8221;||0px||false|false&#8221; custom_padding=&#8221;4vw||3vw||false|false&#8221; locked=&#8221;off&#8221; global_colors_info=&#8221;{%22gcid-1d86a217-8a0f-44b9-b3c2-cb04696d0f7f%22:%91%22background_color%22%93}&#8221;][et_pb_row column_structure=&#8221;2_3,1_3&#8243; _builder_version=&#8221;4.25.0&#8243; _module_preset=&#8221;default&#8221; custom_margin=&#8221;||0px||false|false&#8221; custom_padding=&#8221;||0px||false|false&#8221; locked=&#8221;off&#8221; global_colors_info=&#8221;{}&#8221;][et_pb_column type=&#8221;2_3&#8243; _builder_version=&#8221;4.22.0&#8243; _module_preset=&#8221;default&#8221; global_colors_info=&#8221;{}&#8221;][et_pb_text _builder_version=&#8221;4.25.0&#8243; _module_preset=&#8221;6f8c47c6-2aa4-4f59-993d-d5e8713d11a8&#8243; header_text_color=&#8221;gcid-b0afb9e7-00cb-4a3b-9bdf-e3137e7083ae&#8221; header_font_size=&#8221;50px&#8221; custom_margin=&#8221;||0px||false|false&#8221; custom_padding=&#8221;||0px||false|false&#8221; global_colors_info=&#8221;{%22gcid-b0afb9e7-00cb-4a3b-9bdf-e3137e7083ae%22:%91%22header_text_color%22%93}&#8221;]<\/p>\n<h1><span>Inscri\u00e7\u00f5es<\/span><\/h1>\n<p>[\/et_pb_text][dsm_business_hours _builder_version=&#8221;4.25.0&#8243; _module_preset=&#8221;default&#8221; global_colors_info=&#8221;{}&#8221;][\/dsm_business_hours][\/et_pb_column][et_pb_column type=&#8221;1_3&#8243; _builder_version=&#8221;4.25.0&#8243; _module_preset=&#8221;default&#8221; global_colors_info=&#8221;{}&#8221;][et_pb_image src=&#8221;https:\/\/bracis.sbc.org.br\/2024\/wp-content\/uploads\/2024\/05\/financial-planning-20.png&#8221; title_text=&#8221;financial-planning-20&#8243; _builder_version=&#8221;4.25.0&#8243; _module_preset=&#8221;default&#8221; positioning=&#8221;absolute&#8221; position_origin_a=&#8221;center_left&#8221; custom_margin=&#8221;0px|-30%|0px||false|false&#8221; custom_margin_tablet=&#8221;|0%||0%|false|true&#8221; custom_margin_phone=&#8221;|0%||0%|false|true&#8221; custom_margin_last_edited=&#8221;on|tablet&#8221; custom_padding=&#8221;0px||0px||false|false&#8221; locked=&#8221;off&#8221; global_colors_info=&#8221;{}&#8221;][\/et_pb_image][\/et_pb_column][\/et_pb_row][\/et_pb_section][et_pb_section fb_built=&#8221;1&#8243; bg_img_2=&#8221;https:\/\/bracis.sbc.org.br\/2024\/wp-content\/uploads\/2024\/04\/business-05.jpg&#8221; admin_label=&#8221;About&#8221; _builder_version=&#8221;4.27.0&#8243; background_image=&#8221;https:\/\/bracis.sbc.org.br\/2024\/wp-content\/uploads\/2024\/04\/investing-15.jpg&#8221; background_size=&#8221;initial&#8221; background_position=&#8221;top_center&#8221; hover_enabled=&#8221;0&#8243; global_colors_info=&#8221;{}&#8221; sticky_enabled=&#8221;0&#8243;][et_pb_row _builder_version=&#8221;4.27.0&#8243; _module_preset=&#8221;default&#8221; global_colors_info=&#8221;{}&#8221;][et_pb_column type=&#8221;4_4&#8243; _builder_version=&#8221;4.27.0&#8243; _module_preset=&#8221;default&#8221; global_colors_info=&#8221;{}&#8221;][et_pb_button button_url=&#8221;https:\/\/centraldesistemas.sbc.org.br\/ecos\/bracis2024&#8243; url_new_window=&#8221;on&#8221; button_text=&#8221;INSCREVA-SE AGORA !&#8221; button_alignment=&#8221;center&#8221; _builder_version=&#8221;4.27.2&#8243; _module_preset=&#8221;default&#8221; custom_button=&#8221;on&#8221; button_text_size=&#8221;32px&#8221; button_text_color=&#8221;#000000&#8243; button_bg_color=&#8221;#d3eb42&#8243; button_border_width=&#8221;0px&#8221; button_border_radius=&#8221;100px&#8221; button_font=&#8221;|600|||||||&#8221; button_icon=&#8221;&#x6a;||divi||400&#8243; custom_margin=&#8221;-60px|-538px|1px|0px|false|false&#8221; animation_style=&#8221;fade&#8221; hover_enabled=&#8221;0&#8243; button_text_shadow_style=&#8221;preset1&#8243; box_shadow_style=&#8221;preset2&#8243; box_shadow_blur=&#8221;0px&#8221; global_colors_info=&#8221;{}&#8221; sticky_enabled=&#8221;0&#8243;][\/et_pb_button][\/et_pb_column][\/et_pb_row][et_pb_row _builder_version=&#8221;4.25.0&#8243; custom_margin=&#8221;0px||||false|false&#8221; custom_padding=&#8221;0px|14px|||false|false&#8221; global_colors_info=&#8221;{}&#8221;][et_pb_column type=&#8221;4_4&#8243; _builder_version=&#8221;4.16&#8243; custom_padding=&#8221;|||&#8221; global_colors_info=&#8221;{}&#8221; custom_padding__hover=&#8221;|||&#8221;][et_pb_image src=&#8221;https:\/\/bracis.sbc.org.br\/2024\/wp-content\/uploads\/2024\/08\/banner_COMBO.png&#8221; title_text=&#8221;banner_COMBO&#8221; url=&#8221;https:\/\/centraldesistemas.sbc.org.br\/ecos\/bracis2024&#8243; url_new_window=&#8221;on&#8221; align=&#8221;center&#8221; _builder_version=&#8221;4.27.2&#8243; _module_preset=&#8221;default&#8221; hover_enabled=&#8221;0&#8243; global_colors_info=&#8221;{}&#8221; custom_padding=&#8221;|||0px|false|false&#8221; custom_margin=&#8221;-105px|0px||0px|false|false&#8221; sticky_enabled=&#8221;0&#8243;][\/et_pb_image][et_pb_text _builder_version=&#8221;4.27.2&#8243; _module_preset=&#8221;default&#8221; width=&#8221;100%&#8221; custom_padding=&#8221;|73px||||&#8221; global_colors_info=&#8221;{}&#8221;]<\/p>\n<table width=\"1456\" style=\"width: 1077px; height: 1148px;\" height=\"1282\">\n<tbody>\n<tr style=\"height: 56px;\">\n<td rowspan=\"2\" style=\"width: 590.298px; height: 112px;\"><strong>Categoria<\/strong><\/td>\n<td style=\"width: 148.338px; height: 56px;\">1\u00ba Per\u00edodo de inscri\u00e7\u00f5es<\/td>\n<td style=\"width: 158.949px; height: 56px;\">2\u00ba Per\u00edodo de inscri\u00e7\u00f5es<\/td>\n<td style=\"width: 153.267px; height: 56px;\">3\u00ba Per\u00edodo de inscri\u00e7\u00f5es<\/td>\n<\/tr>\n<tr style=\"height: 56px;\">\n<td style=\"width: 148.338px; height: 56px;\">De 09\/08 a 30\/10\/25<\/td>\n<td style=\"width: 158.949px; height: 56px;\">De 31\/10 a 07\/11\/24<\/td>\n<td style=\"width: 153.267px; height: 56px;\">De 08\/11 a 21\/11\/24<\/td>\n<\/tr>\n<tr style=\"height: 28px;\">\n<td style=\"background-color: #d3eb42; color: #121212; font-weight: bold; width: 1067.73px; height: 28px;\" colspan=\"4\">Estudante<\/td>\n<\/tr>\n<tr style=\"height: 28px;\">\n<td style=\"width: 590.298px; height: 28px;\">Estudante associado \u00e0 SBC com anuidade vigente<\/td>\n<td style=\"width: 148.338px; height: 28px;\">R$ 250,00<\/td>\n<td style=\"width: 158.949px; height: 28px;\">R$ 300,00<\/td>\n<td style=\"width: 153.267px; height: 28px;\">R$ 350,00<\/td>\n<\/tr>\n<tr style=\"height: 56px;\">\n<td style=\"width: 590.298px; height: 56px;\">Estudante associado \u00e0 SBC com anuidade vencendo em at\u00e9 90 dias (Melhor op\u00e7\u00e3o: COMBO inscri\u00e7\u00e3o no evento + renova\u00e7\u00e3o da associa\u00e7\u00e3o \u00e0 SBC)<\/td>\n<td style=\"width: 148.338px; height: 56px;\">R$ 281,00<\/td>\n<td style=\"width: 158.949px; height: 56px;\">R$ 331,00<\/td>\n<td style=\"width: 153.267px; height: 56px;\">R$ 381,00<\/td>\n<\/tr>\n<tr style=\"height: 56px;\">\n<td style=\"width: 590.298px; height: 56px;\">Estudante n\u00e3o associado ou com associa\u00e7\u00e3o n\u00e3o vigente \u00e0 SBC (Melhor op\u00e7\u00e3o: COMBO inscri\u00e7\u00e3o no evento + associa\u00e7\u00e3o \u00e0 SBC)<\/td>\n<td style=\"width: 148.338px; height: 56px;\">R$ 281,00<\/td>\n<td style=\"width: 158.949px; height: 56px;\">R$ 331,00<\/td>\n<td style=\"width: 153.267px; height: 56px;\">R$ 381,00<\/td>\n<\/tr>\n<tr style=\"height: 28px;\">\n<td style=\"width: 590.298px; height: 28px;\">Estudante n\u00e3o associado \u00e0 SBC (Somente inscri\u00e7\u00e3o no evento)<\/td>\n<td style=\"width: 148.338px; height: 28px;\">R$ 304,00<\/td>\n<td style=\"width: 158.949px; height: 28px;\">R$ 354,00<\/td>\n<td style=\"width: 153.267px; height: 28px;\">R$ 404,00<\/td>\n<\/tr>\n<tr style=\"height: 28px;\">\n<td colspan=\"4\" style=\"background-color: #d3eb42; color: #121212; font-weight: bold; width: 1067.73px; height: 28px;\">Estudante de P\u00f3s Gradua\u00e7\u00e3o<\/td>\n<\/tr>\n<tr style=\"height: 28px;\">\n<td style=\"width: 590.298px; height: 28px;\">Estudante de p\u00f3s-gradua\u00e7\u00e3o associado \u00e0 SBC com anuidade vigente<\/td>\n<td style=\"width: 148.338px; height: 28px;\">R$ 300,00<\/td>\n<td style=\"width: 158.949px; height: 28px;\">R$ 350,00<\/td>\n<td style=\"width: 153.267px; height: 28px;\">R$ 400,00<\/td>\n<\/tr>\n<tr style=\"height: 56px;\">\n<td style=\"width: 590.298px; height: 56px;\">Estudante de p\u00f3s-gradua\u00e7\u00e3o associado \u00e0 SBC com anuidade vencendo em at\u00e9 90 dias (Melhor op\u00e7\u00e3o: COMBO inscri\u00e7\u00e3o no evento + renova\u00e7\u00e3o da associa\u00e7\u00e3o \u00e0 SBC)<\/td>\n<td style=\"width: 148.338px; height: 56px;\">R$ 425,00<\/td>\n<td style=\"width: 158.949px; height: 56px;\">R$ 475,00<\/td>\n<td style=\"width: 153.267px; height: 56px;\">R$ 525,00<\/td>\n<\/tr>\n<tr style=\"height: 56px;\">\n<td style=\"width: 590.298px; height: 56px;\">Estudante de p\u00f3s-gradua\u00e7\u00e3o n\u00e3o associado ou com associa\u00e7\u00e3o n\u00e3o vigente \u00e0 SBC (Melhor op\u00e7\u00e3o: COMBO inscri\u00e7\u00e3o no evento + associa\u00e7\u00e3o \u00e0 SBC)<\/td>\n<td style=\"width: 148.338px; height: 56px;\">R$ 425,00<\/td>\n<td style=\"width: 158.949px; height: 56px;\">R$ 475,00<\/td>\n<td style=\"width: 153.267px; height: 56px;\">R$ 525,00<\/td>\n<\/tr>\n<tr style=\"height: 28px;\">\n<td style=\"width: 590.298px; height: 28px;\">Estudante de p\u00f3s-gradua\u00e7\u00e3o n\u00e3o associado \u00e0 SBC (Somente inscri\u00e7\u00e3o no evento)<\/td>\n<td style=\"width: 148.338px; height: 28px;\">R$ 449,00<\/td>\n<td style=\"width: 158.949px; height: 28px;\">R$\u00a0 499,00<\/td>\n<td style=\"width: 153.267px; height: 28px;\">R$ 549,00<\/td>\n<\/tr>\n<tr style=\"height: 28px;\">\n<td colspan=\"4\" style=\"background-color: #d3eb42; color: #121212; font-weight: bold; width: 1067.73px; height: 28px;\">Profissional<\/td>\n<\/tr>\n<tr style=\"height: 28px;\">\n<td style=\"width: 590.298px; height: 28px;\">Profissional associado \u00e0 SBC com anuidade vigente<\/td>\n<td style=\"width: 148.338px; height: 28px;\">R$ 600,00<\/td>\n<td style=\"width: 158.949px; height: 28px;\">R$ 650,00<\/td>\n<td style=\"width: 153.267px; height: 28px;\">R$ 700,00<\/td>\n<\/tr>\n<tr style=\"height: 56px;\">\n<td style=\"width: 590.298px; height: 56px;\">Profissional associado \u00e0 SBC com anuidade vencendo em at\u00e9 90 dias (Melhor op\u00e7\u00e3o: COMBO inscri\u00e7\u00e3o no evento + renova\u00e7\u00e3o da associa\u00e7\u00e3o \u00e0 SBC)<\/td>\n<td style=\"width: 148.338px; height: 56px;\">R$ 956,00<\/td>\n<td style=\"width: 158.949px; height: 56px;\">R$ 1006,00<\/td>\n<td style=\"width: 153.267px; height: 56px;\">R$ 1056,00<\/td>\n<\/tr>\n<tr style=\"height: 56px;\">\n<td style=\"width: 590.298px; height: 56px;\">Profissional n\u00e3o associado ou com associa\u00e7\u00e3o n\u00e3o vigente \u00e0 SBC (Melhor op\u00e7\u00e3o: COMBO inscri\u00e7\u00e3o no evento + associa\u00e7\u00e3o \u00e0 SBC)<\/td>\n<td style=\"width: 148.338px; height: 56px;\">R$ 956,00<\/td>\n<td style=\"width: 158.949px; height: 56px;\">R$ 1006,00<\/td>\n<td style=\"width: 153.267px; height: 56px;\">R$ 1056,00<\/td>\n<\/tr>\n<tr style=\"height: 28px;\">\n<td style=\"width: 590.298px; height: 28px;\">Profissional n\u00e3o associado \u00e0 SBC (Somente inscri\u00e7\u00e3o no evento)<\/td>\n<td style=\"width: 148.338px; height: 28px;\">R$ 997,00<\/td>\n<td style=\"width: 158.949px; height: 28px;\">R$ 1.052,00<\/td>\n<td style=\"width: 153.267px; height: 28px;\">R$ 1.107,00<\/td>\n<\/tr>\n<tr style=\"height: 28px;\">\n<td style=\"background-color: #d3eb42; color: #121212; font-weight: bold; width: 1067.73px; height: 28px;\" colspan=\"4\">Professor de Educa\u00e7\u00e3o B\u00e1sica<\/td>\n<\/tr>\n<tr style=\"height: 28px;\">\n<td style=\"width: 590.298px; height: 28px;\">Professor de Educa\u00e7\u00e3o B\u00e1sica associado \u00e0 SBC com anuidade vigente<\/td>\n<td style=\"width: 148.338px; height: 28px;\">R$ 150,00<\/td>\n<td style=\"width: 158.949px; height: 28px;\">R$ 175,00<\/td>\n<td style=\"width: 153.267px; height: 28px;\">R$ 200,00<\/td>\n<\/tr>\n<tr style=\"height: 56px;\">\n<td style=\"width: 590.298px; height: 56px;\">Professor de Educa\u00e7\u00e3o B\u00e1sica associado \u00e0 SBC com anuidade vencendo em at\u00e9 90 dias (Melhor op\u00e7\u00e3o: COMBO inscri\u00e7\u00e3o no evento + renova\u00e7\u00e3o da associa\u00e7\u00e3o \u00e0 SBC)<\/td>\n<td style=\"width: 148.338px; height: 56px;\">R$ 275,00<\/td>\n<td style=\"width: 158.949px; height: 56px;\">R$ 300,00<\/td>\n<td style=\"width: 153.267px; height: 56px;\">R$ 325,00<\/td>\n<\/tr>\n<tr style=\"height: 56px;\">\n<td style=\"width: 590.298px; height: 56px;\">Professor de Educa\u00e7\u00e3o B\u00e1sica n\u00e3o associado ou com associa\u00e7\u00e3o n\u00e3o vigente \u00e0 SBC (Melhor op\u00e7\u00e3o: COMBO inscri\u00e7\u00e3o no evento + associa\u00e7\u00e3o \u00e0 SBC)<\/td>\n<td style=\"width: 148.338px; height: 56px;\">R$ 275,00<\/td>\n<td style=\"width: 158.949px; height: 56px;\">R$ 300,00<\/td>\n<td style=\"width: 153.267px; height: 56px;\">R$ 325,00<\/td>\n<\/tr>\n<tr style=\"height: 28px;\">\n<td style=\"width: 590.298px; height: 28px;\">Professor de Educa\u00e7\u00e3o B\u00e1sica n\u00e3o associado \u00e0 SBC (Somente inscri\u00e7\u00e3o no evento)<\/td>\n<td style=\"width: 148.338px; height: 28px;\">R$ 190,00<\/td>\n<td style=\"width: 158.949px; height: 28px;\">\u00a0R$ 215,00<\/td>\n<td style=\"width: 153.267px; height: 28px;\">\u00a0R$ 245,00<\/td>\n<\/tr>\n<tr style=\"height: 28px;\">\n<td colspan=\"4\" style=\"background-color: #d3eb42; color: #121212; font-weight: bold; height: 28px; width: 1067.73px;\">Apenas STIL<\/td>\n<\/tr>\n<tr style=\"height: 28px;\">\n<td style=\"width: 590.298px; height: 28px;\">APENAS STIL &#8211; Profissional associado \u00e0 SBC com anuidade vigente<\/td>\n<td style=\"width: 148.338px; height: 28px;\">R$ 400,00<\/td>\n<td style=\"width: 158.949px; height: 28px;\">R$ 500,00<\/td>\n<td style=\"width: 153.267px; height: 28px;\">R$ 600,00<\/td>\n<\/tr>\n<tr style=\"height: 56px;\">\n<td style=\"width: 590.298px; height: 56px;\">APENAS STIL &#8211; Profissional associado \u00e0 SBC com anuidade vencendo em at\u00e9 90 dias (Melhor op\u00e7\u00e3o: COMBO inscri\u00e7\u00e3o no evento + renova\u00e7\u00e3o da associa\u00e7\u00e3o \u00e0 SBC)<\/td>\n<td style=\"width: 148.338px; height: 56px;\">R$ 756,00<\/td>\n<td style=\"width: 158.949px; height: 56px;\">R$ 856,00<\/td>\n<td style=\"width: 153.267px; height: 56px;\">R$ 956,00<\/td>\n<\/tr>\n<tr style=\"height: 56px;\">\n<td style=\"width: 590.298px; height: 56px;\">APENAS STIL &#8211; Profissional n\u00e3o associado ou com associa\u00e7\u00e3o n\u00e3o vigente \u00e0 SBC (Melhor op\u00e7\u00e3o: COMBO inscri\u00e7\u00e3o no evento + associa\u00e7\u00e3o \u00e0 SBC)<\/td>\n<td style=\"width: 148.338px; height: 56px;\">R$ 756,00<\/td>\n<td style=\"width: 158.949px; height: 56px;\">R$ 856,00<\/td>\n<td style=\"width: 153.267px; height: 56px;\">R$ 956,00<\/td>\n<\/tr>\n<tr style=\"height: 28px;\">\n<td style=\"width: 590.298px; height: 28px;\">APENAS STIL &#8211; Profissional n\u00e3o associado \u00e0 SBC (Somente inscri\u00e7\u00e3o no evento)<\/td>\n<td style=\"width: 148.338px; height: 28px;\">R$ 797,00<\/td>\n<td style=\"width: 158.949px; height: 28px;\">R$ 897,00<\/td>\n<td style=\"width: 153.267px; height: 28px;\">R$ 997,00<\/td>\n<\/tr>\n<tr style=\"height: 28px;\">\n<td style=\"background-color: #d3eb42; color: #121212; font-weight: bold; width: 1067.73px; height: 28px;\" colspan=\"4\">Taxa Extra por Artigo<\/td>\n<\/tr>\n<tr style=\"height: 28px;\">\n<td style=\"width: 590.298px; height: 28px;\">Se voc\u00ea tiver mais de 2 artigos aceitos no BRACIS, ENIAC ou STIL, dever\u00e1 pagar a Taxa Extra por Artigo para cada artigo al\u00e9m do segundo (At\u00e9 5).<\/td>\n<td style=\"width: 148.338px; height: 28px;\">R$ 350,00<\/td>\n<td style=\"width: 158.949px; height: 28px;\">R$ 350,00<\/td>\n<td style=\"width: 153.267px; height: 28px;\">R$ 350,00<\/td>\n<\/tr>\n<\/tbody>\n<\/table>\n<p>[\/et_pb_text][et_pb_text _builder_version=&#8221;4.16&#8243; text_font=&#8221;||||||||&#8221; text_font_size=&#8221;15px&#8221; text_line_height=&#8221;2em&#8221; header_2_font=&#8221;Glegoo||||||||&#8221; header_2_font_size=&#8221;40px&#8221; header_2_line_height=&#8221;1.4em&#8221; header_4_font=&#8221;|700||on|||||&#8221; header_4_text_color=&#8221;#1d48c0&#8243; header_4_font_size=&#8221;16px&#8221; header_4_letter_spacing=&#8221;2px&#8221; header_4_line_height=&#8221;1.6em&#8221; custom_padding=&#8221;|0px||||&#8221; header_2_font_size_tablet=&#8221;30px&#8221; header_2_font_size_phone=&#8221;22px&#8221; header_2_font_size_last_edited=&#8221;on|phone&#8221; header_4_font_size_tablet=&#8221;&#8221; header_4_font_size_phone=&#8221;14px&#8221; header_4_font_size_last_edited=&#8221;on|phone&#8221; locked=&#8221;off&#8221; global_colors_info=&#8221;{}&#8221;]<\/p>\n<p><strong>CATEGORIAS DE INSCRI\u00c7\u00c3O<\/strong><\/p>\n<p>A taxa de inscri\u00e7\u00e3o para BRACIS + ENIAC + STIL + CTDIAC + KDMILe inclui i) acesso a todas as sess\u00f5es e plen\u00e1rias do BRACIS e a todos os eventos co-localizados (ENIAC + STIL + CTDIAC + KDMILe); ii) materiais da confer\u00eancia; e iii) coffee breaks.<\/p>\n<p>A Inscri\u00e7\u00e3o + Associa\u00e7\u00e3o SBC (Combo SBC) refere-se a uma tarifa com desconto aplicada ao se inscrever no evento e se tornar membro da Sociedade Brasileira de Computa\u00e7\u00e3o (SBC). Tem a vantagem de tornar esses dois benef\u00edcios mais baratos do que adquiri-los separadamente, sendo a op\u00e7\u00e3o mais vantajosa para quem ainda n\u00e3o \u00e9 membro da SBC. Mais informa\u00e7\u00f5es sobre os benef\u00edcios de se tornar um membro podem ser encontradas na <a href=\"https:\/\/www.sbc.org.br\/associe-se-2\/269-beneficios\">p\u00e1gina da SBC<\/a> (somente em portugu\u00eas).<\/p>\n<p>As taxas para estudantes (GRADUADOS e GRADUANDOS) est\u00e3o dispon\u00edveis apenas para estudantes matriculados em uma institui\u00e7\u00e3o de ensino superior como alunos de gradua\u00e7\u00e3o ou p\u00f3s-gradua\u00e7\u00e3o (Doutorado ou Mestrado). A comprova\u00e7\u00e3o do status de estudante, contendo afilia\u00e7\u00e3o, nome do participante, curso de matr\u00edcula e data atual, deve ser apresentada mediante solicita\u00e7\u00e3o. A n\u00e3o apresenta\u00e7\u00e3o de tal documento implicar\u00e1 no pagamento da diferen\u00e7a para mudar para a categoria de inscri\u00e7\u00e3o Profissional (sem desconto). As taxas de estudante n\u00e3o se aplicam a p\u00f3s-doutorandos. Para\u00a0p\u00f3sdocs, ser\u00e1 cobrada a tarifa de Profissional.<\/p>\n<p>Qualquer membro que use o benef\u00edcio de inscri\u00e7\u00e3o institucional da SBC e tenha artigos aceitos deve pagar a taxa de publica\u00e7\u00e3o.<\/p>\n<p><strong>APENAS STIL<\/strong><\/p>\n<p>Os registros exclusivos do STIL d\u00e3o acesso apenas \u00e0s sess\u00f5es t\u00e9cnicas do STIL, que incluem<strong> PaDAWan, TILIC e JDP.<\/strong><\/p>\n<p><strong>AUTORES<\/strong><\/p>\n<p>Pelo menos um autor para cada trabalho aceito a ser apresentado no BRACIS 2024 dever\u00e1 confirmar sua inscri\u00e7\u00e3o at\u00e9 30 de outubro de 2024.<br \/>Cada INSCRI\u00c7\u00c3O PROFISSIONAL BRACIS + ENIAC + STIL + CTDIAC + KDMILe (OU INSCRI\u00c7\u00c3O DE ESTUDANTE BRACIS com taxa de publica\u00e7\u00e3o) cobre at\u00e9 dois trabalhos aceitos em qualquer evento BRACIS 2024. Se voc\u00ea tiver mais de 2 trabalhos aceitos, dever\u00e1 pagar a Taxa de Artigo Extra para cada trabalho al\u00e9m do segundo.<br \/><strong>Cada &#8220;Registro Profissional&#8221; do STIL cobre at\u00e9 dois artigos aceitos em STIL, PaDaWan, JDP ou TILIC.<\/strong><\/p>\n<p><strong>PAGAMENTO <\/strong><\/p>\n<p>Pagamentos feitos por boleto e cart\u00e3o de d\u00e9bito devem ser realizados at\u00e9 14 de novembro de 2024. Pagamentos feitos por cart\u00e3o de cr\u00e9dito, notas de empenho, Pix ou faturamento podem ser feitos at\u00e9 o \u00faltimo dia do evento.<\/p>\n<p><strong>DIREITOS DE IMAGEM<\/strong><\/p>\n<p>Apesar do BRACIS 2024 ser totalmente presencial, podem existir alguns momentos de transmiss\u00f5es online, sendo assim minha imagem e minha fala poder\u00e3o ser transmitidas, gravadas e editadas (por meio de recortes ou exclus\u00e3o\/jun\u00e7\u00e3o de trechos) durante as transmiss\u00f5es e que este conte\u00fado \u00e9 propriedade exclusiva da Sociedade Brasileira de Computa\u00e7\u00e3o, podendo ser utilizado posteriormente para divulga\u00e7\u00e3o em distintos canais de comunica\u00e7\u00e3o e pe\u00e7as publicit\u00e1rias, sem fins comerciais.<\/p>\n<p><strong>PARA MAIS INFORMA\u00c7\u00d5ES:<\/strong><a href=\"https:\/\/centraldesistemas.sbc.org.br\/ecos\/bracis2024\" style=\"font-size: 15px;\"><\/a><strong><\/strong><\/p>\n<p>SBC\u00b4s webpage:\u00a0<span>\u00a0<\/span><a href=\"https:\/\/www.sbc.org.br\/associe-se-2\/269-beneficios\">https:\/\/www.sbc.org.br\/associe-se-2\/269-beneficios<\/a><strong><\/strong><\/p>\n<p>Email para contato: bracis.2024@gmail.com\u00a0<\/p>\n<p>[\/et_pb_text][\/et_pb_column][\/et_pb_row][et_pb_row _builder_version=&#8221;4.27.2&#8243; _module_preset=&#8221;default&#8221; global_colors_info=&#8221;{}&#8221;][et_pb_column type=&#8221;4_4&#8243; _builder_version=&#8221;4.27.2&#8243; _module_preset=&#8221;default&#8221; global_colors_info=&#8221;{}&#8221;][\/et_pb_column][\/et_pb_row][\/et_pb_section]<\/p>\n","protected":false},"excerpt":{"rendered":"<p>Inscri\u00e7\u00f5es<div class=\"et_pb_module dsm_business_hours dsm_business_hours_0\">\n\t\t\t\t\n\t\t\t\t\n\t\t\t\t\n\t\t\t\t\n\t\t\t\t\n\t\t\t\t\n\t\t\t\t<div class=\"et_pb_module_inner\">\n\t\t\t\t\t\n\t\t\t\t<\/div>\n\t\t\t<\/div> Categoria 1\u00ba Per\u00edodo de inscri\u00e7\u00f5es 2\u00ba Per\u00edodo de inscri\u00e7\u00f5es 3\u00ba Per\u00edodo de inscri\u00e7\u00f5es De 09\/08 a 30\/10\/25 De 31\/10 a 07\/11\/24 De 08\/11 a 21\/11\/24 Estudante Estudante associado \u00e0 SBC com anuidade vigente R$ 250,00 R$ 300,00 R$ 350,00 Estudante associado \u00e0 SBC com anuidade vencendo em at\u00e9 90 dias (Melhor op\u00e7\u00e3o: COMBO inscri\u00e7\u00e3o no evento + renova\u00e7\u00e3o da associa\u00e7\u00e3o \u00e0 SBC) R$ 281,00 R$ 331,00 R$ 381,00 Estudante n\u00e3o associado ou com associa\u00e7\u00e3o n\u00e3o vigente \u00e0 SBC (Melhor op\u00e7\u00e3o: COMBO inscri\u00e7\u00e3o no evento + associa\u00e7\u00e3o \u00e0 SBC) R$ 281,00 R$ 331,00 R$ 381,00 Estudante n\u00e3o associado \u00e0 SBC (Somente inscri\u00e7\u00e3o no evento) R$ 304,00 R$ 354,00 R$ 404,00 Estudante de P\u00f3s Gradua\u00e7\u00e3o Estudante de p\u00f3s-gradua\u00e7\u00e3o associado \u00e0 SBC com anuidade vigente R$ 300,00 R$ 350,00 R$ 400,00 Estudante de p\u00f3s-gradua\u00e7\u00e3o associado \u00e0 SBC com anuidade vencendo em at\u00e9 90 dias (Melhor op\u00e7\u00e3o: COMBO inscri\u00e7\u00e3o no evento + renova\u00e7\u00e3o da associa\u00e7\u00e3o \u00e0 SBC) R$ 425,00 R$ 475,00 R$ 525,00 Estudante de p\u00f3s-gradua\u00e7\u00e3o n\u00e3o associado ou com associa\u00e7\u00e3o n\u00e3o vigente \u00e0 SBC (Melhor op\u00e7\u00e3o: COMBO inscri\u00e7\u00e3o no evento + associa\u00e7\u00e3o \u00e0 SBC) R$ 425,00 R$ 475,00 R$ 525,00 Estudante de p\u00f3s-gradua\u00e7\u00e3o n\u00e3o associado \u00e0 SBC (Somente inscri\u00e7\u00e3o [&hellip;]<\/p>\n","protected":false},"author":7,"featured_media":0,"parent":0,"menu_order":0,"comment_status":"closed","ping_status":"closed","template":"","meta":{"_et_pb_use_builder":"on","_et_pb_old_content":"","_et_gb_content_width":"","footnotes":""},"class_list":["post-257529","page","type-page","status-publish","hentry"],"_links":{"self":[{"href":"https:\/\/bracis.sbc.org.br\/2024\/wp-json\/wp\/v2\/pages\/257529","targetHints":{"allow":["GET"]}}],"collection":[{"href":"https:\/\/bracis.sbc.org.br\/2024\/wp-json\/wp\/v2\/pages"}],"about":[{"href":"https:\/\/bracis.sbc.org.br\/2024\/wp-json\/wp\/v2\/types\/page"}],"author":[{"embeddable":true,"href":"https:\/\/bracis.sbc.org.br\/2024\/wp-json\/wp\/v2\/users\/7"}],"replies":[{"embeddable":true,"href":"https:\/\/bracis.sbc.org.br\/2024\/wp-json\/wp\/v2\/comments?post=257529"}],"version-history":[{"count":16,"href":"https:\/\/bracis.sbc.org.br\/2024\/wp-json\/wp\/v2\/pages\/257529\/revisions"}],"predecessor-version":[{"id":257744,"href":"https:\/\/bracis.sbc.org.br\/2024\/wp-json\/wp\/v2\/pages\/257529\/revisions\/257744"}],"wp:attachment":[{"href":"https:\/\/bracis.sbc.org.br\/2024\/wp-json\/wp\/v2\/media?parent=257529"}],"curies":[{"name":"wp","href":"https:\/\/api.w.org\/{rel}","templated":true}]}}