{"id":1465,"date":"2025-04-07T17:27:09","date_gmt":"2025-04-07T20:27:09","guid":{"rendered":"https:\/\/bracis.sbc.org.br\/2025\/?page_id=1465"},"modified":"2025-06-06T17:16:53","modified_gmt":"2025-06-06T20:16:53","slug":"call-for-papers-pt","status":"publish","type":"page","link":"https:\/\/bracis.sbc.org.br\/2025\/pt\/call-for-papers-pt\/","title":{"rendered":"Call For Papers &#8211; PT"},"content":{"rendered":"<h2><b>BRACIS 2025<\/b><\/h2>\n<h3><b>Chamada para Submiss\u00e3o de Artigos<\/b><\/h3>\n<p><span style=\"font-weight: 400;\">O Comit\u00ea de Programa da 35\u00aa Confer\u00eancia Brasileira de Sistemas Inteligentes (BRACIS) convida \u00e0 submiss\u00e3o de artigos de pesquisa originais para a confer\u00eancia que ser\u00e1 realizada em Fortaleza, CE, Brasil, de 29 de setembro a 2 de outubro de 2025.<\/span><\/p>\n<p><span style=\"font-weight: 400;\">O BRACIS \u00e9 o evento mais importante no Brasil para pesquisadores interessados em publicar resultados significativos e inovadores relacionados \u00e0 Intelig\u00eancia Artificial e \u00e0 Intelig\u00eancia Computacional. A Confer\u00eancia Brasileira de Sistemas Inteligentes (BRACIS) surgiu da uni\u00e3o dos dois eventos cient\u00edficos mais importantes do Brasil em Intelig\u00eancia Artificial (IA) e Intelig\u00eancia Computacional (IC): o Simp\u00f3sio Brasileiro de Intelig\u00eancia Artificial &#8211; SBIA (21 edi\u00e7\u00f5es) e o Simp\u00f3sio Brasileiro de Redes Neurais &#8211; SBRN (12 edi\u00e7\u00f5es). O BRACIS, que j\u00e1 teve 13 edi\u00e7\u00f5es anteriores, passa agora a ser reconhecido como a 35\u00aa edi\u00e7\u00e3o, considerando sua trajet\u00f3ria e as edi\u00e7\u00f5es anteriores do SBIA.<\/span><span style=\"font-weight: 400;\">A 35\u00aa edi\u00e7\u00e3o do BRACIS desempenha um papel fundamental no cen\u00e1rio da IA no Brasil, servindo como um centro para promo\u00e7\u00e3o de conceitos te\u00f3ricos e aplica\u00e7\u00f5es pr\u00e1ticas em IA e IC. O evento fomenta um espa\u00e7o de troca de ideias cient\u00edficas entre pesquisadores, profissionais, cientistas e engenheiros empenhados no avan\u00e7o da ci\u00eancia da Intelig\u00eancia Artificial e Computacional. Essa proposta est\u00e1 alinhada com outros grandes eventos internacionais que marcaram \u00e9pocas semelhantes na hist\u00f3ria da IA, como a 37\u00aa AAAI, 32\u00aa IJCAI e 37\u00aa NeurIPS (anteriormente chamada NIPS). As 34 edi\u00e7\u00f5es anteriores do BRACIS demonstram o pioneirismo da comunidade brasileira de IA.<\/span><\/p>\n<h3><b>DATAS IMPORTANTES<\/b><\/h3>\n<p><b><\/b><span style=\"font-weight: 400;\">(AoE &#8211; todos os prazos at\u00e9 23h59 UTC-12 \u2013 qualquer lugar da Terra)<\/span><\/p>\n<p><b>&#8211; Registro de artigos:<\/b><span style=\"font-weight: 400;\"> <s>28 de abril de 2025<\/s> 7 de maio de 2025 (AoE)<\/span><\/p>\n<p><span style=\"font-weight: 400;\">&#8211;<\/span><b>Submiss\u00e3o de artigos:<\/b><span style=\"font-weight: 400;\"> <s>2 de maio de 2025<\/s>\u00a0 12 de maio de 2025 (AoE)<\/span><\/p>\n<p><span style=\"font-weight: 400;\">&#8211;<\/span><b>Notifica\u00e7\u00e3o aos autores:<\/b><span style=\"font-weight: 400;\"> 6<s> de junho de 2025<\/s> 21 de junho de 2025<\/span><\/p>\n<p><span style=\"font-weight: 400;\">&#8211;<\/span><b>Envio da vers\u00e3o final :<\/b><span style=\"font-weight: 400;\"> 20<s>\u00a0de junho de 2025<\/s> 30 de junho de 2025<\/span><\/p>\n<h3><b>EDI\u00c7\u00d5ES ESPECIAIS<\/b><\/h3>\n<p><span style=\"font-weight: 400;\">Autores dos melhores artigos ser\u00e3o convidados a submeter vers\u00f5es estendidas de seus trabalhos para publica\u00e7\u00e3o em edi\u00e7\u00f5es especiais ap\u00f3s a confer\u00eancia.<\/span><\/p>\n<h3><b>DETALHES DE SUBMISS\u00c3O<\/b><\/h3>\n<p><span style=\"font-weight: 400;\">As submiss\u00f5es ao BRACIS seguem o modelo duplamente an\u00f4nimo. Isso significa que tanto as identidades dos autores quanto dos revisores s\u00e3o ocultadas durante o processo de revis\u00e3o. Para facilitar o processo, os autores devem garantir que seus manuscritos estejam preparados de forma a n\u00e3o revelar sua identidade. Artigos que violarem essa regra ser\u00e3o rejeitados automaticamente.\u00c9 fortemente encorajado tornar c\u00f3digo e dados dispon\u00edveis anonimamente (por exemplo, em um reposit\u00f3rio <\/span><a href=\"https:\/\/anonymous.4open.science\/\"><span style=\"font-weight: 400;\">an\u00f4nimo no GitHub<\/span><\/a><span style=\"font-weight: 400;\"> ou em uma pasta no Dropbox).<\/span><\/p>\n<p><span style=\"font-weight: 400;\">Se voc\u00ea publicou uma vers\u00e3o n\u00e3o an\u00f4nima do seu artigo online (por exemplo, no arXiv) antes da submiss\u00e3o, poder\u00e1 enviar uma vers\u00e3o an\u00f4nima para a confer\u00eancia. Esta vers\u00e3o n\u00e3o deve fazer refer\u00eancia \u00e0 vers\u00e3o p\u00fablica, e o Comit\u00ea de Programa deve ser informado. Durante o per\u00edodo de revis\u00e3o, n\u00e3o ser\u00e1 permitido atualizar a vers\u00e3o p\u00fablica ou divulgar informa\u00e7\u00f5es nas redes sociais sobre o artigo, para n\u00e3o comprometer o processo de revis\u00e3o an\u00f4nima.<\/span><\/p>\n<p><span style=\"font-weight: 400;\">Os artigos devem ser escritos em ingl\u00eas e conter no m\u00e1ximo 15 p\u00e1ginas, incluindo tabelas, figuras, refer\u00eancias e ap\u00eandices. Instru\u00e7\u00f5es de formata\u00e7\u00e3o e modelos para Word e LaTeX est\u00e3o dispon\u00edveis nas <\/span><a href=\"https:\/\/www.springer.com\/gp\/computer-science\/lncs\/conference-proceedings-guidelines\"><span style=\"font-weight: 400;\">diretrizes de submiss\u00e3o<\/span><\/a><span style=\"font-weight: 400;\">. Os modelos LaTeX da Springer tamb\u00e9m est\u00e3o dispon\u00edveis no <\/span><a href=\"https:\/\/www.overleaf.com\/latex\/templates\/springer-lecture-notes-in-computer-science\/kzwwpvhwnvfj#.WsdHOy5uZpg\"><span style=\"font-weight: 400;\">Overleaf<\/span><\/a><span style=\"font-weight: 400;\">.<\/span><\/p>\n<p><span style=\"font-weight: 400;\">Todos os artigos submetidos ser\u00e3o avaliados por pelo menos tr\u00eas especialistas na \u00e1rea. Os artigos aceitos ser\u00e3o inclu\u00eddos nos anais do BRACIS e submetidos para publica\u00e7\u00e3o na Springer, na s\u00e9rie Lecture Notes in Artificial Intelligence (LNAI). Apenas arquivos em PDF podem ser enviados pelo sistema de submiss\u00e3o.<\/span><\/p>\n<p><span style=\"font-weight: 400;\">Para cada artigo aceito, ao menos um autor dever\u00e1 se inscrever na confer\u00eancia e apresentar o trabalho no local.<\/span><\/p>\n<p><span style=\"font-weight: 400;\">As submiss\u00f5es devem ser feitas online por meio da plataforma <\/span><a href=\"https:\/\/jems3.sbc.org.br\/bracis2025\"><span style=\"font-weight: 400;\">JEMS3<\/span><\/a><span style=\"font-weight: 400;\">.<\/span><\/p>\n<h3><b>ATEN\u00c7\u00c3O<\/b><\/h3>\n<p><span style=\"font-weight: 400;\">Modelos de IA generativa (como ChatGPT, BARD, LLaMA, Gemini, etc.) n\u00e3o atendem aos crit\u00e9rios de autoria para artigos submetidos ao BRACIS 2025. No entanto, s\u00e3o bem-vindos artigos que explorem o uso ou pesquisa desses modelos. Autores que utilizarem LLMs em qualquer parte do processo de escrita assumem total responsabilidade pelo conte\u00fado, incluindo verifica\u00e7\u00e3o de pl\u00e1gio e corre\u00e7\u00f5es necess\u00e1rias. Sugerimos mencionar esse uso na se\u00e7\u00e3o de Agradecimentos, sem preju\u00edzo na avalia\u00e7\u00e3o.<\/span><\/p>\n<p>&nbsp;<\/p>\n<h3><b>***** SUBMISS\u00c3O POR TRILHAS *****<\/b><\/h3>\n<p><span style=\"font-weight: 400;\">Neste ano, o BRACIS contar\u00e1 com quatro trilhas:<\/span><\/p>\n<ol>\n<li><b>Trilha Principal<\/b><span style=\"font-weight: 400;\">: trabalhos originais que apresentam m\u00e9todos inovadores de IA com resultados consistentes.<\/span><\/li>\n<li><b>Aplica\u00e7\u00f5es de IA para o Bem Social<\/b><span style=\"font-weight: 400;\">: trabalhos originais que apresentam aplica\u00e7\u00f5es para o bem social utilizando m\u00e9todos j\u00e1 consolidados de IA.<\/span><\/li>\n<li><b>Aplica\u00e7\u00f5es Gerais<\/b><span style=\"font-weight: 400;\">: trabalhos originais que apresentam aplica\u00e7\u00f5es in\u00e9ditas com m\u00e9todos estabelecidos de IA, considerando os aspectos \u00e9ticos das aplica\u00e7\u00f5es.<\/span><\/li>\n<li><b>Artigos j\u00e1 publicados<\/b>: trabalhos publicados em confer\u00eancias ou peri\u00f3dicos de ponta em IA em 2023 ou 2024 (como refer\u00eancia, considere os rankings internacionais <a href=\"https:\/\/csmetrics.net\/\">CS Metrics<\/a> e <a href=\"https:\/\/csrankings.org\/#\/index?ai&amp;vision&amp;mlmining&amp;nlp&amp;inforet&amp;robotics&amp;us\">CS Rankings<\/a> na \u00e1rea\/sub\u00e1rea de IA; outros tamb\u00e9m podem ser considerados).<\/li>\n<\/ol>\n<p><span style=\"font-weight: 400;\">As trilhas 1 a 3 n\u00e3o ter\u00e3o distin\u00e7\u00e3o quanto ao formato de publica\u00e7\u00e3o e \u00e0 inclus\u00e3o nos anais da confer\u00eancia.Para a Trilha 4, os autores devem submeter um resumo estendido de 2 p\u00e1ginas, em formato public\u00e1vel (excluindo as refer\u00eancias), que n\u00e3o viole os direitos autorais da publica\u00e7\u00e3o original.A Trilha 4 n\u00e3o precisa seguir o formato duplamente cego, pois os autores devem citar o local da publica\u00e7\u00e3o anterior.Os artigos aceitos em todas as trilhas ter\u00e3o o mesmo tempo de apresenta\u00e7\u00e3o durante a confer\u00eancia.<\/span><\/p>\n<h3><b>T\u00d3PICOS DE INTERESSE<\/b><\/h3>\n<p><span style=\"font-weight: 400;\">As submiss\u00f5es devem incluir pesquisas significativas e in\u00e9ditas sobre todos os aspectos da Intelig\u00eancia Artificial (IA) ou da Intelig\u00eancia Computacional (IC).Os t\u00f3picos de interesse incluem (mas n\u00e3o se limitam a):<\/span><\/p>\n<p><span style=\"font-weight: 400;\">&#8211; Sistemas baseados em agentes e multiagentes<\/span><\/p>\n<p><span style=\"font-weight: 400;\">&#8211; Algoritmos e modelos de IA\/IC<\/span><\/p>\n<p><span style=\"font-weight: 400;\">&#8211; Modelagem cognitiva e intera\u00e7\u00e3o humana<\/span><span style=\"font-weight: 400;\"><br \/>\n<\/span><\/p>\n<p><span style=\"font-weight: 400;\">&#8211; IA distribu\u00edda<\/span><\/p>\n<p><span style=\"font-weight: 400;\">&#8211; Fundamentos da IA\/IC<\/span><\/p>\n<p><span style=\"font-weight: 400;\">&#8211; <\/span><span style=\"font-weight: 400;\">Representa\u00e7\u00e3o e racioc\u00ednio do conhecimento<\/span><\/p>\n<p><span style=\"font-weight: 400;\">&#8211; Recupera\u00e7\u00e3o, integra\u00e7\u00e3o e extra\u00e7\u00e3o de informa\u00e7\u00e3o<\/span><\/p>\n<p><span style=\"font-weight: 400;\">&#8211; Racioc\u00ednio baseado em modelos<\/span><\/p>\n<p><span style=\"font-weight: 400;\">&#8211; <\/span><span style=\"font-weight: 400;\">Racioc\u00ednio autom\u00e1tico e aproximado<\/span><\/p>\n<p><span style=\"font-weight: 400;\">&#8211; Ontologias e Web Sem\u00e2ntica<\/span><\/p>\n<p><span style=\"font-weight: 400;\">&#8211; Representa\u00e7\u00e3o do conhecimento baseada em l\u00f3gica<\/span><\/p>\n<p><span style=\"font-weight: 400;\">&#8211; Processamento de linguagem natural<\/span><\/p>\n<p><span style=\"font-weight: 400;\">&#8211; Minera\u00e7\u00e3o e an\u00e1lise de dados<\/span><\/p>\n<p><span style=\"font-weight: 400;\">&#8211; Aprendizado de m\u00e1quina<\/span><\/p>\n<p><span style=\"font-weight: 400;\">&#8211; Redes neurais<\/span><\/p>\n<p><span style=\"font-weight: 400;\">&#8211; <\/span><span style=\"font-weight: 400;\">Aprendizado profundo<\/span><\/p>\n<p><span style=\"font-weight: 400;\">&#8211; <\/span><span style=\"font-weight: 400;\">Aprendizado por refor\u00e7o<\/span><\/p>\n<p><span style=\"font-weight: 400;\">&#8211; <\/span><span style=\"font-weight: 400;\">Redes neurais em grafos<\/span><\/p>\n<p><span style=\"font-weight: 400;\">&#8211; Aprendizado federado<\/span><\/p>\n<p><span style=\"font-weight: 400;\">&#8211; <\/span><span style=\"font-weight: 400;\">Planejamento, roteamento e escalonamento<\/span><\/p>\n<p><span style=\"font-weight: 400;\">&#8211; <\/span><span style=\"font-weight: 400;\">Computa\u00e7\u00e3o evolucion\u00e1ria e metaheur\u00edsticas<\/span><\/p>\n<p><span style=\"font-weight: 400;\">&#8211; <\/span><span style=\"font-weight: 400;\">Otimiza\u00e7\u00e3o combinat\u00f3ria<\/span><\/p>\n<p><span style=\"font-weight: 400;\">&#8211; Programa\u00e7\u00e3o com restri\u00e7\u00f5es<\/span><\/p>\n<p>&#8211;\u00a0<span style=\"font-weight: 400;\">Sistemas fuzzy<\/span><span style=\"font-weight: 400;\"><br \/>\n<\/span><\/p>\n<p><span style=\"font-weight: 400;\">&#8211; Meta-aprendizagem<\/span><span style=\"font-weight: 400;\"><br \/>\n<\/span><\/p>\n<p><span style=\"font-weight: 400;\">&#8211; Modelos de linguagem de larga escala<\/span><\/p>\n<p><span style=\"font-weight: 400;\">&#8211; <\/span><span style=\"font-weight: 400;\">IA generativa<\/span><\/p>\n<p><span style=\"font-weight: 400;\">&#8211; <\/span><span style=\"font-weight: 400;\">IA e computa\u00e7\u00e3o\/tecnologias qu\u00e2nticas<\/span><\/p>\n<p><span style=\"font-weight: 400;\">&#8211; <\/span><span style=\"font-weight: 400;\">Reconhecimento de padr\u00f5es e an\u00e1lise de clusters<\/span><\/p>\n<p><span style=\"font-weight: 400;\">&#8211; <\/span><span style=\"font-weight: 400;\">Sistemas h\u00edbridos<\/span><\/p>\n<p><span style=\"font-weight: 400;\">&#8211; <\/span><span style=\"font-weight: 400;\">Bioinform\u00e1tica e engenharia biom\u00e9dica com IA<\/span><\/p>\n<p><span style=\"font-weight: 400;\">&#8211; <\/span><span style=\"font-weight: 400;\">Vis\u00e3o computacional<\/span><\/p>\n<p><span style=\"font-weight: 400;\">&#8211; <\/span><span style=\"font-weight: 400;\">Educa\u00e7\u00e3o em IA e IA na educa\u00e7\u00e3o<\/span><\/p>\n<p><span style=\"font-weight: 400;\">&#8211; Jogos e entretenimento interativo inteligente<\/span><\/p>\n<p><span style=\"font-weight: 400;\">&#8211; <\/span><span style=\"font-weight: 400;\">Rob\u00f3tica inteligente e ve\u00edculos aut\u00f4nomos<\/span><\/p>\n<p><span style=\"font-weight: 400;\">&#8211; <\/span><span style=\"font-weight: 400;\">IA e IC multidisciplinar<\/span><\/p>\n<p><span style=\"font-weight: 400;\">&#8211; <\/span><span style=\"font-weight: 400;\">IA centrada no ser humano<\/span><\/p>\n<p><span style=\"font-weight: 400;\">&#8211; <\/span><span style=\"font-weight: 400;\">\u00c9tica em IA e impacto social<\/span><\/p>\n<p><span style=\"font-weight: 400;\">&#8211; <\/span><span style=\"font-weight: 400;\">IA para inova\u00e7\u00e3o e soberania tecnol\u00f3gica<\/span><\/p>\n<p>&nbsp;<\/p>\n<h3><b>PRESIDENTE GERAL<\/b><\/h3>\n<ul>\n<li style=\"list-style-type: none;\">\n<ul>\n<li style=\"font-weight: 400;\" aria-level=\"1\"><span style=\"font-weight: 400;\">Paulo de Tarso Guerra Oliveira (UFC)<\/span><\/li>\n<\/ul>\n<\/li>\n<\/ul>\n<h3><b>PRESIDENTES DE PROGRAMA<\/b><\/h3>\n<ul>\n<li style=\"list-style-type: none;\">\n<ul>\n<li style=\"font-weight: 400;\" aria-level=\"1\"><span style=\"font-weight: 400;\">Diego Furtado Silva (ICMC\/USP)<\/span><\/li>\n<li style=\"font-weight: 400;\" aria-level=\"1\"><span style=\"font-weight: 400;\">Rosiane de Freitas-Rodrigues (IComp\/UFAM)<\/span><\/li>\n<\/ul>\n<\/li>\n<\/ul>\n","protected":false},"excerpt":{"rendered":"<p>BRACIS 2025 Chamada para Submiss\u00e3o de Artigos O Comit\u00ea de Programa da 35\u00aa Confer\u00eancia Brasileira de Sistemas Inteligentes (BRACIS) convida \u00e0 submiss\u00e3o de artigos de pesquisa originais para a confer\u00eancia que ser\u00e1 realizada em Fortaleza, CE, Brasil, de 29 de setembro a 2 de outubro de 2025. O BRACIS \u00e9 o evento mais importante no [&hellip;]<\/p>\n","protected":false},"author":2,"featured_media":0,"parent":0,"menu_order":0,"comment_status":"closed","ping_status":"closed","template":"","meta":{"footnotes":""},"class_list":["post-1465","page","type-page","status-publish","hentry"],"_links":{"self":[{"href":"https:\/\/bracis.sbc.org.br\/2025\/wp-json\/wp\/v2\/pages\/1465","targetHints":{"allow":["GET"]}}],"collection":[{"href":"https:\/\/bracis.sbc.org.br\/2025\/wp-json\/wp\/v2\/pages"}],"about":[{"href":"https:\/\/bracis.sbc.org.br\/2025\/wp-json\/wp\/v2\/types\/page"}],"author":[{"embeddable":true,"href":"https:\/\/bracis.sbc.org.br\/2025\/wp-json\/wp\/v2\/users\/2"}],"replies":[{"embeddable":true,"href":"https:\/\/bracis.sbc.org.br\/2025\/wp-json\/wp\/v2\/comments?post=1465"}],"version-history":[{"count":7,"href":"https:\/\/bracis.sbc.org.br\/2025\/wp-json\/wp\/v2\/pages\/1465\/revisions"}],"predecessor-version":[{"id":1853,"href":"https:\/\/bracis.sbc.org.br\/2025\/wp-json\/wp\/v2\/pages\/1465\/revisions\/1853"}],"wp:attachment":[{"href":"https:\/\/bracis.sbc.org.br\/2025\/wp-json\/wp\/v2\/media?parent=1465"}],"curies":[{"name":"wp","href":"https:\/\/api.w.org\/{rel}","templated":true}]}}