{"id":3046,"date":"2025-08-15T07:23:38","date_gmt":"2025-08-15T10:23:38","guid":{"rendered":"https:\/\/bracis.sbc.org.br\/2025\/?page_id=3046"},"modified":"2025-08-15T08:09:57","modified_gmt":"2025-08-15T11:09:57","slug":"bem-vindo","status":"publish","type":"page","link":"https:\/\/bracis.sbc.org.br\/2025\/pt\/bem-vindo\/","title":{"rendered":"BEM-VINDO(A) AO BRACIS 2025"},"content":{"rendered":"\t\t<div data-elementor-type=\"wp-page\" data-elementor-id=\"3046\" class=\"elementor elementor-3046\">\n\t\t\t\t<div class=\"elementor-element elementor-element-686666a4 e-con-full e-flex e-con e-parent\" data-id=\"686666a4\" data-element_type=\"container\" data-e-type=\"container\" data-settings=\"{&quot;background_background&quot;:&quot;classic&quot;,&quot;shape_divider_bottom&quot;:&quot;waves&quot;,&quot;shape_divider_bottom_negative&quot;:&quot;yes&quot;}\">\n\t\t\t\t<div class=\"elementor-shape elementor-shape-bottom\" aria-hidden=\"true\" data-negative=\"true\">\n\t\t\t<svg xmlns=\"http:\/\/www.w3.org\/2000\/svg\" viewBox=\"0 0 1000 100\" preserveAspectRatio=\"none\">\n\t<path class=\"elementor-shape-fill\" d=\"M790.5,93.1c-59.3-5.3-116.8-18-192.6-50c-29.6-12.7-76.9-31-100.5-35.9c-23.6-4.9-52.6-7.8-75.5-5.3\n\tc-10.2,1.1-22.6,1.4-50.1,7.4c-27.2,6.3-58.2,16.6-79.4,24.7c-41.3,15.9-94.9,21.9-134,22.6C72,58.2,0,25.8,0,25.8V100h1000V65.3\n\tc0,0-51.5,19.4-106.2,25.7C839.5,97,814.1,95.2,790.5,93.1z\"\/>\n<\/svg>\t\t<\/div>\n\t\t<div class=\"elementor-element elementor-element-af12b91 e-con-full e-flex e-con e-child\" data-id=\"af12b91\" data-element_type=\"container\" data-e-type=\"container\">\n\t\t\t\t<div class=\"elementor-element elementor-element-438b65af elementor-widget elementor-widget-heading\" data-id=\"438b65af\" data-element_type=\"widget\" data-e-type=\"widget\" data-widget_type=\"heading.default\">\n\t\t\t\t<div class=\"elementor-widget-container\">\n\t\t\t\t\t<h2 class=\"elementor-heading-title elementor-size-default\">Bem Vindo ao BRACIS 2025<\/h2>\t\t\t\t<\/div>\n\t\t\t\t<\/div>\n\t\t\t\t<div class=\"elementor-element elementor-element-42abb8f6 elementor-widget elementor-widget-text-editor\" data-id=\"42abb8f6\" data-element_type=\"widget\" data-e-type=\"widget\" data-widget_type=\"text-editor.default\">\n\t\t\t\t<div class=\"elementor-widget-container\">\n\t\t\t\t\t\t\t\t\t<p>A 35\u00aa Confer\u00eancia Brasileira sobre Sistemas Inteligentes (BRACIS), o XXII Encontro Nacional de Intelig\u00eancia Artificial e Computacional (ENIAC) e o XIX Simp\u00f3sio Brasileiro em Tecnologia da Informa\u00e7\u00e3o e Linguagem Humana (STIL) ser\u00e3o realizados em Fortaleza, CE, Brasil, de 29 de setembro a 2 de outubro de 2025.<\/p>\t\t\t\t\t\t\t\t<\/div>\n\t\t\t\t<\/div>\n\t\t\t\t<\/div>\n\t\t\t\t<\/div>\n\t\t<div class=\"elementor-element elementor-element-1a37a832 e-con-full e-flex e-con e-parent\" data-id=\"1a37a832\" data-element_type=\"container\" data-e-type=\"container\">\n\t\t\t\t<div class=\"elementor-element elementor-element-94f02a0 elementor-widget elementor-widget-html\" data-id=\"94f02a0\" data-element_type=\"widget\" data-e-type=\"widget\" data-widget_type=\"html.default\">\n\t\t\t\t<div class=\"elementor-widget-container\">\n\t\t\t\t\t\n<h2>\n    O <span class=\"bracis-purple\">BRACIS<\/span> \u00e9 um dos eventos mais importantes no Brasil para pesquisadores interessados em publicar resultados significativos e inovadores nas \u00e1reas de Intelig\u00eancia Artificial e Intelig\u00eancia Computacional. Ele surgiu da fus\u00e3o de dois dos mais importantes eventos cient\u00edficos do Brasil nessas \u00e1reas: o Simp\u00f3sio Brasileiro de Intelig\u00eancia Artificial (SBIA \u2013 22 edi\u00e7\u00f5es) e o Simp\u00f3sio Brasileiro de Redes Neurais (SBRN \u2013 13 edi\u00e7\u00f5es). O evento \u00e9 promovido anualmente pela Sociedade Brasileira de Computa\u00e7\u00e3o (SBC) e conta com o apoio dos Grupos de Interesse Especial em Intelig\u00eancia Artificial (CEIA) e Intelig\u00eancia Computacional (CEIC). O BRACIS promove tanto os aspectos te\u00f3ricos quanto aplica\u00e7\u00f5es da Intelig\u00eancia Artificial e Computacional, al\u00e9m de incentivar o interc\u00e2mbio cient\u00edfico entre pesquisadores, profissionais, cientistas e a ind\u00fastria.\n<\/h2>\n\n<h2>\n    O <span class=\"bracis-purple\"> Encontro Nacional de Intelig\u00eancia Artificial e Computacional (ENIAC)<\/span> \u00e9 um f\u00f3rum nacional para pesquisadores, profissionais, educadores e estudantes apresentarem e discutirem inova\u00e7\u00f5es, tend\u00eancias, experi\u00eancias, desenvolvimentos e trabalhos em andamento nos campos da Intelig\u00eancia Artificial e Computacional.\n<\/h2>\n\n<h2>\n    O <span class=\"bracis-purple\"> Simp\u00f3sio Brasileiro em Tecnologia da Informa\u00e7\u00e3o e Linguagem Humana (STIL))<\/span> \u00e9 uma confer\u00eancia multidisciplinar que abrange uma ampla gama de disciplinas relacionadas \u00e0 Tecnologia da Linguagem Humana, como Lingu\u00edstica, Ci\u00eancia da Computa\u00e7\u00e3o, Psicolingu\u00edstica, Ci\u00eancia da Informa\u00e7\u00e3o, entre outras. Seu objetivo \u00e9 reunir participantes acad\u00eamicos e empresariais que trabalham nessas \u00e1reas.\n<\/h2>\n\n<h2>\n   As edi\u00e7\u00f5es de 2025 do BRACIS e do ENIAC ser\u00e3o organizadas como um evento conjunto. O STIL, assim como nas edi\u00e7\u00f5es anteriores, ser\u00e1 um evento co-alocado ao BRACIS e ENIAC..\n<\/h2>\n\n<h2>\n    Em 2025, pela segunda vez, o BRACIS, ENIAC e STIL tamb\u00e9m ser\u00e3o realizados em conjunto com o SBBD (40\u00ba Simp\u00f3sio Brasileiro de Banco de Dados) e o KDMiLe (Simp\u00f3sio sobre Descoberta de Conhecimento, Minera\u00e7\u00e3o e Aprendizado).\n<\/h2>\n\n\n<h2 class=\"chamado\">\n    Estamos ansiosos para receb\u00ea-los em Fortaleza!\n<\/h2>\n\n\n<style>\n.bracis-purple{\n    color: #891C6E;\n}\n\n.chamado{\n    color: #891C6E;\n    text-decoration: underline;\n}\n\nh2{\n    background-color: : #fff;\n    color: black\n}\n<\/style>\n\t\t\t\t<\/div>\n\t\t\t\t<\/div>\n\t\t\t\t<\/div>\n\t\t<div class=\"elementor-element elementor-element-f4c59c4 e-flex e-con-boxed e-con e-parent\" data-id=\"f4c59c4\" data-element_type=\"container\" data-e-type=\"container\">\n\t\t\t\t\t<div class=\"e-con-inner\">\n\t\t<div class=\"elementor-element elementor-element-e171dfb e-con-full e-flex e-con e-child\" data-id=\"e171dfb\" data-element_type=\"container\" data-e-type=\"container\">\n\t\t\t\t<div class=\"elementor-element elementor-element-c52250d elementor-widget elementor-widget-heading\" data-id=\"c52250d\" data-element_type=\"widget\" data-e-type=\"widget\" data-widget_type=\"heading.default\">\n\t\t\t\t<div class=\"elementor-widget-container\">\n\t\t\t\t\t<h2 class=\"elementor-heading-title elementor-size-default\"><b>GENERAL CHAIR<\/b><\/h2>\t\t\t\t<\/div>\n\t\t\t\t<\/div>\n\t\t\t\t<div class=\"elementor-element elementor-element-88d0973 elementor-widget elementor-widget-text-editor\" data-id=\"88d0973\" data-element_type=\"widget\" data-e-type=\"widget\" data-widget_type=\"text-editor.default\">\n\t\t\t\t<div class=\"elementor-widget-container\">\n\t\t\t\t\t\t\t\t\t<ul><li>Paulo de Tarso Guerra Oliveira (UFC)<\/li><\/ul>\t\t\t\t\t\t\t\t<\/div>\n\t\t\t\t<\/div>\n\t\t\t\t<\/div>\n\t\t\t\t\t<\/div>\n\t\t\t\t<\/div>\n\t\t<div class=\"elementor-element elementor-element-8ddc342 e-flex e-con-boxed e-con e-parent\" data-id=\"8ddc342\" data-element_type=\"container\" data-e-type=\"container\">\n\t\t\t\t\t<div class=\"e-con-inner\">\n\t\t\t\t<div class=\"elementor-element elementor-element-4c7c08d elementor-widget elementor-widget-heading\" data-id=\"4c7c08d\" data-element_type=\"widget\" data-e-type=\"widget\" data-widget_type=\"heading.default\">\n\t\t\t\t<div class=\"elementor-widget-container\">\n\t\t\t\t\t<h2 class=\"elementor-heading-title elementor-size-default\">MEMBROS CE-IA <\/h2>\t\t\t\t<\/div>\n\t\t\t\t<\/div>\n\t\t\t\t<div class=\"elementor-element elementor-element-5e90fe6 elementor-widget elementor-widget-text-editor\" data-id=\"5e90fe6\" data-element_type=\"widget\" data-e-type=\"widget\" data-widget_type=\"text-editor.default\">\n\t\t\t\t<div class=\"elementor-widget-container\">\n\t\t\t\t\t\t\t\t\t<ul><li>Tatiane Rios (UFBA) \u2013 Coordenadora<\/li><li>Anna Reali (USP)<\/li><li>Denis Mau\u00e1 (USP)<\/li><li>Diego Mesquita (FGV)<\/li><li>Jaime Sichman (USP)<\/li><li>Leliane Nunes de Barros (USP)<\/li><li>Ricardo Marcacini (USP)<\/li><li>Solange Rezende (USP)<\/li><\/ul>\t\t\t\t\t\t\t\t<\/div>\n\t\t\t\t<\/div>\n\t\t\t\t\t<\/div>\n\t\t\t\t<\/div>\n\t\t<div class=\"elementor-element elementor-element-a357538 e-flex e-con-boxed e-con e-parent\" data-id=\"a357538\" data-element_type=\"container\" data-e-type=\"container\">\n\t\t\t\t\t<div class=\"e-con-inner\">\n\t\t<div class=\"elementor-element elementor-element-2c1cae3 e-con-full e-flex e-con e-child\" data-id=\"2c1cae3\" data-element_type=\"container\" data-e-type=\"container\">\n\t\t\t\t<div class=\"elementor-element elementor-element-46386fd elementor-widget elementor-widget-heading\" data-id=\"46386fd\" data-element_type=\"widget\" data-e-type=\"widget\" data-widget_type=\"heading.default\">\n\t\t\t\t<div class=\"elementor-widget-container\">\n\t\t\t\t\t<h2 class=\"elementor-heading-title elementor-size-default\">MEMBROS CE-IC <\/h2>\t\t\t\t<\/div>\n\t\t\t\t<\/div>\n\t\t\t\t<div class=\"elementor-element elementor-element-763086f elementor-widget elementor-widget-text-editor\" data-id=\"763086f\" data-element_type=\"widget\" data-e-type=\"widget\" data-widget_type=\"text-editor.default\">\n\t\t\t\t<div class=\"elementor-widget-container\">\n\t\t\t\t\t\t\t\t\t<ul><li>Anne Magaly de Paula Canuto (UFRN) \u2014 Coordenadora<\/li><li>Filipe De Oliveira Saraiva (UFPA)<\/li><li>Gisele Lobo Pappa (UFMG)<\/li><li>Murilo Coelho Naldi (UFSCar)<\/li><li>Renato Tin\u00f3s (USP)<\/li><\/ul>\t\t\t\t\t\t\t\t<\/div>\n\t\t\t\t<\/div>\n\t\t\t\t<\/div>\n\t\t\t\t\t<\/div>\n\t\t\t\t<\/div>\n\t\t<div class=\"elementor-element elementor-element-5ddd5b0 e-flex e-con-boxed e-con e-parent\" data-id=\"5ddd5b0\" data-element_type=\"container\" data-e-type=\"container\">\n\t\t\t\t\t<div class=\"e-con-inner\">\n\t\t<div class=\"elementor-element elementor-element-34dd01c e-con-full e-flex e-con e-child\" data-id=\"34dd01c\" data-element_type=\"container\" data-e-type=\"container\">\n\t\t<div class=\"elementor-element elementor-element-935e4c7 e-con-full e-flex e-con e-child\" data-id=\"935e4c7\" data-element_type=\"container\" data-e-type=\"container\">\n\t\t\t\t<div class=\"elementor-element elementor-element-7e96d13 elementor-widget elementor-widget-heading\" data-id=\"7e96d13\" data-element_type=\"widget\" data-e-type=\"widget\" data-widget_type=\"heading.default\">\n\t\t\t\t<div class=\"elementor-widget-container\">\n\t\t\t\t\t<h2 class=\"elementor-heading-title elementor-size-default\"><b>COORDENA\u00c7\u00c3O DO COMIT\u00ca DE PROGRAMA DO BRACIS&nbsp;<\/b><\/h2>\t\t\t\t<\/div>\n\t\t\t\t<\/div>\n\t\t\t\t<div class=\"elementor-element elementor-element-b38f86a elementor-widget elementor-widget-text-editor\" data-id=\"b38f86a\" data-element_type=\"widget\" data-e-type=\"widget\" data-widget_type=\"text-editor.default\">\n\t\t\t\t<div class=\"elementor-widget-container\">\n\t\t\t\t\t\t\t\t\t<ul><li>Diego Furtado Silva (ICMC\/USP)<\/li><li>Rosiane de Freitas-Rodrigues (IComp\/UFAM)<\/li><\/ul>\t\t\t\t\t\t\t\t<\/div>\n\t\t\t\t<\/div>\n\t\t\t\t<\/div>\n\t\t\t\t<\/div>\n\t\t\t\t\t<\/div>\n\t\t\t\t<\/div>\n\t\t<div class=\"elementor-element elementor-element-4519a8e e-flex e-con-boxed e-con e-parent\" data-id=\"4519a8e\" data-element_type=\"container\" data-e-type=\"container\">\n\t\t\t\t\t<div class=\"e-con-inner\">\n\t\t<div class=\"elementor-element elementor-element-120533f e-con-full e-flex e-con e-child\" data-id=\"120533f\" data-element_type=\"container\" data-e-type=\"container\">\n\t\t<div class=\"elementor-element elementor-element-b257bf2 e-con-full e-flex e-con e-child\" data-id=\"b257bf2\" data-element_type=\"container\" data-e-type=\"container\">\n\t\t<div class=\"elementor-element elementor-element-9662b70 e-con-full e-flex e-con e-child\" data-id=\"9662b70\" data-element_type=\"container\" data-e-type=\"container\">\n\t\t\t\t<div class=\"elementor-element elementor-element-f48de70 elementor-widget elementor-widget-heading\" data-id=\"f48de70\" data-element_type=\"widget\" data-e-type=\"widget\" data-widget_type=\"heading.default\">\n\t\t\t\t<div class=\"elementor-widget-container\">\n\t\t\t\t\t<h2 class=\"elementor-heading-title elementor-size-default\">COORDENA\u00c7\u00c3O DO COMIT\u00ca DE PROGRAMA DO ENIAC<\/h2>\t\t\t\t<\/div>\n\t\t\t\t<\/div>\n\t\t\t\t<div class=\"elementor-element elementor-element-db97ed4 elementor-widget elementor-widget-text-editor\" data-id=\"db97ed4\" data-element_type=\"widget\" data-e-type=\"widget\" data-widget_type=\"text-editor.default\">\n\t\t\t\t<div class=\"elementor-widget-container\">\n\t\t\t\t\t\t\t\t\t<ul><li>H\u00e9lida Salles Santos (C3\/FURG)<\/li><li>Mariana Recamonde Mendoza (INF\/UFRGS)<\/li><\/ul>\t\t\t\t\t\t\t\t<\/div>\n\t\t\t\t<\/div>\n\t\t\t\t<\/div>\n\t\t\t\t<\/div>\n\t\t\t\t<\/div>\n\t\t\t\t\t<\/div>\n\t\t\t\t<\/div>\n\t\t<div class=\"elementor-element elementor-element-69a440f e-flex e-con-boxed e-con e-parent\" data-id=\"69a440f\" data-element_type=\"container\" data-e-type=\"container\">\n\t\t\t\t\t<div class=\"e-con-inner\">\n\t\t<div class=\"elementor-element elementor-element-cfd866b e-con-full e-flex e-con e-child\" data-id=\"cfd866b\" data-element_type=\"container\" data-e-type=\"container\">\n\t\t<div class=\"elementor-element elementor-element-5fc785d e-con-full e-flex e-con e-child\" data-id=\"5fc785d\" data-element_type=\"container\" data-e-type=\"container\">\n\t\t<div class=\"elementor-element elementor-element-b9562f4 e-con-full e-flex e-con e-child\" data-id=\"b9562f4\" data-element_type=\"container\" data-e-type=\"container\">\n\t\t\t\t<div class=\"elementor-element elementor-element-6bbb258 elementor-widget elementor-widget-heading\" data-id=\"6bbb258\" data-element_type=\"widget\" data-e-type=\"widget\" data-widget_type=\"heading.default\">\n\t\t\t\t<div class=\"elementor-widget-container\">\n\t\t\t\t\t<h2 class=\"elementor-heading-title elementor-size-default\">COMIT\u00ca LOCAL <\/h2>\t\t\t\t<\/div>\n\t\t\t\t<\/div>\n\t\t\t\t<div class=\"elementor-element elementor-element-1da9007 elementor-widget elementor-widget-text-editor\" data-id=\"1da9007\" data-element_type=\"widget\" data-e-type=\"widget\" data-widget_type=\"text-editor.default\">\n\t\t\t\t<div class=\"elementor-widget-container\">\n\t\t\t\t\t\t\t\t\t<ul><li>Paulo de Tarso Guerra Oliveira (UFC)<\/li><li>Maria Viviane de Menezes (UFC)<\/li><li>Jose Wellington Franco da Silva (UFC)<\/li><\/ul>\t\t\t\t\t\t\t\t<\/div>\n\t\t\t\t<\/div>\n\t\t\t\t<\/div>\n\t\t\t\t<\/div>\n\t\t\t\t<\/div>\n\t\t\t\t\t<\/div>\n\t\t\t\t<\/div>\n\t\t<div class=\"elementor-element elementor-element-d97328d e-flex e-con-boxed e-con e-parent\" data-id=\"d97328d\" data-element_type=\"container\" data-e-type=\"container\" data-settings=\"{&quot;background_background&quot;:&quot;classic&quot;}\">\n\t\t\t\t\t<div class=\"e-con-inner\">\n\t\t<div class=\"elementor-element elementor-element-bccbeb6 e-con-full e-flex e-con e-child\" data-id=\"bccbeb6\" data-element_type=\"container\" data-e-type=\"container\" data-settings=\"{&quot;background_background&quot;:&quot;gradient&quot;,&quot;shape_divider_top&quot;:&quot;waves&quot;}\">\n\t\t\t\t<div class=\"elementor-shape elementor-shape-top\" aria-hidden=\"true\" data-negative=\"false\">\n\t\t\t<svg xmlns=\"http:\/\/www.w3.org\/2000\/svg\" viewBox=\"0 0 1000 100\" preserveAspectRatio=\"none\">\n\t<path class=\"elementor-shape-fill\" d=\"M421.9,6.5c22.6-2.5,51.5,0.4,75.5,5.3c23.6,4.9,70.9,23.5,100.5,35.7c75.8,32.2,133.7,44.5,192.6,49.7\n\tc23.6,2.1,48.7,3.5,103.4-2.5c54.7-6,106.2-25.6,106.2-25.6V0H0v30.3c0,0,72,32.6,158.4,30.5c39.2-0.7,92.8-6.7,134-22.4\n\tc21.2-8.1,52.2-18.2,79.7-24.2C399.3,7.9,411.6,7.5,421.9,6.5z\"\/>\n<\/svg>\t\t<\/div>\n\t\t\t\t<\/div>\n\t\t\t\t\t<\/div>\n\t\t\t\t<\/div>\n\t\t\t\t<\/div>\n\t\t","protected":false},"excerpt":{"rendered":"<p>Bem Vindo ao BRACIS 2025 A 35\u00aa Confer\u00eancia Brasileira sobre Sistemas Inteligentes (BRACIS), o XXII Encontro Nacional de Intelig\u00eancia Artificial e Computacional (ENIAC) e o XIX Simp\u00f3sio Brasileiro em Tecnologia da Informa\u00e7\u00e3o e Linguagem Humana (STIL) ser\u00e3o realizados em Fortaleza, CE, Brasil, de 29 de setembro a 2 de outubro de 2025. O BRACIS \u00e9 [&hellip;]<\/p>\n","protected":false},"author":2,"featured_media":0,"parent":0,"menu_order":0,"comment_status":"closed","ping_status":"closed","template":"","meta":{"footnotes":""},"class_list":["post-3046","page","type-page","status-publish","hentry"],"_links":{"self":[{"href":"https:\/\/bracis.sbc.org.br\/2025\/wp-json\/wp\/v2\/pages\/3046","targetHints":{"allow":["GET"]}}],"collection":[{"href":"https:\/\/bracis.sbc.org.br\/2025\/wp-json\/wp\/v2\/pages"}],"about":[{"href":"https:\/\/bracis.sbc.org.br\/2025\/wp-json\/wp\/v2\/types\/page"}],"author":[{"embeddable":true,"href":"https:\/\/bracis.sbc.org.br\/2025\/wp-json\/wp\/v2\/users\/2"}],"replies":[{"embeddable":true,"href":"https:\/\/bracis.sbc.org.br\/2025\/wp-json\/wp\/v2\/comments?post=3046"}],"version-history":[{"count":11,"href":"https:\/\/bracis.sbc.org.br\/2025\/wp-json\/wp\/v2\/pages\/3046\/revisions"}],"predecessor-version":[{"id":3058,"href":"https:\/\/bracis.sbc.org.br\/2025\/wp-json\/wp\/v2\/pages\/3046\/revisions\/3058"}],"wp:attachment":[{"href":"https:\/\/bracis.sbc.org.br\/2025\/wp-json\/wp\/v2\/media?parent=3046"}],"curies":[{"name":"wp","href":"https:\/\/api.w.org\/{rel}","templated":true}]}}