{"id":3116,"date":"2025-08-19T11:26:29","date_gmt":"2025-08-19T14:26:29","guid":{"rendered":"https:\/\/bracis.sbc.org.br\/2025\/?page_id=3116"},"modified":"2025-09-20T22:40:51","modified_gmt":"2025-09-21T01:40:51","slug":"programacao","status":"publish","type":"page","link":"https:\/\/bracis.sbc.org.br\/2025\/pt\/programacao\/","title":{"rendered":"Programa\u00e7\u00e3o"},"content":{"rendered":"\t\t<div data-elementor-type=\"wp-page\" data-elementor-id=\"3116\" class=\"elementor elementor-3116\">\n\t\t\t\t<div class=\"elementor-element elementor-element-8807574 e-flex e-con-boxed e-con e-parent\" data-id=\"8807574\" data-element_type=\"container\" data-e-type=\"container\">\n\t\t\t\t\t<div class=\"e-con-inner\">\n\t\t<div class=\"elementor-element elementor-element-23e39e5 e-con-full e-flex e-con e-child\" data-id=\"23e39e5\" data-element_type=\"container\" data-e-type=\"container\">\n\t\t<div class=\"elementor-element elementor-element-d060c05 e-con-full e-flex e-con e-child\" data-id=\"d060c05\" data-element_type=\"container\" data-e-type=\"container\">\n\t\t\t\t<div class=\"elementor-element elementor-element-9a078fd elementor-widget elementor-widget-heading\" data-id=\"9a078fd\" data-element_type=\"widget\" data-e-type=\"widget\" data-widget_type=\"heading.default\">\n\t\t\t\t<div class=\"elementor-widget-container\">\n\t\t\t\t\t<h2 class=\"elementor-heading-title elementor-size-default\">Programa\u00e7\u00e3o<\/h2>\t\t\t\t<\/div>\n\t\t\t\t<\/div>\n\t\t\t\t<div class=\"elementor-element elementor-element-7c76fe6 sublinhado elementor-widget__width-initial elementor-widget elementor-widget-image\" data-id=\"7c76fe6\" data-element_type=\"widget\" data-e-type=\"widget\" data-widget_type=\"image.default\">\n\t\t\t\t<div class=\"elementor-widget-container\">\n\t\t\t\t\t\t\t\t\t\t\t\t\t\t\t<img decoding=\"async\" width=\"246\" height=\"18\" src=\"https:\/\/bracis.sbc.org.br\/2025\/wp-content\/uploads\/2025\/06\/Frame-4-e1748889604907.png\" class=\"attachment-full size-full wp-image-1897\" alt=\"\" \/>\t\t\t\t\t\t\t\t\t\t\t\t\t\t\t<\/div>\n\t\t\t\t<\/div>\n\t\t\t\t<\/div>\n\t\t\t\t<div class=\"elementor-element elementor-element-d99782a elementor-widget elementor-widget-heading\" data-id=\"d99782a\" data-element_type=\"widget\" data-e-type=\"widget\" data-widget_type=\"heading.default\">\n\t\t\t\t<div class=\"elementor-widget-container\">\n\t\t\t\t\t<h2 class=\"elementor-heading-title elementor-size-default\">Confira a programa\u00e7\u00e3o geral do evento:<br><\/h2>\t\t\t\t<\/div>\n\t\t\t\t<\/div>\n\t\t\t\t<div class=\"elementor-element elementor-element-66eb8fa elementor-widget elementor-widget-html\" data-id=\"66eb8fa\" data-element_type=\"widget\" data-e-type=\"widget\" data-widget_type=\"html.default\">\n\t\t\t\t<div class=\"elementor-widget-container\">\n\t\t\t\t\t<iframe src=\"https:\/\/paulotguerra.github.io\/bracissbbd2025\/program.html\" width=\"100%\" height=\"1740px\" frameborder=\"0\"><\/iframe>\t\t\t\t<\/div>\n\t\t\t\t<\/div>\n\t\t\t\t<div class=\"elementor-element elementor-element-51adc03 elementor-widget elementor-widget-heading\" data-id=\"51adc03\" data-element_type=\"widget\" data-e-type=\"widget\" data-widget_type=\"heading.default\">\n\t\t\t\t<div class=\"elementor-widget-container\">\n\t\t\t\t\t<h2 class=\"elementor-heading-title elementor-size-default\">Confira a programa\u00e7\u00e3o detalhada de cada evento:<\/h2>\t\t\t\t<\/div>\n\t\t\t\t<\/div>\n\t\t<div class=\"elementor-element elementor-element-625435b e-con-full e-flex e-con e-child\" data-id=\"625435b\" data-element_type=\"container\" data-e-type=\"container\">\n\t\t<div class=\"elementor-element elementor-element-c41b2f3 e-con-full e-flex e-con e-child\" data-id=\"c41b2f3\" data-element_type=\"container\" data-e-type=\"container\">\n\t\t\t\t<div class=\"elementor-element elementor-element-417bc14 elementor-widget__width-initial svg elementor-widget elementor-widget-html\" data-id=\"417bc14\" data-element_type=\"widget\" data-e-type=\"widget\" data-widget_type=\"html.default\">\n\t\t\t\t<div class=\"elementor-widget-container\">\n\t\t\t\t\t<svg width=\"10\" height=\"10\" viewBox=\"0 0 10 10\" xmlns=\"http:\/\/www.w3.org\/2000\/svg\" aria-hidden=\"true\">\n<circle cx=\"5\" cy=\"5\" r=\"4.9\" fill=\"#0DB46D\"\/>\n<\/svg>\t\t\t\t<\/div>\n\t\t\t\t<\/div>\n\t\t\t\t<div class=\"elementor-element elementor-element-ab2c62d elementor-widget elementor-widget-heading\" data-id=\"ab2c62d\" data-element_type=\"widget\" data-e-type=\"widget\" data-widget_type=\"heading.default\">\n\t\t\t\t<div class=\"elementor-widget-container\">\n\t\t\t\t\t<h2 class=\"elementor-heading-title elementor-size-default\"><a href=\"https:\/\/docs.google.com\/spreadsheets\/u\/1\/d\/1UTMZw5745RWlhwXLP0p_T0BZ3FgBWeuO1jokB1rksl8\/preview?gid=0#gid=0\" target=\"_blank\">SBBD<\/a><\/h2>\t\t\t\t<\/div>\n\t\t\t\t<\/div>\n\t\t\t\t<\/div>\n\t\t<div class=\"elementor-element elementor-element-f71ad19 e-con-full e-flex e-con e-child\" data-id=\"f71ad19\" data-element_type=\"container\" data-e-type=\"container\">\n\t\t\t\t<div class=\"elementor-element elementor-element-d4a6af8 elementor-widget__width-initial svg elementor-widget elementor-widget-html\" data-id=\"d4a6af8\" data-element_type=\"widget\" data-e-type=\"widget\" data-widget_type=\"html.default\">\n\t\t\t\t<div class=\"elementor-widget-container\">\n\t\t\t\t\t<svg width=\"10\" height=\"10\" viewBox=\"0 0 10 10\" xmlns=\"http:\/\/www.w3.org\/2000\/svg\" aria-hidden=\"true\">\n<circle cx=\"5\" cy=\"5\" r=\"4.9\" fill=\"#891C6E\"\/>\n<\/svg>\t\t\t\t<\/div>\n\t\t\t\t<\/div>\n\t\t\t\t<div class=\"elementor-element elementor-element-bde1433 elementor-widget elementor-widget-heading\" data-id=\"bde1433\" data-element_type=\"widget\" data-e-type=\"widget\" data-widget_type=\"heading.default\">\n\t\t\t\t<div class=\"elementor-widget-container\">\n\t\t\t\t\t<h2 class=\"elementor-heading-title elementor-size-default\"><a href=\"https:\/\/docs.google.com\/spreadsheets\/d\/14Eo8yeY3tF03HRiXZW7bN8tv7gtPYkaUIYw-jUapIzo\/preview\" target=\"_blank\">BRACIS<\/a><\/h2>\t\t\t\t<\/div>\n\t\t\t\t<\/div>\n\t\t\t\t<\/div>\n\t\t<div class=\"elementor-element elementor-element-0945913 e-con-full e-flex e-con e-child\" data-id=\"0945913\" data-element_type=\"container\" data-e-type=\"container\">\n\t\t\t\t<div class=\"elementor-element elementor-element-10616e6 elementor-widget__width-initial svg elementor-widget elementor-widget-html\" data-id=\"10616e6\" data-element_type=\"widget\" data-e-type=\"widget\" data-widget_type=\"html.default\">\n\t\t\t\t<div class=\"elementor-widget-container\">\n\t\t\t\t\t<svg width=\"10\" height=\"10\" viewBox=\"0 0 10 10\" xmlns=\"http:\/\/www.w3.org\/2000\/svg\" aria-hidden=\"true\">\n<circle cx=\"5\" cy=\"5\" r=\"4.9\" fill=\"#0540BD\"\/>\n<\/svg>\t\t\t\t<\/div>\n\t\t\t\t<\/div>\n\t\t\t\t<div class=\"elementor-element elementor-element-3423da5 elementor-widget elementor-widget-heading\" data-id=\"3423da5\" data-element_type=\"widget\" data-e-type=\"widget\" data-widget_type=\"heading.default\">\n\t\t\t\t<div class=\"elementor-widget-container\">\n\t\t\t\t\t<h2 class=\"elementor-heading-title elementor-size-default\"><a href=\"https:\/\/docs.google.com\/spreadsheets\/d\/1i-JJq6_mLwF49LlBTwQTW7MYymIwNwk3bqh3bbjZ3Fk\/preview\" target=\"_blank\">ENIAC<\/a><\/h2>\t\t\t\t<\/div>\n\t\t\t\t<\/div>\n\t\t\t\t<\/div>\n\t\t<div class=\"elementor-element elementor-element-9c9d0bb e-con-full e-flex e-con e-child\" data-id=\"9c9d0bb\" data-element_type=\"container\" data-e-type=\"container\">\n\t\t\t\t<div class=\"elementor-element elementor-element-a78c408 elementor-widget__width-initial svg elementor-widget elementor-widget-html\" data-id=\"a78c408\" data-element_type=\"widget\" data-e-type=\"widget\" data-widget_type=\"html.default\">\n\t\t\t\t<div class=\"elementor-widget-container\">\n\t\t\t\t\t<svg width=\"10\" height=\"10\" viewBox=\"0 0 10 10\" xmlns=\"http:\/\/www.w3.org\/2000\/svg\" aria-hidden=\"true\">\n<circle cx=\"5\" cy=\"5\" r=\"4.9\" fill=\"#F35C2C\"\/>\n<\/svg>\t\t\t\t<\/div>\n\t\t\t\t<\/div>\n\t\t\t\t<div class=\"elementor-element elementor-element-e8cb21a elementor-widget elementor-widget-heading\" data-id=\"e8cb21a\" data-element_type=\"widget\" data-e-type=\"widget\" data-widget_type=\"heading.default\">\n\t\t\t\t<div class=\"elementor-widget-container\">\n\t\t\t\t\t<h2 class=\"elementor-heading-title elementor-size-default\"><a href=\"https:\/\/docs.google.com\/spreadsheets\/d\/16O1EWgFRC5eXWd_3WUovlAOH2ESANL9aywxhPQuib3E\/preview\" target=\"_blank\">STIL<\/a><\/h2>\t\t\t\t<\/div>\n\t\t\t\t<\/div>\n\t\t\t\t<\/div>\n\t\t<div class=\"elementor-element elementor-element-9d28948 e-con-full e-flex e-con e-child\" data-id=\"9d28948\" data-element_type=\"container\" data-e-type=\"container\">\n\t\t\t\t<div class=\"elementor-element elementor-element-928c0e7 elementor-widget__width-initial svg elementor-widget elementor-widget-html\" data-id=\"928c0e7\" data-element_type=\"widget\" data-e-type=\"widget\" data-widget_type=\"html.default\">\n\t\t\t\t<div class=\"elementor-widget-container\">\n\t\t\t\t\t<svg width=\"10\" height=\"10\" viewBox=\"0 0 10 10\" xmlns=\"http:\/\/www.w3.org\/2000\/svg\" aria-hidden=\"true\">\n<circle cx=\"5\" cy=\"5\" r=\"4.9\" fill=\"#056F8A\"\/>\n<\/svg>\t\t\t\t<\/div>\n\t\t\t\t<\/div>\n\t\t\t\t<div class=\"elementor-element elementor-element-a31e895 elementor-widget elementor-widget-heading\" data-id=\"a31e895\" data-element_type=\"widget\" data-e-type=\"widget\" data-widget_type=\"heading.default\">\n\t\t\t\t<div class=\"elementor-widget-container\">\n\t\t\t\t\t<h2 class=\"elementor-heading-title elementor-size-default\"><a href=\"https:\/\/docs.google.com\/spreadsheets\/u\/1\/d\/1UTMZw5745RWlhwXLP0p_T0BZ3FgBWeuO1jokB1rksl8\/preview?gid=0#gid=275247048\" target=\"_blank\">KDMiLe<\/a><\/h2>\t\t\t\t<\/div>\n\t\t\t\t<\/div>\n\t\t\t\t<\/div>\n\t\t<div class=\"elementor-element elementor-element-ad14985 e-con-full e-flex e-con e-child\" data-id=\"ad14985\" data-element_type=\"container\" data-e-type=\"container\">\n\t\t\t\t<div class=\"elementor-element elementor-element-6c24ab8 elementor-widget__width-initial svg elementor-widget elementor-widget-html\" data-id=\"6c24ab8\" data-element_type=\"widget\" data-e-type=\"widget\" data-widget_type=\"html.default\">\n\t\t\t\t<div class=\"elementor-widget-container\">\n\t\t\t\t\t<svg width=\"10\" height=\"10\" viewBox=\"0 0 10 10\" xmlns=\"http:\/\/www.w3.org\/2000\/svg\" aria-hidden=\"true\">\n<circle cx=\"5\" cy=\"5\" r=\"4.9\" fill=\"#FAA80C\"\/>\n<\/svg>\t\t\t\t<\/div>\n\t\t\t\t<\/div>\n\t\t\t\t<div class=\"elementor-element elementor-element-cae4a81 elementor-widget elementor-widget-heading\" data-id=\"cae4a81\" data-element_type=\"widget\" data-e-type=\"widget\" data-widget_type=\"heading.default\">\n\t\t\t\t<div class=\"elementor-widget-container\">\n\t\t\t\t\t<h2 class=\"elementor-heading-title elementor-size-default\"><a href=\"https:\/\/docs.google.com\/document\/d\/1hvwmKG4hef-NVYBEOwGDSXq_4uh-AW7nppw6LCmENEU\/preview?tab=t.0\" target=\"_blank\">WESAAC<\/a><\/h2>\t\t\t\t<\/div>\n\t\t\t\t<\/div>\n\t\t\t\t<\/div>\n\t\t<div class=\"elementor-element elementor-element-0c701a2 e-con-full e-flex e-con e-child\" data-id=\"0c701a2\" data-element_type=\"container\" data-e-type=\"container\">\n\t\t\t\t<div class=\"elementor-element elementor-element-55387db elementor-widget__width-initial svg elementor-widget elementor-widget-html\" data-id=\"55387db\" data-element_type=\"widget\" data-e-type=\"widget\" data-widget_type=\"html.default\">\n\t\t\t\t<div class=\"elementor-widget-container\">\n\t\t\t\t\t<svg width=\"10\" height=\"10\" viewBox=\"0 0 10 10\" xmlns=\"http:\/\/www.w3.org\/2000\/svg\" aria-hidden=\"true\">\n<circle cx=\"5\" cy=\"5\" r=\"4.9\" fill=\"#05278A\"\/>\n<\/svg>\t\t\t\t<\/div>\n\t\t\t\t<\/div>\n\t\t\t\t<div class=\"elementor-element elementor-element-044f78b elementor-widget elementor-widget-heading\" data-id=\"044f78b\" data-element_type=\"widget\" data-e-type=\"widget\" data-widget_type=\"heading.default\">\n\t\t\t\t<div class=\"elementor-widget-container\">\n\t\t\t\t\t<h2 class=\"elementor-heading-title elementor-size-default\">BSB<\/h2>\t\t\t\t<\/div>\n\t\t\t\t<\/div>\n\t\t\t\t<\/div>\n\t\t\t\t<\/div>\n\t\t\t\t<\/div>\n\t\t\t\t\t<\/div>\n\t\t\t\t<\/div>\n\t\t\t\t<\/div>\n\t\t","protected":false},"excerpt":{"rendered":"<p>Programa\u00e7\u00e3o Confira a programa\u00e7\u00e3o geral do evento: Confira a programa\u00e7\u00e3o detalhada de cada evento: SBBD BRACIS ENIAC STIL KDMiLe WESAAC BSB<\/p>\n","protected":false},"author":7,"featured_media":0,"parent":0,"menu_order":0,"comment_status":"closed","ping_status":"closed","template":"","meta":{"footnotes":""},"class_list":["post-3116","page","type-page","status-publish","hentry"],"_links":{"self":[{"href":"https:\/\/bracis.sbc.org.br\/2025\/wp-json\/wp\/v2\/pages\/3116","targetHints":{"allow":["GET"]}}],"collection":[{"href":"https:\/\/bracis.sbc.org.br\/2025\/wp-json\/wp\/v2\/pages"}],"about":[{"href":"https:\/\/bracis.sbc.org.br\/2025\/wp-json\/wp\/v2\/types\/page"}],"author":[{"embeddable":true,"href":"https:\/\/bracis.sbc.org.br\/2025\/wp-json\/wp\/v2\/users\/7"}],"replies":[{"embeddable":true,"href":"https:\/\/bracis.sbc.org.br\/2025\/wp-json\/wp\/v2\/comments?post=3116"}],"version-history":[{"count":570,"href":"https:\/\/bracis.sbc.org.br\/2025\/wp-json\/wp\/v2\/pages\/3116\/revisions"}],"predecessor-version":[{"id":4792,"href":"https:\/\/bracis.sbc.org.br\/2025\/wp-json\/wp\/v2\/pages\/3116\/revisions\/4792"}],"wp:attachment":[{"href":"https:\/\/bracis.sbc.org.br\/2025\/wp-json\/wp\/v2\/media?parent=3116"}],"curies":[{"name":"wp","href":"https:\/\/api.w.org\/{rel}","templated":true}]}}