{"id":3804,"date":"2025-09-08T14:59:22","date_gmt":"2025-09-08T17:59:22","guid":{"rendered":"https:\/\/bracis.sbc.org.br\/2025\/?page_id=3804"},"modified":"2025-09-08T15:24:27","modified_gmt":"2025-09-08T18:24:27","slug":"stil-st-sp-pt","status":"publish","type":"page","link":"https:\/\/bracis.sbc.org.br\/2025\/pt\/stil-st-sp-pt\/","title":{"rendered":"STIL &#8211; Artigos Curtos"},"content":{"rendered":"\t\t<div data-elementor-type=\"wp-page\" data-elementor-id=\"3804\" class=\"elementor elementor-3804\">\n\t\t\t\t<div class=\"elementor-element elementor-element-2a76065 e-flex e-con-boxed e-con e-parent\" data-id=\"2a76065\" data-element_type=\"container\" data-e-type=\"container\">\n\t\t\t\t\t<div class=\"e-con-inner\">\n\t\t\t\t<div class=\"elementor-element elementor-element-6715099 elementor-widget elementor-widget-text-editor\" data-id=\"6715099\" data-element_type=\"widget\" data-e-type=\"widget\" data-widget_type=\"text-editor.default\">\n\t\t\t\t<div class=\"elementor-widget-container\">\n\t\t\t\t\t\t\t\t\t<h1><strong>STIL<\/strong><\/h1>\t\t\t\t\t\t\t\t<\/div>\n\t\t\t\t<\/div>\n\t\t\t\t\t<\/div>\n\t\t\t\t<\/div>\n\t\t<div class=\"elementor-element elementor-element-1a41a07 e-flex e-con-boxed e-con e-parent\" data-id=\"1a41a07\" data-element_type=\"container\" data-e-type=\"container\">\n\t\t\t\t\t<div class=\"e-con-inner\">\n\t\t<div class=\"elementor-element elementor-element-d916594 e-con-full e-flex e-con e-child\" data-id=\"d916594\" data-element_type=\"container\" data-e-type=\"container\">\n\t\t\t\t<div class=\"elementor-element elementor-element-721a12e elementor-widget elementor-widget-text-editor\" data-id=\"721a12e\" data-element_type=\"widget\" data-e-type=\"widget\" data-widget_type=\"text-editor.default\">\n\t\t\t\t<div class=\"elementor-widget-container\">\n\t\t\t\t\t\t\t\t\t<h2>Sess\u00f5es T\u00e9cnicas &#8211; Artigos Curtos &amp; TILIC<\/h2>\t\t\t\t\t\t\t\t<\/div>\n\t\t\t\t<\/div>\n\t\t\t\t<\/div>\n\t\t\t\t\t<\/div>\n\t\t\t\t<\/div>\n\t\t<div class=\"elementor-element elementor-element-cd0e86d e-flex e-con-boxed e-con e-parent\" data-id=\"cd0e86d\" data-element_type=\"container\" data-e-type=\"container\">\n\t\t\t\t\t<div class=\"e-con-inner\">\n\t\t\t\t<div class=\"elementor-element elementor-element-cf6fe53 elementor-widget__width-initial elementor-widget elementor-widget-Table\" data-id=\"cf6fe53\" data-element_type=\"widget\" data-e-type=\"widget\" data-widget_type=\"Table.default\">\n\t\t\t\t<div class=\"elementor-widget-container\">\n\t\t\t\t\t\t\t<table class=\"tafe-table \">\n\t\t\t<thead  class=\"tafe-table-header\">\n\t\t\t\t<tr>\n\t\t\t\t\t<th class=\"elementor-inline-editing elementor-repeater-item-527f0dc\"  colSpan=\"2\" >29\/09, 10:30 - 12:00<\/th><th class=\"elementor-inline-editing elementor-repeater-item-84da50c\"  colSpan=\"2\" >STIL Short Papers &amp; TILIC<\/th>\t\t\t\t<\/tr>\n\t\t\t<\/thead>\n\t\t\t\t\t\t<tbody class=\"tafe-table-body\">\n\t\t\t\t<tr>\n\t\t\t\t\t<td data-label=\"29\/09, 10:30 - 12:00\"   class=\"elementor-repeater-item-54466fa td-content-type-default\" ><\/td><td data-label=\"STIL Short Papers &amp; TILIC\"   class=\"elementor-repeater-item-1a55c13 td-content-type-default\" >T\u00edtulo<\/td><td data-label=\"\"   class=\"elementor-repeater-item-b8b48ec td-content-type-default\" >Autores<\/td><\/tr><tr><td data-label=\"29\/09, 10:30 - 12:00\"   class=\"elementor-repeater-item-c8c8805 td-content-type-default\" ><\/td><td data-label=\"STIL Short Papers &amp; TILIC\"   class=\"elementor-repeater-item-02cd0a2 td-content-type-default\" >Anota\u00e7\u00e3o de Narrativas Cl\u00ednica aos moldes das Depend\u00eancias Universais <\/td><td data-label=\"\"   class=\"elementor-repeater-item-b2a28ef td-content-type-default\" >Carlos Ant\u00f4nio de Souza Perrini (UFMG, Brazil), Cristiano da Silveira Colombo (IFES, Brazil), Claudia Benevenuto (IFES, Brazil), Adriana Pagano (UFMG, Brazil)<\/td><\/tr><tr><td data-label=\"29\/09, 10:30 - 12:00\"   class=\"elementor-repeater-item-f254d28 td-content-type-default\" ><\/td><td data-label=\"STIL Short Papers &amp; TILIC\"   class=\"elementor-repeater-item-c559450 td-content-type-default\" >An\u00e1lise do t\u00f3pico de sentimentos em cartas ind\u00edgenas brasileiras<\/td><td data-label=\"\"   class=\"elementor-repeater-item-d5bb9dc td-content-type-default\" >Caio Sacramento de Britto Almeida (UFBA, Brazil), Renata Vieira (Universidade de \u00c9vora, Portugal), D\u00e9bora Abdalla (UFBA, Brazil)<\/td><\/tr><tr><td data-label=\"29\/09, 10:30 - 12:00\"   class=\"elementor-repeater-item-ad3ce97 td-content-type-default\" ><\/td><td data-label=\"STIL Short Papers &amp; TILIC\"   class=\"elementor-repeater-item-456f487 td-content-type-default\" >Classifica\u00e7\u00e3o de Not\u00edcias Falsas na L\u00edngua Portuguesa Utilizando Modelos Baseados na Arquitetura Transformer<\/td><td data-label=\"\"   class=\"elementor-repeater-item-46160b5 td-content-type-default\" >Lucas Pellegrini (UFU, Brazil), Fernanda Maria da Cunha Santos (UFU, Brazil), Felipe Harrison (UFU, Brazil).<\/td><\/tr><tr><td data-label=\"29\/09, 10:30 - 12:00\"   class=\"elementor-repeater-item-8e1a207 td-content-type-default\" ><\/td><td data-label=\"STIL Short Papers &amp; TILIC\"   class=\"elementor-repeater-item-676430d td-content-type-default\" >DEBISS: A Corpus of Individual, Semi-Structured and Spoken Debates<\/td><td data-label=\"\"   class=\"elementor-repeater-item-efca940 td-content-type-default\" >Klaywert de Souza (UFCG, Brazil), David Pereira (UFCG, Brazil), Larissa Lucena Vasconcelos (IFPB, Brazil), Cl\u00e1udio Elizio Calazans Campelo (UFCG, Brazil)<\/td><\/tr><tr><td data-label=\"29\/09, 10:30 - 12:00\"   class=\"elementor-repeater-item-d271d8b td-content-type-default\" ><\/td><td data-label=\"STIL Short Papers &amp; TILIC\"   class=\"elementor-repeater-item-a486f53 td-content-type-default\" >Estrat\u00e9gias de modeliza\u00e7\u00e3o de dicion\u00e1rios latim-portugu\u00eas como Linked Open Data<\/td><td data-label=\"\"   class=\"elementor-repeater-item-565ca24 td-content-type-default\" >Lucas Dezotti(Universidade Federal da Para\u00edba UFPB, Brazil)<\/td><\/tr><tr><td data-label=\"29\/09, 10:30 - 12:00\"   class=\"elementor-repeater-item-b49f57a td-content-type-default\" ><\/td><td data-label=\"STIL Short Papers &amp; TILIC\"   class=\"elementor-repeater-item-ccf44a3 td-content-type-default\" >Frame-Based Semantic Represenation and Similarity Analysis in Audio Description Scripts<\/td><td data-label=\"\"   class=\"elementor-repeater-item-affa665 td-content-type-default\" >Maucha Andrade Gamonal(UFERSA, Brazil), Adriana Pagano (UFMG, Brazil), Tiago Timponi Torrent(UFJF, Brazil), Ely Edison Matos (UFJF, Brazil).<\/td><\/tr><tr><td data-label=\"29\/09, 10:30 - 12:00\"   class=\"elementor-repeater-item-5d48ab5 td-content-type-default\" ><\/td><td data-label=\"STIL Short Papers &amp; TILIC\"   class=\"elementor-repeater-item-7bec88e td-content-type-default\" >Modelo de classifica\u00e7\u00e3o Autom\u00e1tica de Frases faladas com abordagem em  Redes Neurais Convulacionais.<\/td><td data-label=\"\"   class=\"elementor-repeater-item-0c649c5 td-content-type-default\" >Cid Ivan Costa Carvalho (UFERSA, Brazil), Francisca Ticiany Barbosa Lopes de Oliveira (UERN, Brazil), Vit\u00f3ria Maria Albuquerque Silva (UFERSA, Brazil)<\/td><\/tr><tr><td data-label=\"29\/09, 10:30 - 12:00\"   class=\"elementor-repeater-item-060608e td-content-type-default\" ><\/td><td data-label=\"STIL Short Papers &amp; TILIC\"   class=\"elementor-repeater-item-1619fa3 td-content-type-default\" >The Z\u00e9 Lensky Dataset: A brazilian Portuguese Twitter corpus for Russo-Ukraine War stance and sentiment analysis<\/td><td data-label=\"\"   class=\"elementor-repeater-item-fe09bdd td-content-type-default\" >Andreis Purim (UNICAMP, Brazil), Karlis Kuskevics (N\/A, United States of America)<\/td><\/tr><tr><td data-label=\"29\/09, 10:30 - 12:00\"   class=\"elementor-repeater-item-b0489f0 td-content-type-default\" ><\/td><td data-label=\"STIL Short Papers &amp; TILIC\"   class=\"elementor-repeater-item-ce1af75 td-content-type-default\" >Towards Prompt Engineering and Large Panguage Models for Post-OCR correction in handwritten  texts<\/td><td data-label=\"\"   class=\"elementor-repeater-item-e785dd3 td-content-type-default\" >S\u00e1vio Santos (Universidade de Pernambuco, Brazil), Byron Leite Dantas Bezerra (Universidade de Pernambuco, Brazil), Arthur Neto (Universidade de Pernambuco, Brazil)<\/td><\/tr><tr><td data-label=\"29\/09, 10:30 - 12:00\"   class=\"elementor-repeater-item-9f47e52 td-content-type-default\" ><\/td><td data-label=\"STIL Short Papers &amp; TILIC\"   class=\"elementor-repeater-item-861f1ac td-content-type-default\" >Use of Embodied Conversational Agents to Engage Visitors in Art Exhibits<\/td><td data-label=\"\"   class=\"elementor-repeater-item-a2c8362 td-content-type-default\" >Jos\u00e9 Fernando Rodrigues Ferreira Neto (University of Fortaleza, Brazil), Yuri Nekan Soares Fontes (Noex, Brazil), Daniel Ribeiro, Daniel Colares, Vl\u00e1dia Pinheiro (Unifor, Brazil)<\/td><\/tr><tr><td data-label=\"29\/09, 10:30 - 12:00\"   class=\"elementor-repeater-item-58ac32f td-content-type-default\" ><\/td><td data-label=\"STIL Short Papers &amp; TILIC\"   class=\"elementor-repeater-item-9821b0c td-content-type-default\" >Extra\u00e7\u00e3o de Eventos em Notas Cl\u0131\u0301nicas<\/td><td data-label=\"\"   class=\"elementor-repeater-item-c122460 td-content-type-default\" >Jo\u00e3o Augusto F. Balducci (PUC Campinas, Brazil) , Saullo H. G. de Oliveira (PUC Campinas, Brazil)<\/td><\/tr><tr><td data-label=\"29\/09, 10:30 - 12:00\"   class=\"elementor-repeater-item-7b3be24 td-content-type-default\" ><\/td><td data-label=\"STIL Short Papers &amp; TILIC\"   class=\"elementor-repeater-item-a1904c3 td-content-type-default\" >Avaliando Ferramentas de IA Generativa no Conjunto de Perguntas e Respostas da Receita Federal<\/td><td data-label=\"\"   class=\"elementor-repeater-item-ea7fc46 td-content-type-default\" >Erick de Brito (UFCA, Brazil), Matheus Teotonio (UFCA, Brazil), Roberto Lotufo (UNICAMP, Brazil), Jayr Pereira (UFCA, Brazil)<\/td><\/tr><tr><td data-label=\"29\/09, 10:30 - 12:00\"   class=\"elementor-repeater-item-c09deea td-content-type-default\" ><\/td><td data-label=\"STIL Short Papers &amp; TILIC\"   class=\"elementor-repeater-item-b8e741e td-content-type-default\" >Analisando o Fine-Tuning para Transfer\u00eancia de Conhecimento entre L\u0131\u0301nguas: um estudo para a L\u0131\u0301ngua Portuguesa<\/td><td data-label=\"\"   class=\"elementor-repeater-item-0d8a96b td-content-type-default\" >Yuri Hughes (UFBA, Brazil) , Marlo Souza (UFBA. Brazil)<\/td><\/tr><tr><td data-label=\"29\/09, 10:30 - 12:00\"   class=\"elementor-repeater-item-8970327 td-content-type-default\" ><\/td><td data-label=\"STIL Short Papers &amp; TILIC\"   class=\"elementor-repeater-item-2ec4435 td-content-type-default\" >Sumariza\u00e7\u00e3o de opini\u00e3o multidocumento para o portugu\u00eas: comparando um m\u00e9todo baseado em grafo com um LLM<\/td><td data-label=\"\"   class=\"elementor-repeater-item-7cb84fb td-content-type-default\" >Gustavo Sampaio Lima (USP, Brazil), Davi Fagundes Ferreira da Silva (USP, Brazil), Thiago Alexandre Salgueiro Pardo (USP\/ICMC, Brazil)<\/td><\/tr><tr><td data-label=\"29\/09, 10:30 - 12:00\"   class=\"elementor-repeater-item-60c4946 td-content-type-default\" ><\/td><td data-label=\"STIL Short Papers &amp; TILIC\"   class=\"elementor-repeater-item-701566d td-content-type-default\" >Da cria\u00e7\u00e3o de um Corpus ao treinamento de um grande modelo de linguagem: O que pode dar errado em uma IC?<\/td><td data-label=\"\"   class=\"elementor-repeater-item-775266c td-content-type-default\" >Lucas B. Bulc\u00e3o Mota (UFBA, Brazil), Aline Athaydes (UFBA, Brazil), Babacar Mane (UFBA, Brazil), Daniela Barreiro Claro (UFBA, Brazil), Marlo Souza, Fernando Humberto (UFBA, Brazil)<\/td><\/tr><tr><td data-label=\"29\/09, 10:30 - 12:00\"   class=\"elementor-repeater-item-1a8b8a3 td-content-type-default\" ><\/td><td data-label=\"STIL Short Papers &amp; TILIC\"   class=\"elementor-repeater-item-d112f97 td-content-type-default\" >Compila\u00e7\u00e3o, moderniza\u00e7\u00e3o e anota\u00e7\u00e3o morfossint\u00e1tica de um corpus hist\u00f3rico do nheengatu segundo o modelo das Depend\u00eancias Universais<\/td><td data-label=\"\"   class=\"elementor-repeater-item-23d90dd td-content-type-default\" >Ant\u00f4nio Levy Melo Nogueira (UFC, Brazil) , Let\u00edcia Farias Nunes (UFC, Brazil), Dominick Maia Alexandre (UFC, Brazil), Leonel Figueiredo de Alencar (UFC, Brazil)<\/td><\/tr><tr><td data-label=\"29\/09, 10:30 - 12:00\"   class=\"elementor-repeater-item-4f89657 td-content-type-default\" ><\/td><td data-label=\"STIL Short Papers &amp; TILIC\"   class=\"elementor-repeater-item-2575d97 td-content-type-default\" >Anota\u00e7\u00e3o Enhanced Rhetorical Structure Theory em textos de User-Generated Content<\/td><td data-label=\"\"   class=\"elementor-repeater-item-95d914e td-content-type-default\" >Mateus Ara\u00fajo Pereira (UFBA, Brazil), Jackson Wilke da Cruz Souza (UFBA, Brazil)<\/td><\/tr><tr><td data-label=\"29\/09, 10:30 - 12:00\"   class=\"elementor-repeater-item-7643af8 td-content-type-default\" ><\/td><td data-label=\"STIL Short Papers &amp; TILIC\"   class=\"elementor-repeater-item-3cd13bb td-content-type-default\" >Desafios dos Grafos de Conhecimento: uma proposta de avalia\u00e7\u00e3o de sistemas OpenIE<\/td><td data-label=\"\"   class=\"elementor-repeater-item-5829c02 td-content-type-default\" >Samuel Rios da Silva (UFBA, Brazil), Aline Athaydes (UFBA, Brazil), Babacar Mane (UFBA, Brazil), Daniela Barreiro Claro (UFBA, Brazil), Marlo Souza (UFBA, Brazil), Fernando H. de A. Moraes Neto (UFBA, Brazil), Larrissa Dantas (UFBA, Brazil), Rerisson Cavalcante (UFBA, Brazil)<\/td><\/tr><tr><td data-label=\"29\/09, 10:30 - 12:00\"   class=\"elementor-repeater-item-865fcdc td-content-type-default\" ><\/td><td data-label=\"STIL Short Papers &amp; TILIC\"   class=\"elementor-repeater-item-9ee8108 td-content-type-default\" >LLMs no Combate \u00e0 Desinforma\u00e7\u00e3o: A Influ\u00eancia do Tamanho do Modelo na Detec\u00e7\u00e3o de Fake News no Brasil<\/td><td data-label=\"\"   class=\"elementor-repeater-item-af0b2b6 td-content-type-default\" >Pedro T. Schettini (UEL, Brazil), Guilherme Possari (UEL, Brazil), Bruno S. Fai\u00e7al (UEL, Brazil), Rodolfo M. Barros (UEL, Brazil)<\/td><\/tr><tr><td data-label=\"29\/09, 10:30 - 12:00\"   class=\"elementor-repeater-item-9d47523 td-content-type-default\" ><\/td><td data-label=\"STIL Short Papers &amp; TILIC\"   class=\"elementor-repeater-item-89aa037 td-content-type-default\" >RST Visualizer: Uma ferramenta para a an\u00e1lise comparativa de anota\u00e7\u00f5es da Teoria da Estrutura Ret\u00f3rica <\/td><td data-label=\"\"   class=\"elementor-repeater-item-0d58fa5 td-content-type-default\" >Carlos Vitor Cardoso da Silva (UFPA, Brazil), Jackson da Cruz Souza (UFBA, Brazil), Paula Figueira Cardoso (UFPA, Brazil)<\/td><\/tr><tr><td data-label=\"29\/09, 10:30 - 12:00\"   class=\"elementor-repeater-item-1ff8c47 td-content-type-default\" ><\/td><td data-label=\"STIL Short Papers &amp; TILIC\"   class=\"elementor-repeater-item-3876b15 td-content-type-default\" >SisTIRA: Plataforma Web de Tutoria Inteligente para Avalia\u00e7\u00e3o Autom\u00e1tica de Respostas Discursivas<\/td><td data-label=\"\"   class=\"elementor-repeater-item-dc7322f td-content-type-default\" >Avelar Rodrigues de Sousa (IFPI, Brazil) , Rafael Torres Anchi\u00eata (IFMA,Brazil)<\/td>\t\t\t\t<\/tr>\n\t\t\t<\/tbody>\n\t\t<\/table>\n\t\t\n\t\t\t\t\t\t<\/div>\n\t\t\t\t<\/div>\n\t\t\t\t\t<\/div>\n\t\t\t\t<\/div>\n\t\t\t\t<\/div>\n\t\t","protected":false},"excerpt":{"rendered":"<p>STIL Sess\u00f5es T\u00e9cnicas &#8211; Artigos Curtos &amp; TILIC 29\/09, 10:30 &#8211; 12:00 STIL Short Papers &amp; TILIC T\u00edtulo Autores Anota\u00e7\u00e3o de Narrativas Cl\u00ednica aos moldes das Depend\u00eancias Universais Carlos Ant\u00f4nio de Souza Perrini (UFMG, Brazil), Cristiano da Silveira Colombo (IFES, Brazil), Claudia Benevenuto (IFES, Brazil), Adriana Pagano (UFMG, Brazil) An\u00e1lise do t\u00f3pico de sentimentos em [&hellip;]<\/p>\n","protected":false},"author":2,"featured_media":0,"parent":0,"menu_order":0,"comment_status":"closed","ping_status":"closed","template":"","meta":{"footnotes":""},"class_list":["post-3804","page","type-page","status-publish","hentry"],"_links":{"self":[{"href":"https:\/\/bracis.sbc.org.br\/2025\/wp-json\/wp\/v2\/pages\/3804","targetHints":{"allow":["GET"]}}],"collection":[{"href":"https:\/\/bracis.sbc.org.br\/2025\/wp-json\/wp\/v2\/pages"}],"about":[{"href":"https:\/\/bracis.sbc.org.br\/2025\/wp-json\/wp\/v2\/types\/page"}],"author":[{"embeddable":true,"href":"https:\/\/bracis.sbc.org.br\/2025\/wp-json\/wp\/v2\/users\/2"}],"replies":[{"embeddable":true,"href":"https:\/\/bracis.sbc.org.br\/2025\/wp-json\/wp\/v2\/comments?post=3804"}],"version-history":[{"count":6,"href":"https:\/\/bracis.sbc.org.br\/2025\/wp-json\/wp\/v2\/pages\/3804\/revisions"}],"predecessor-version":[{"id":3823,"href":"https:\/\/bracis.sbc.org.br\/2025\/wp-json\/wp\/v2\/pages\/3804\/revisions\/3823"}],"wp:attachment":[{"href":"https:\/\/bracis.sbc.org.br\/2025\/wp-json\/wp\/v2\/media?parent=3804"}],"curies":[{"name":"wp","href":"https:\/\/api.w.org\/{rel}","templated":true}]}}