{"id":4820,"date":"2025-09-24T12:41:48","date_gmt":"2025-09-24T15:41:48","guid":{"rendered":"https:\/\/bracis.sbc.org.br\/2025\/?page_id=4820"},"modified":"2025-09-27T14:31:39","modified_gmt":"2025-09-27T17:31:39","slug":"noticias-bracis","status":"publish","type":"page","link":"https:\/\/bracis.sbc.org.br\/2025\/pt\/noticias-bracis\/","title":{"rendered":"Not\u00edcias &#8211; BRACIS"},"content":{"rendered":"\t\t<div data-elementor-type=\"wp-page\" data-elementor-id=\"4820\" class=\"elementor elementor-4820\">\n\t\t\t\t<div class=\"elementor-element elementor-element-529d83b1 max-width-1170px e-flex e-con-boxed e-con e-parent\" data-id=\"529d83b1\" data-element_type=\"container\" data-e-type=\"container\">\n\t\t\t\t\t<div class=\"e-con-inner\">\n\t\t<div class=\"elementor-element elementor-element-2e1801b5 e-con-full e-flex e-con e-child\" data-id=\"2e1801b5\" data-element_type=\"container\" data-e-type=\"container\">\n\t\t<div class=\"elementor-element elementor-element-3c1d8a50 e-con-full e-flex e-con e-child\" data-id=\"3c1d8a50\" data-element_type=\"container\" data-e-type=\"container\">\n\t\t\t\t<div class=\"elementor-element elementor-element-79f8a37f elementor-widget elementor-widget-heading\" data-id=\"79f8a37f\" data-element_type=\"widget\" data-e-type=\"widget\" data-widget_type=\"heading.default\">\n\t\t\t\t<div class=\"elementor-widget-container\">\n\t\t\t\t\t<h2 class=\"elementor-heading-title elementor-size-default\">Noticias<\/h2>\t\t\t\t<\/div>\n\t\t\t\t<\/div>\n\t\t\t\t<div class=\"elementor-element elementor-element-227fbc20 sublinhado elementor-widget-mobile__width-initial elementor-widget__width-initial elementor-widget elementor-widget-image\" data-id=\"227fbc20\" data-element_type=\"widget\" data-e-type=\"widget\" data-widget_type=\"image.default\">\n\t\t\t\t<div class=\"elementor-widget-container\">\n\t\t\t\t\t\t\t\t\t\t\t\t\t\t\t<img decoding=\"async\" width=\"263\" height=\"18\" src=\"https:\/\/bracis.sbc.org.br\/2025\/wp-content\/uploads\/2025\/07\/Frame-4.png\" class=\"attachment-medium size-medium wp-image-2104\" alt=\"\" \/>\t\t\t\t\t\t\t\t\t\t\t\t\t\t\t<\/div>\n\t\t\t\t<\/div>\n\t\t<div class=\"elementor-element elementor-element-1901eb2c e-con-full e-flex e-con e-child\" data-id=\"1901eb2c\" data-element_type=\"container\" data-e-type=\"container\">\n\t\t<div class=\"elementor-element elementor-element-32a1dbea e-con-full e-flex e-con e-child\" data-id=\"32a1dbea\" data-element_type=\"container\" data-e-type=\"container\">\n\t\t<div class=\"elementor-element elementor-element-80d43d e-con-full e-flex e-con e-child\" data-id=\"80d43d\" data-element_type=\"container\" data-e-type=\"container\">\n\t\t\t\t<div class=\"elementor-element elementor-element-5b45d62f elementor-widget elementor-widget-image\" data-id=\"5b45d62f\" data-element_type=\"widget\" data-e-type=\"widget\" data-widget_type=\"image.default\">\n\t\t\t\t<div class=\"elementor-widget-container\">\n\t\t\t\t\t\t\t\t\t\t\t\t\t\t\t<img fetchpriority=\"high\" decoding=\"async\" width=\"819\" height=\"1024\" src=\"https:\/\/bracis.sbc.org.br\/2025\/wp-content\/uploads\/2025\/09\/Translado-1-819x1024.png\" class=\"attachment-large size-large wp-image-4822\" alt=\"\" srcset=\"https:\/\/bracis.sbc.org.br\/2025\/wp-content\/uploads\/2025\/09\/Translado-1-819x1024.png 819w, https:\/\/bracis.sbc.org.br\/2025\/wp-content\/uploads\/2025\/09\/Translado-1-240x300.png 240w, https:\/\/bracis.sbc.org.br\/2025\/wp-content\/uploads\/2025\/09\/Translado-1-768x960.png 768w, https:\/\/bracis.sbc.org.br\/2025\/wp-content\/uploads\/2025\/09\/Translado-1.png 1080w\" sizes=\"(max-width: 819px) 100vw, 819px\" \/>\t\t\t\t\t\t\t\t\t\t\t\t\t\t\t<\/div>\n\t\t\t\t<\/div>\n\t\t\t\t<\/div>\n\t\t\t\t<\/div>\n\t\t<div class=\"elementor-element elementor-element-fd9b94f e-con-full e-flex e-con e-child\" data-id=\"fd9b94f\" data-element_type=\"container\" data-e-type=\"container\">\n\t\t<div class=\"elementor-element elementor-element-36371fd3 e-con-full e-flex e-con e-child\" data-id=\"36371fd3\" data-element_type=\"container\" data-e-type=\"container\">\n\t\t<div class=\"elementor-element elementor-element-6fd216a5 e-con-full e-flex e-con e-child\" data-id=\"6fd216a5\" data-element_type=\"container\" data-e-type=\"container\">\n\t\t\t\t<div class=\"elementor-element elementor-element-1f697f49 elementor-widget-mobile__width-inherit elementor-widget elementor-widget-heading\" data-id=\"1f697f49\" data-element_type=\"widget\" data-e-type=\"widget\" data-widget_type=\"heading.default\">\n\t\t\t\t<div class=\"elementor-widget-container\">\n\t\t\t\t\t<h2 class=\"elementor-heading-title elementor-size-default\">Traslado Beira-Mar \u21c6 Praia do Futuro<\/h2>\t\t\t\t<\/div>\n\t\t\t\t<\/div>\n\t\t\t\t<div class=\"elementor-element elementor-element-84cbb51 elementor-widget elementor-widget-text-editor\" data-id=\"84cbb51\" data-element_type=\"widget\" data-e-type=\"widget\" data-widget_type=\"text-editor.default\">\n\t\t\t\t<div class=\"elementor-widget-container\">\n\t\t\t\t\t\t\t\t\t<p>23 de Setembro de 2025<\/p>\t\t\t\t\t\t\t\t<\/div>\n\t\t\t\t<\/div>\n\t\t\t\t<\/div>\n\t\t\t\t<\/div>\n\t\t\t\t<div class=\"elementor-element elementor-element-7db4415b elementor-widget__width-initial elementor-widget elementor-widget-text-editor\" data-id=\"7db4415b\" data-element_type=\"widget\" data-e-type=\"widget\" data-widget_type=\"text-editor.default\">\n\t\t\t\t<div class=\"elementor-widget-container\">\n\t\t\t\t\t\t\t\t\t<p>O \u00f4nibus far\u00e1 o trajeto entre o Hotel Luzeiros (Av. Beira-Mar) e o Hotel Gran Mareiro (Praia do Futuro) nos seguintes hor\u00e1rios:<\/p><p>\ud83d\udccd Sa\u00edda \u2013 Hotel Luzeiros<br \/>\u23f0 07h30 | 08h30<\/p><p>\ud83d\udccd Retorno \u2013 Hotel Gran Mareiro<br \/>\u23f0 19h00 | 19h45<\/p>\t\t\t\t\t\t\t\t<\/div>\n\t\t\t\t<\/div>\n\t\t\t\t<\/div>\n\t\t\t\t<\/div>\n\t\t\t\t<\/div>\n\t\t\t\t<\/div>\n\t\t<div class=\"elementor-element elementor-element-1849edf5 e-con-full e-flex e-con e-child\" data-id=\"1849edf5\" data-element_type=\"container\" data-e-type=\"container\">\n\t\t<div class=\"elementor-element elementor-element-66a71841 e-con-full e-flex e-con e-child\" data-id=\"66a71841\" data-element_type=\"container\" data-e-type=\"container\">\n\t\t\t\t<div class=\"elementor-element elementor-element-631098c2 elementor-widget elementor-widget-html\" data-id=\"631098c2\" data-element_type=\"widget\" data-e-type=\"widget\" data-widget_type=\"html.default\">\n\t\t\t\t<div class=\"elementor-widget-container\">\n\t\t\t\t\t<svg width=\"1718\" height=\"18\" viewBox=\"0 0 1718 18\" fill=\"none\" xmlns=\"http:\/\/www.w3.org\/2000\/svg\">\n<rect opacity=\"0.7\" y=\"7\" width=\"286\" height=\"4\" fill=\"#F35C2C\"\/>\n<rect opacity=\"0.7\" x=\"286\" y=\"7\" width=\"286\" height=\"4\" fill=\"#F9F9D0\"\/>\n<rect opacity=\"0.7\" x=\"572\" y=\"7\" width=\"286\" height=\"4\" fill=\"#0540BD\"\/>\n<rect opacity=\"0.7\" x=\"858\" y=\"7\" width=\"287\" height=\"4\" fill=\"#FAA80C\"\/>\n<rect opacity=\"0.7\" x=\"1145\" y=\"7\" width=\"287\" height=\"4\" fill=\"#0DB46D\"\/>\n<rect opacity=\"0.7\" x=\"1432\" y=\"7\" width=\"286\" height=\"4\" fill=\"#891C6E\"\/>\n<\/svg>\n\t\t\t\t<\/div>\n\t\t\t\t<\/div>\n\t\t\t\t<\/div>\n\t\t\t\t<\/div>\n\t\t<div class=\"elementor-element elementor-element-180cac77 e-con-full e-flex e-con e-child\" data-id=\"180cac77\" data-element_type=\"container\" data-e-type=\"container\">\n\t\t<div class=\"elementor-element elementor-element-db96776 e-con-full e-flex e-con e-child\" data-id=\"db96776\" data-element_type=\"container\" data-e-type=\"container\">\n\t\t<div class=\"elementor-element elementor-element-697e384 e-con-full e-flex e-con e-child\" data-id=\"697e384\" data-element_type=\"container\" data-e-type=\"container\">\n\t\t\t\t<div class=\"elementor-element elementor-element-53ba866 elementor-widget elementor-widget-image\" data-id=\"53ba866\" data-element_type=\"widget\" data-e-type=\"widget\" data-widget_type=\"image.default\">\n\t\t\t\t<div class=\"elementor-widget-container\">\n\t\t\t\t\t\t\t\t\t\t\t\t\t\t\t<img decoding=\"async\" width=\"895\" height=\"880\" src=\"https:\/\/bracis.sbc.org.br\/2025\/wp-content\/uploads\/2025\/09\/bbc3e404c863859fb17c0a62de349f92d87a43d8.png\" class=\"attachment-large size-large wp-image-4826\" alt=\"\" srcset=\"https:\/\/bracis.sbc.org.br\/2025\/wp-content\/uploads\/2025\/09\/bbc3e404c863859fb17c0a62de349f92d87a43d8.png 895w, https:\/\/bracis.sbc.org.br\/2025\/wp-content\/uploads\/2025\/09\/bbc3e404c863859fb17c0a62de349f92d87a43d8-300x295.png 300w, https:\/\/bracis.sbc.org.br\/2025\/wp-content\/uploads\/2025\/09\/bbc3e404c863859fb17c0a62de349f92d87a43d8-768x755.png 768w\" sizes=\"(max-width: 895px) 100vw, 895px\" \/>\t\t\t\t\t\t\t\t\t\t\t\t\t\t\t<\/div>\n\t\t\t\t<\/div>\n\t\t\t\t<\/div>\n\t\t\t\t<\/div>\n\t\t<div class=\"elementor-element elementor-element-343d162c e-con-full e-flex e-con e-child\" data-id=\"343d162c\" data-element_type=\"container\" data-e-type=\"container\">\n\t\t<div class=\"elementor-element elementor-element-39e26096 e-con-full e-flex e-con e-child\" data-id=\"39e26096\" data-element_type=\"container\" data-e-type=\"container\">\n\t\t<div class=\"elementor-element elementor-element-27c4e03f e-con-full e-flex e-con e-child\" data-id=\"27c4e03f\" data-element_type=\"container\" data-e-type=\"container\">\n\t\t\t\t<div class=\"elementor-element elementor-element-12c4f1f2 elementor-widget-mobile__width-inherit elementor-widget elementor-widget-heading\" data-id=\"12c4f1f2\" data-element_type=\"widget\" data-e-type=\"widget\" data-widget_type=\"heading.default\">\n\t\t\t\t<div class=\"elementor-widget-container\">\n\t\t\t\t\t<h2 class=\"elementor-heading-title elementor-size-default\">Cupom de Desconto em Hospedagem!\u200b<\/h2>\t\t\t\t<\/div>\n\t\t\t\t<\/div>\n\t\t\t\t<div class=\"elementor-element elementor-element-4d0b087d elementor-widget elementor-widget-text-editor\" data-id=\"4d0b087d\" data-element_type=\"widget\" data-e-type=\"widget\" data-widget_type=\"text-editor.default\">\n\t\t\t\t<div class=\"elementor-widget-container\">\n\t\t\t\t\t\t\t\t\t<p>14 de Agosto de 2025<\/p>\t\t\t\t\t\t\t\t<\/div>\n\t\t\t\t<\/div>\n\t\t\t\t<\/div>\n\t\t\t\t<\/div>\n\t\t\t\t<div class=\"elementor-element elementor-element-a387d4b elementor-widget__width-initial elementor-widget elementor-widget-text-editor\" data-id=\"a387d4b\" data-element_type=\"widget\" data-e-type=\"widget\" data-widget_type=\"text-editor.default\">\n\t\t\t\t<div class=\"elementor-widget-container\">\n\t\t\t\t\t\t\t\t\t<p>Participantes do BRACIS &amp; SBBD 2025 t\u00eam cupons de desconto para hospedagem nos hot\u00e9is parceiros:<\/p><p>\ud83c\udfe8 Hotel Gran Mareiro \u2013 18% OFF \u2013 onde ocorrer\u00e1 o evento (Praia do Futuro).<br \/><a class=\"x1i10hfl xjbqb8w x1ejq31n x18oe1m7 x1sy0etr xstzfhl x972fbf x10w94by x1qhh985 x14e42zd x9f619 x1ypdohk xt0psk2 x3ct3a4 xdj266r x14z9mp xat24cr x1lziwak xexx8yu xyri2b x18d9i69 x1c1uobl x16tdsg8 x1hl2dhg xggy1nq x1a2a7pz notranslate _a6hd\" tabindex=\"0\" role=\"link\" href=\"https:\/\/www.instagram.com\/granmareiro\/\">@granmareiro<\/a><\/p><p>\ud83c\udfe8 Hotel Crocobeach \u2013 15% OFF \u2013 localizado a 500 metros do hotel da confer\u00eancia (Praia do Futuro).<br \/><a class=\"x1i10hfl xjbqb8w x1ejq31n x18oe1m7 x1sy0etr xstzfhl x972fbf x10w94by x1qhh985 x14e42zd x9f619 x1ypdohk xt0psk2 x3ct3a4 xdj266r x14z9mp xat24cr x1lziwak xexx8yu xyri2b x18d9i69 x1c1uobl x16tdsg8 x1hl2dhg xggy1nq x1a2a7pz notranslate _a6hd\" tabindex=\"0\" role=\"link\" href=\"https:\/\/www.instagram.com\/crocobeach\/\">@crocobeach<\/a><\/p><p>\ud83c\udfe8 Hotel Bourbon Fortaleza \u2013 15% OFF \u2013 localizado a cerca de 2 km do hotel da confer\u00eancia (Beira Mar).<br \/><a class=\"x1i10hfl xjbqb8w x1ejq31n x18oe1m7 x1sy0etr xstzfhl x972fbf x10w94by x1qhh985 x14e42zd x9f619 x1ypdohk xt0psk2 x3ct3a4 xdj266r x14z9mp xat24cr x1lziwak xexx8yu xyri2b x18d9i69 x1c1uobl x16tdsg8 x1hl2dhg xggy1nq x1a2a7pz notranslate _a6hd\" tabindex=\"0\" role=\"link\" href=\"https:\/\/www.instagram.com\/bourbonhospitalidade\/\">@bourbonhospitalidade<\/a><\/p><p>\ud83d\udccc Importante: as reservas devem ser feitas diretamente nos sites oficiais para garantir o desconto.<\/p><p>\ud83d\udd17 Sites oficiais dos hot\u00e9is:<\/p><p>\u2022 <a href=\"http:\/\/www.granmareiro.com.br\">Hotel Gran Mareiro<\/a><br \/>\u2022 <a href=\"https:\/\/book.omnibees.com\/hotel\/4138?lang=pt-BR&amp;currencyId=16\">Hotel Crocobeach<\/a><br \/>\u2022 <a href=\"https:\/\/www.bourbon.com.br\/hotel\/bourbon-fortaleza-hotel\/\">Hotel Bourbon Fortaleza<\/a><\/p>\t\t\t\t\t\t\t\t<\/div>\n\t\t\t\t<\/div>\n\t\t\t\t<\/div>\n\t\t\t\t<\/div>\n\t\t\t\t\t<\/div>\n\t\t\t\t<\/div>\n\t\t<div class=\"elementor-element elementor-element-54dab6a1 e-flex e-con-boxed e-con e-parent\" data-id=\"54dab6a1\" data-element_type=\"container\" data-e-type=\"container\" data-settings=\"{&quot;shape_divider_bottom&quot;:&quot;waves&quot;}\">\n\t\t\t\t\t<div class=\"e-con-inner\">\n\t\t\t\t<div class=\"elementor-shape elementor-shape-bottom\" aria-hidden=\"true\" data-negative=\"false\">\n\t\t\t<svg xmlns=\"http:\/\/www.w3.org\/2000\/svg\" viewBox=\"0 0 1000 100\" preserveAspectRatio=\"none\">\n\t<path class=\"elementor-shape-fill\" d=\"M421.9,6.5c22.6-2.5,51.5,0.4,75.5,5.3c23.6,4.9,70.9,23.5,100.5,35.7c75.8,32.2,133.7,44.5,192.6,49.7\n\tc23.6,2.1,48.7,3.5,103.4-2.5c54.7-6,106.2-25.6,106.2-25.6V0H0v30.3c0,0,72,32.6,158.4,30.5c39.2-0.7,92.8-6.7,134-22.4\n\tc21.2-8.1,52.2-18.2,79.7-24.2C399.3,7.9,411.6,7.5,421.9,6.5z\"\/>\n<\/svg>\t\t<\/div>\n\t\t\t\t\t<\/div>\n\t\t\t\t<\/div>\n\t\t<div class=\"elementor-element elementor-element-77695690 e-flex e-con-boxed e-con e-parent\" data-id=\"77695690\" data-element_type=\"container\" data-e-type=\"container\" data-settings=\"{&quot;background_background&quot;:&quot;classic&quot;}\">\n\t\t\t\t\t<div class=\"e-con-inner\">\n\t\t\t\t\t<\/div>\n\t\t\t\t<\/div>\n\t\t<div class=\"elementor-element elementor-element-4361b802 e-flex e-con-boxed e-con e-parent\" data-id=\"4361b802\" data-element_type=\"container\" data-e-type=\"container\">\n\t\t\t\t\t<div class=\"e-con-inner\">\n\t\t\t\t\t<\/div>\n\t\t\t\t<\/div>\n\t\t\t\t<\/div>\n\t\t","protected":false},"excerpt":{"rendered":"<p>Noticias Traslado Beira-Mar \u21c6 Praia do Futuro 23 de Setembro de 2025 O \u00f4nibus far\u00e1 o trajeto entre o Hotel Luzeiros (Av. Beira-Mar) e o Hotel Gran Mareiro (Praia do Futuro) nos seguintes hor\u00e1rios: \ud83d\udccd Sa\u00edda \u2013 Hotel Luzeiros\u23f0 07h30 | 08h30 \ud83d\udccd Retorno \u2013 Hotel Gran Mareiro\u23f0 19h00 | 19h45 Cupom de Desconto em [&hellip;]<\/p>\n","protected":false},"author":5,"featured_media":0,"parent":0,"menu_order":0,"comment_status":"closed","ping_status":"closed","template":"","meta":{"footnotes":""},"class_list":["post-4820","page","type-page","status-publish","hentry"],"_links":{"self":[{"href":"https:\/\/bracis.sbc.org.br\/2025\/wp-json\/wp\/v2\/pages\/4820","targetHints":{"allow":["GET"]}}],"collection":[{"href":"https:\/\/bracis.sbc.org.br\/2025\/wp-json\/wp\/v2\/pages"}],"about":[{"href":"https:\/\/bracis.sbc.org.br\/2025\/wp-json\/wp\/v2\/types\/page"}],"author":[{"embeddable":true,"href":"https:\/\/bracis.sbc.org.br\/2025\/wp-json\/wp\/v2\/users\/5"}],"replies":[{"embeddable":true,"href":"https:\/\/bracis.sbc.org.br\/2025\/wp-json\/wp\/v2\/comments?post=4820"}],"version-history":[{"count":7,"href":"https:\/\/bracis.sbc.org.br\/2025\/wp-json\/wp\/v2\/pages\/4820\/revisions"}],"predecessor-version":[{"id":4881,"href":"https:\/\/bracis.sbc.org.br\/2025\/wp-json\/wp\/v2\/pages\/4820\/revisions\/4881"}],"wp:attachment":[{"href":"https:\/\/bracis.sbc.org.br\/2025\/wp-json\/wp\/v2\/media?parent=4820"}],"curies":[{"name":"wp","href":"https:\/\/api.w.org\/{rel}","templated":true}]}}